{"id":823,"date":"2024-06-21T14:58:59","date_gmt":"2024-06-21T12:58:59","guid":{"rendered":"https:\/\/maltex-global.com\/hr\/?page_id=823"},"modified":"2025-09-20T12:21:51","modified_gmt":"2025-09-20T10:21:51","slug":"brendovi","status":"publish","type":"page","link":"https:\/\/maltex-global.com\/hr\/brendovi\/","title":{"rendered":"Na\u0161i brendovi"},"content":{"rendered":"\t\t<div data-elementor-type=\"wp-page\" data-elementor-id=\"823\" class=\"elementor elementor-823\" data-elementor-post-type=\"page\">\n\t\t\t\t<div class=\"elementor-element elementor-element-73c6c68b e-flex e-con-boxed e-con e-parent\" data-id=\"73c6c68b\" data-element_type=\"container\" data-settings=\"{&quot;background_background&quot;:&quot;classic&quot;,&quot;jet_parallax_layout_list&quot;:[]}\">\n\t\t\t\t\t<div class=\"e-con-inner\">\n\t\t\t\t\t<\/div>\n\t\t\t\t<\/div>\n\t\t<div class=\"elementor-element elementor-element-424431e1 e-grid e-con-boxed e-con e-parent\" data-id=\"424431e1\" data-element_type=\"container\" data-settings=\"{&quot;jet_parallax_layout_list&quot;:[]}\">\n\t\t\t\t\t<div class=\"e-con-inner\">\n\t\t<div class=\"elementor-element elementor-element-cd21e11 e-flex e-con-boxed e-con e-child\" data-id=\"cd21e11\" data-element_type=\"container\" data-settings=\"{&quot;background_background&quot;:&quot;classic&quot;,&quot;jet_parallax_layout_list&quot;:[]}\">\n\t\t\t\t\t<div class=\"e-con-inner\">\n\t\t\t\t<div class=\"elementor-element elementor-element-7a222d6e elementor-widget elementor-widget-breadcrumbs\" data-id=\"7a222d6e\" data-element_type=\"widget\" data-widget_type=\"breadcrumbs.default\">\n\t\t\t\t<div class=\"elementor-widget-container\">\n\t\t\t\t\t<p id=\"breadcrumbs\"><span><span><a href=\"https:\/\/maltex-global.com\/hr\/\">Po\u010detna<\/a><\/span><\/span><\/p>\t\t\t\t<\/div>\n\t\t\t\t<\/div>\n\t\t\t\t\t<\/div>\n\t\t\t\t<\/div>\n\t\t\t\t\t<\/div>\n\t\t\t\t<\/div>\n\t\t<div class=\"elementor-element elementor-element-17ffb56b e-flex e-con-boxed e-con e-parent\" data-id=\"17ffb56b\" data-element_type=\"container\" data-settings=\"{&quot;background_background&quot;:&quot;classic&quot;,&quot;jet_parallax_layout_list&quot;:[]}\">\n\t\t\t\t\t<div class=\"e-con-inner\">\n\t\t\t\t<div class=\"elementor-element elementor-element-94d7993 elementor-widget elementor-widget-heading\" data-id=\"94d7993\" data-element_type=\"widget\" data-widget_type=\"heading.default\">\n\t\t\t\t<div class=\"elementor-widget-container\">\n\t\t\t\t\t<h2 class=\"elementor-heading-title elementor-size-default\">Na\u0161i <b>brendovi<\/b><\/h2>\t\t\t\t<\/div>\n\t\t\t\t<\/div>\n\t\t\t\t<div class=\"elementor-element elementor-element-1f40f5b elementor-widget elementor-widget-text-editor\" data-id=\"1f40f5b\" data-element_type=\"widget\" data-widget_type=\"text-editor.default\">\n\t\t\t\t<div class=\"elementor-widget-container\">\n\t\t\t\t\t\t\t\t\tIzvrsnost u distribuciji gradimo na kvaliteti i pouzdanosti. Fokusirani smo na pravovremenu isporuku vrhunskih gra\u0111evinskih materijala te rje\u0161enja prilago\u0111ena svakom projektu, uz odgovoran odnos prema okoli\u0161u.\t\t\t\t\t\t\t\t<\/div>\n\t\t\t\t<\/div>\n\t\t\t\t\t<\/div>\n\t\t\t\t<\/div>\n\t\t<div class=\"elementor-element elementor-element-7d3ff05 e-grid e-con-boxed e-con e-parent\" data-id=\"7d3ff05\" data-element_type=\"container\" data-settings=\"{&quot;background_background&quot;:&quot;classic&quot;,&quot;jet_parallax_layout_list&quot;:[]}\">\n\t\t\t\t\t<div class=\"e-con-inner\">\n\t\t<div class=\"elementor-element elementor-element-0c46a83 e-con-full e-flex e-con e-child\" data-id=\"0c46a83\" data-element_type=\"container\" data-settings=\"{&quot;background_background&quot;:&quot;classic&quot;,&quot;jet_parallax_layout_list&quot;:[]}\">\n\t\t\t\t<div class=\"elementor-element elementor-element-3194967 elementor-widget elementor-widget-heading\" data-id=\"3194967\" data-element_type=\"widget\" data-widget_type=\"heading.default\">\n\t\t\t\t<div class=\"elementor-widget-container\">\n\t\t\t\t\t<h2 class=\"elementor-heading-title elementor-size-default\">Mega Trade Production<\/h2>\t\t\t\t<\/div>\n\t\t\t\t<\/div>\n\t\t\t\t<div class=\"elementor-element elementor-element-3ba3e00 elementor-widget elementor-widget-text-editor\" data-id=\"3ba3e00\" data-element_type=\"widget\" data-widget_type=\"text-editor.default\">\n\t\t\t\t<div class=\"elementor-widget-container\">\n\t\t\t\t\t\t\t\t\tPrvi i najve\u0107i makedonski proizvo\u0111a\u010d staklene mre\u017eice za fasadne i izolacijske sustave, izra\u0111ene od visokokvalitetnih materijala.\t\t\t\t\t\t\t\t<\/div>\n\t\t\t\t<\/div>\n\t\t\t\t<\/div>\n\t\t\t\t<div class=\"elementor-element elementor-element-e2c37f7 elementor-widget elementor-widget-image\" data-id=\"e2c37f7\" data-element_type=\"widget\" data-widget_type=\"image.default\">\n\t\t\t\t<div class=\"elementor-widget-container\">\n\t\t\t\t\t\t\t\t\t\t\t\t\t\t\t<img fetchpriority=\"high\" decoding=\"async\" width=\"1024\" height=\"314\" src=\"https:\/\/maltex-global.com\/hr\/wp-content\/uploads\/sites\/5\/2024\/06\/logo.svg\" class=\"attachment-large size-large wp-image-827\" alt=\"\" \/>\t\t\t\t\t\t\t\t\t\t\t\t\t\t\t<\/div>\n\t\t\t\t<\/div>\n\t\t\t\t\t<\/div>\n\t\t\t\t<\/div>\n\t\t<div class=\"elementor-element elementor-element-8fab6d7 e-grid e-con-boxed e-con e-parent\" data-id=\"8fab6d7\" data-element_type=\"container\" data-settings=\"{&quot;background_background&quot;:&quot;classic&quot;,&quot;jet_parallax_layout_list&quot;:[]}\">\n\t\t\t\t\t<div class=\"e-con-inner\">\n\t\t<div class=\"elementor-element elementor-element-6ec9e95 e-con-full e-flex e-con e-child\" data-id=\"6ec9e95\" data-element_type=\"container\" data-settings=\"{&quot;jet_parallax_layout_list&quot;:[]}\">\n\t\t\t\t<div class=\"elementor-element elementor-element-eba0b41 elementor-widget elementor-widget-heading\" data-id=\"eba0b41\" data-element_type=\"widget\" data-widget_type=\"heading.default\">\n\t\t\t\t<div class=\"elementor-widget-container\">\n\t\t\t\t\t<h2 class=\"elementor-heading-title elementor-size-default\">ADING<\/h2>\t\t\t\t<\/div>\n\t\t\t\t<\/div>\n\t\t\t\t<div class=\"elementor-element elementor-element-168a252 elementor-widget elementor-widget-text-editor\" data-id=\"168a252\" data-element_type=\"widget\" data-widget_type=\"text-editor.default\">\n\t\t\t\t<div class=\"elementor-widget-container\">\n\t\t\t\t\t\t\t\t\tProizvo\u0111a\u010d i distributer kemijskih gra\u0111evinskih materijala osnovan 1969. u Skoplju. Maltex Global zadu\u017een je za prodaju ADING proizvoda na tr\u017ei\u0161tima njema\u010dkog govornog podru\u010dja i drugdje.\t\t\t\t\t\t\t\t<\/div>\n\t\t\t\t<\/div>\n\t\t\t\t<\/div>\n\t\t\t\t<div class=\"elementor-element elementor-element-154539d elementor-widget elementor-widget-image\" data-id=\"154539d\" data-element_type=\"widget\" data-widget_type=\"image.default\">\n\t\t\t\t<div class=\"elementor-widget-container\">\n\t\t\t\t\t\t\t\t\t\t\t\t\t\t\t<img decoding=\"async\" width=\"282\" height=\"70\" src=\"https:\/\/maltex-global.com\/hr\/wp-content\/uploads\/sites\/5\/2024\/06\/logo_adding.png\" class=\"attachment-large size-large wp-image-828\" alt=\"\" \/>\t\t\t\t\t\t\t\t\t\t\t\t\t\t\t<\/div>\n\t\t\t\t<\/div>\n\t\t\t\t\t<\/div>\n\t\t\t\t<\/div>\n\t\t<div class=\"elementor-element elementor-element-b298b1a e-grid e-con-boxed e-con e-parent\" data-id=\"b298b1a\" data-element_type=\"container\" data-settings=\"{&quot;background_background&quot;:&quot;classic&quot;,&quot;jet_parallax_layout_list&quot;:[]}\">\n\t\t\t\t\t<div class=\"e-con-inner\">\n\t\t<div class=\"elementor-element elementor-element-b78e967 e-con-full e-flex e-con e-child\" data-id=\"b78e967\" data-element_type=\"container\" data-settings=\"{&quot;jet_parallax_layout_list&quot;:[]}\">\n\t\t\t\t<div class=\"elementor-element elementor-element-6ecb64d elementor-widget elementor-widget-heading\" data-id=\"6ecb64d\" data-element_type=\"widget\" data-widget_type=\"heading.default\">\n\t\t\t\t<div class=\"elementor-widget-container\">\n\t\t\t\t\t<h2 class=\"elementor-heading-title elementor-size-default\"><span style=\"color: #f68634\">UNI METAL<\/span><\/h2>\t\t\t\t<\/div>\n\t\t\t\t<\/div>\n\t\t\t\t<div class=\"elementor-element elementor-element-802a5eb elementor-widget elementor-widget-text-editor\" data-id=\"802a5eb\" data-element_type=\"widget\" data-widget_type=\"text-editor.default\">\n\t\t\t\t<div class=\"elementor-widget-container\">\n\t\t\t\t\t\t\t\t\tNa\u0161a ponuda usluga obuhva\u0107a sve, od izrade pojedina\u010dnih metalnih dijelova do proizvodnje kompletnih sklopova, bilo u malim ili velikim serijama. Kombiniramo na\u0161e proizvodne vje\u0161tine s precizno\u0161\u0107u i u\u010dinkovito\u0161\u0107u najsuvremenije CNC tehnologije. Bilo da se radi o laserskom rezanju, CNC savijanju, zavarivanju (uklju\u010duju\u0107i MIG, MAG i TIG), graviranju ili povr\u0161inskoj obradi, ispunjavamo va\u0161e zahtjeve s precizno\u0161\u0107u i stra\u0161\u0107u.\t\t\t\t\t\t\t\t<\/div>\n\t\t\t\t<\/div>\n\t\t\t\t<\/div>\n\t\t\t\t<div class=\"elementor-element elementor-element-a2944a9 elementor-widget elementor-widget-image\" data-id=\"a2944a9\" data-element_type=\"widget\" data-widget_type=\"image.default\">\n\t\t\t\t<div class=\"elementor-widget-container\">\n\t\t\t\t\t\t\t\t\t\t\t\t\t\t\t<img decoding=\"async\" width=\"1024\" height=\"449\" src=\"https:\/\/maltex-global.com\/hr\/wp-content\/uploads\/sites\/5\/2025\/09\/brand_5_-1024x449.png\" class=\"attachment-large size-large wp-image-1786\" alt=\"\" srcset=\"https:\/\/maltex-global.com\/hr\/wp-content\/uploads\/sites\/5\/2025\/09\/brand_5_-1024x449.png 1024w, https:\/\/maltex-global.com\/hr\/wp-content\/uploads\/sites\/5\/2025\/09\/brand_5_-300x132.png 300w, https:\/\/maltex-global.com\/hr\/wp-content\/uploads\/sites\/5\/2025\/09\/brand_5_-768x337.png 768w, https:\/\/maltex-global.com\/hr\/wp-content\/uploads\/sites\/5\/2025\/09\/brand_5_-1536x674.png 1536w, https:\/\/maltex-global.com\/hr\/wp-content\/uploads\/sites\/5\/2025\/09\/brand_5_.png 2002w\" sizes=\"(max-width: 1024px) 100vw, 1024px\" \/>\t\t\t\t\t\t\t\t\t\t\t\t\t\t\t<\/div>\n\t\t\t\t<\/div>\n\t\t\t\t\t<\/div>\n\t\t\t\t<\/div>\n\t\t<div class=\"elementor-element elementor-element-eed4bd7 e-grid e-con-boxed e-con e-parent\" data-id=\"eed4bd7\" data-element_type=\"container\" data-settings=\"{&quot;background_background&quot;:&quot;classic&quot;,&quot;jet_parallax_layout_list&quot;:[]}\">\n\t\t\t\t\t<div class=\"e-con-inner\">\n\t\t<div class=\"elementor-element elementor-element-9576338 e-con-full e-flex e-con e-child\" data-id=\"9576338\" data-element_type=\"container\" data-settings=\"{&quot;jet_parallax_layout_list&quot;:[]}\">\n\t\t\t\t<div class=\"elementor-element elementor-element-8a124fe elementor-widget elementor-widget-heading\" data-id=\"8a124fe\" data-element_type=\"widget\" data-widget_type=\"heading.default\">\n\t\t\t\t<div class=\"elementor-widget-container\">\n\t\t\t\t\t<h2 class=\"elementor-heading-title elementor-size-default\">NUR RJE\u0160ENJE ZA PROZORE I VRATA<\/h2>\t\t\t\t<\/div>\n\t\t\t\t<\/div>\n\t\t\t\t<div class=\"elementor-element elementor-element-cd326ba elementor-widget elementor-widget-text-editor\" data-id=\"cd326ba\" data-element_type=\"widget\" data-widget_type=\"text-editor.default\">\n\t\t\t\t<div class=\"elementor-widget-container\">\n\t\t\t\t\t\t\t\t\tVe\u0107 dugi niz godina predstavljamo preciznu izradu, inovativnu tehnologiju i izvanrednu kvalitetu u izradi prozora i vrata. Na\u0161 temelj je dugogodi\u0161nje iskustvo na\u0161ih zaposlenika i na\u0161a partnerstva s vode\u0107im proizvo\u0111a\u010dima sustava kao \u0161to je Sch\u00fcco.\t\t\t\t\t\t\t\t<\/div>\n\t\t\t\t<\/div>\n\t\t\t\t<\/div>\n\t\t\t\t<div class=\"elementor-element elementor-element-c47bd70 elementor-widget elementor-widget-image\" data-id=\"c47bd70\" data-element_type=\"widget\" data-widget_type=\"image.default\">\n\t\t\t\t<div class=\"elementor-widget-container\">\n\t\t\t\t\t\t\t\t\t\t\t\t\t\t\t<img loading=\"lazy\" decoding=\"async\" width=\"592\" height=\"346\" src=\"https:\/\/maltex-global.com\/hr\/wp-content\/uploads\/sites\/5\/2025\/09\/brand_6_.png\" class=\"attachment-large size-large wp-image-1787\" alt=\"\" srcset=\"https:\/\/maltex-global.com\/hr\/wp-content\/uploads\/sites\/5\/2025\/09\/brand_6_.png 592w, https:\/\/maltex-global.com\/hr\/wp-content\/uploads\/sites\/5\/2025\/09\/brand_6_-300x175.png 300w\" sizes=\"(max-width: 592px) 100vw, 592px\" \/>\t\t\t\t\t\t\t\t\t\t\t\t\t\t\t<\/div>\n\t\t\t\t<\/div>\n\t\t\t\t\t<\/div>\n\t\t\t\t<\/div>\n\t\t<div class=\"elementor-element elementor-element-f210736 e-grid e-con-boxed e-con e-parent\" data-id=\"f210736\" data-element_type=\"container\" data-settings=\"{&quot;background_background&quot;:&quot;classic&quot;,&quot;jet_parallax_layout_list&quot;:[]}\">\n\t\t\t\t\t<div class=\"e-con-inner\">\n\t\t<div class=\"elementor-element elementor-element-5887725 e-con-full e-flex e-con e-child\" data-id=\"5887725\" data-element_type=\"container\" data-settings=\"{&quot;jet_parallax_layout_list&quot;:[]}\">\n\t\t\t\t<div class=\"elementor-element elementor-element-431f0dd elementor-widget elementor-widget-heading\" data-id=\"431f0dd\" data-element_type=\"widget\" data-widget_type=\"heading.default\">\n\t\t\t\t<div class=\"elementor-widget-container\">\n\t\t\t\t\t<h2 class=\"elementor-heading-title elementor-size-default\"><span style=\"color: #82CEFF\">VA<\/span> plast - Plasti\u010dni proizvod<\/h2>\t\t\t\t<\/div>\n\t\t\t\t<\/div>\n\t\t\t\t<div class=\"elementor-element elementor-element-ea38b5e elementor-widget elementor-widget-text-editor\" data-id=\"ea38b5e\" data-element_type=\"widget\" data-widget_type=\"text-editor.default\">\n\t\t\t\t<div class=\"elementor-widget-container\">\n\t\t\t\t\t\t\t\t\tProizvodi plasti\u010dne komponente za vode\u0107e kompanije u Sjevernoj Makedoniji (farmacija, prehrana, kemija, gra\u0111evinarstvo itd.). Odlikuju ih visoka kvaliteta, moderan strojni park i ulaganje u obuku zaposlenika.\t\t\t\t\t\t\t\t<\/div>\n\t\t\t\t<\/div>\n\t\t\t\t<\/div>\n\t\t\t\t<div class=\"elementor-element elementor-element-9e8d826 elementor-widget elementor-widget-image\" data-id=\"9e8d826\" data-element_type=\"widget\" data-widget_type=\"image.default\">\n\t\t\t\t<div class=\"elementor-widget-container\">\n\t\t\t\t\t\t\t\t\t\t\t\t\t\t\t<img loading=\"lazy\" decoding=\"async\" width=\"215\" height=\"54\" src=\"https:\/\/maltex-global.com\/hr\/wp-content\/uploads\/sites\/5\/2024\/06\/vaplast.png\" class=\"attachment-large size-large wp-image-837\" alt=\"\" \/>\t\t\t\t\t\t\t\t\t\t\t\t\t\t\t<\/div>\n\t\t\t\t<\/div>\n\t\t\t\t\t<\/div>\n\t\t\t\t<\/div>\n\t\t\t\t<\/div>\n\t\t","protected":false},"excerpt":{"rendered":"<p>Na\u0161i brendovi Izvrsnost u distribuciji gradimo na kvaliteti i pouzdanosti. Fokusirani smo na pravovremenu isporuku vrhunskih gra\u0111evinskih materijala te rje\u0161enja [&hellip;]<\/p>\n","protected":false},"author":1,"featured_media":288,"parent":0,"menu_order":0,"comment_status":"closed","ping_status":"closed","template":"","meta":{"inline_featured_image":false,"site-sidebar-layout":"no-sidebar","site-content-layout":"","ast-site-content-layout":"full-width-container","site-content-style":"default","site-sidebar-style":"default","ast-global-header-display":"","ast-banner-title-visibility":"","ast-main-header-display":"","ast-hfb-above-header-display":"","ast-hfb-below-header-display":"","ast-hfb-mobile-header-display":"","site-post-title":"disabled","ast-breadcrumbs-content":"","ast-featured-img":"disabled","footer-sml-layout":"","theme-transparent-header-meta":"default","adv-header-id-meta":"","stick-header-meta":"","header-above-stick-meta":"","header-main-stick-meta":"","header-below-stick-meta":"","astra-migrate-meta-layouts":"set","ast-page-background-enabled":"default","ast-page-background-meta":{"desktop":{"background-color":"var(--ast-global-color-4)","background-image":"","background-repeat":"repeat","background-position":"center center","background-size":"auto","background-attachment":"scroll","background-type":"","background-media":"","overlay-type":"","overlay-color":"","overlay-opacity":"","overlay-gradient":""},"tablet":{"background-color":"","background-image":"","background-repeat":"repeat","background-position":"center center","background-size":"auto","background-attachment":"scroll","background-type":"","background-media":"","overlay-type":"","overlay-color":"","overlay-opacity":"","overlay-gradient":""},"mobile":{"background-color":"","background-image":"","background-repeat":"repeat","background-position":"center center","background-size":"auto","background-attachment":"scroll","background-type":"","background-media":"","overlay-type":"","overlay-color":"","overlay-opacity":"","overlay-gradient":""}},"ast-content-background-meta":{"desktop":{"background-color":"var(--ast-global-color-5)","background-image":"","background-repeat":"repeat","background-position":"center center","background-size":"auto","background-attachment":"scroll","background-type":"","background-media":"","overlay-type":"","overlay-color":"","overlay-opacity":"","overlay-gradient":""},"tablet":{"background-color":"var(--ast-global-color-5)","background-image":"","background-repeat":"repeat","background-position":"center center","background-size":"auto","background-attachment":"scroll","background-type":"","background-media":"","overlay-type":"","overlay-color":"","overlay-opacity":"","overlay-gradient":""},"mobile":{"background-color":"var(--ast-global-color-5)","background-image":"","background-repeat":"repeat","background-position":"center center","background-size":"auto","background-attachment":"scroll","background-type":"","background-media":"","overlay-type":"","overlay-color":"","overlay-opacity":"","overlay-gradient":""}},"footnotes":""},"class_list":["post-823","page","type-page","status-publish","has-post-thumbnail","hentry"],"yoast_head":"<!-- This site is optimized with the Yoast SEO plugin v24.6 - https:\/\/yoast.com\/wordpress\/plugins\/seo\/ -->\n<title>Na\u0161i brendovi - Maltex Global HR<\/title>\n<meta name=\"description\" content=\"Discover distribution excellence at Maltex Global, delivering premium building materials on time with a focus on quality, reliability, and sustainability.\" \/>\n<meta name=\"robots\" content=\"index, follow, max-snippet:-1, max-image-preview:large, max-video-preview:-1\" \/>\n<link rel=\"canonical\" href=\"https:\/\/maltex-global.com\/hr\/brendovi\/\" \/>\n<meta property=\"og:locale\" content=\"en_US\" \/>\n<meta property=\"og:type\" content=\"article\" \/>\n<meta property=\"og:title\" content=\"Na\u0161i brendovi - Maltex Global HR\" \/>\n<meta property=\"og:description\" content=\"Discover distribution excellence at Maltex Global, delivering premium building materials on time with a focus on quality, reliability, and sustainability.\" \/>\n<meta property=\"og:url\" content=\"https:\/\/maltex-global.com\/hr\/brendovi\/\" \/>\n<meta property=\"og:site_name\" content=\"Maltex Global HR\" \/>\n<meta property=\"article:modified_time\" content=\"2025-09-20T10:21:51+00:00\" \/>\n<meta property=\"og:image\" content=\"https:\/\/maltex-global.com\/hr\/wp-content\/uploads\/sites\/5\/2024\/06\/under-construction.jpg\" \/>\n\t<meta property=\"og:image:width\" content=\"1500\" \/>\n\t<meta property=\"og:image:height\" content=\"1001\" \/>\n\t<meta property=\"og:image:type\" content=\"image\/jpeg\" \/>\n<meta name=\"twitter:card\" content=\"summary_large_image\" \/>\n<meta name=\"twitter:label1\" content=\"Est. reading time\" \/>\n\t<meta name=\"twitter:data1\" content=\"2 minutes\" \/>\n<script type=\"application\/ld+json\" class=\"yoast-schema-graph\">{\"@context\":\"https:\/\/schema.org\",\"@graph\":[{\"@type\":\"WebPage\",\"@id\":\"https:\/\/maltex-global.com\/hr\/brendovi\/\",\"url\":\"https:\/\/maltex-global.com\/hr\/brendovi\/\",\"name\":\"Na\u0161i brendovi - Maltex Global HR\",\"isPartOf\":{\"@id\":\"https:\/\/maltex-global.com\/hr\/#website\"},\"primaryImageOfPage\":{\"@id\":\"https:\/\/maltex-global.com\/hr\/brendovi\/#primaryimage\"},\"image\":{\"@id\":\"https:\/\/maltex-global.com\/hr\/brendovi\/#primaryimage\"},\"thumbnailUrl\":\"https:\/\/maltex-global.com\/hr\/wp-content\/uploads\/sites\/5\/2024\/06\/under-construction.jpg\",\"datePublished\":\"2024-06-21T12:58:59+00:00\",\"dateModified\":\"2025-09-20T10:21:51+00:00\",\"description\":\"Discover distribution excellence at Maltex Global, delivering premium building materials on time with a focus on quality, reliability, and sustainability.\",\"breadcrumb\":{\"@id\":\"https:\/\/maltex-global.com\/hr\/brendovi\/#breadcrumb\"},\"inLanguage\":\"en-US\",\"potentialAction\":[{\"@type\":\"ReadAction\",\"target\":[\"https:\/\/maltex-global.com\/hr\/brendovi\/\"]}]},{\"@type\":\"ImageObject\",\"inLanguage\":\"en-US\",\"@id\":\"https:\/\/maltex-global.com\/hr\/brendovi\/#primaryimage\",\"url\":\"https:\/\/maltex-global.com\/hr\/wp-content\/uploads\/sites\/5\/2024\/06\/under-construction.jpg\",\"contentUrl\":\"https:\/\/maltex-global.com\/hr\/wp-content\/uploads\/sites\/5\/2024\/06\/under-construction.jpg\",\"width\":1500,\"height\":1001},{\"@type\":\"BreadcrumbList\",\"@id\":\"https:\/\/maltex-global.com\/hr\/brendovi\/#breadcrumb\",\"itemListElement\":[{\"@type\":\"ListItem\",\"position\":1,\"name\":\"Po\u010detna\",\"item\":\"https:\/\/maltex-global.com\/hr\/\"},{\"@type\":\"ListItem\",\"position\":2,\"name\":\"Na\u0161i brendovi\"}]},{\"@type\":\"WebSite\",\"@id\":\"https:\/\/maltex-global.com\/hr\/#website\",\"url\":\"https:\/\/maltex-global.com\/hr\/\",\"name\":\"Maltex Global HR\",\"description\":\"Your source for quality supplies\",\"publisher\":{\"@id\":\"https:\/\/maltex-global.com\/hr\/#organization\"},\"potentialAction\":[{\"@type\":\"SearchAction\",\"target\":{\"@type\":\"EntryPoint\",\"urlTemplate\":\"https:\/\/maltex-global.com\/hr\/?s={search_term_string}\"},\"query-input\":{\"@type\":\"PropertyValueSpecification\",\"valueRequired\":true,\"valueName\":\"search_term_string\"}}],\"inLanguage\":\"en-US\"},{\"@type\":\"Organization\",\"@id\":\"https:\/\/maltex-global.com\/hr\/#organization\",\"name\":\"Maltex Global HR\",\"url\":\"https:\/\/maltex-global.com\/hr\/\",\"logo\":{\"@type\":\"ImageObject\",\"inLanguage\":\"en-US\",\"@id\":\"https:\/\/maltex-global.com\/hr\/#\/schema\/logo\/image\/\",\"url\":\"https:\/\/maltex-global.com\/hr\/wp-content\/uploads\/sites\/5\/2024\/06\/logo_maltex.svg\",\"contentUrl\":\"https:\/\/maltex-global.com\/hr\/wp-content\/uploads\/sites\/5\/2024\/06\/logo_maltex.svg\",\"width\":1029,\"height\":229,\"caption\":\"Maltex Global HR\"},\"image\":{\"@id\":\"https:\/\/maltex-global.com\/hr\/#\/schema\/logo\/image\/\"}}]}<\/script>\n<!-- \/ Yoast SEO plugin. -->","yoast_head_json":{"title":"Na\u0161i brendovi - Maltex Global HR","description":"Discover distribution excellence at Maltex Global, delivering premium building materials on time with a focus on quality, reliability, and sustainability.","robots":{"index":"index","follow":"follow","max-snippet":"max-snippet:-1","max-image-preview":"max-image-preview:large","max-video-preview":"max-video-preview:-1"},"canonical":"https:\/\/maltex-global.com\/hr\/brendovi\/","og_locale":"en_US","og_type":"article","og_title":"Na\u0161i brendovi - Maltex Global HR","og_description":"Discover distribution excellence at Maltex Global, delivering premium building materials on time with a focus on quality, reliability, and sustainability.","og_url":"https:\/\/maltex-global.com\/hr\/brendovi\/","og_site_name":"Maltex Global HR","article_modified_time":"2025-09-20T10:21:51+00:00","og_image":[{"width":1500,"height":1001,"url":"https:\/\/maltex-global.com\/hr\/wp-content\/uploads\/sites\/5\/2024\/06\/under-construction.jpg","type":"image\/jpeg"}],"twitter_card":"summary_large_image","twitter_misc":{"Est. reading time":"2 minutes"},"schema":{"@context":"https:\/\/schema.org","@graph":[{"@type":"WebPage","@id":"https:\/\/maltex-global.com\/hr\/brendovi\/","url":"https:\/\/maltex-global.com\/hr\/brendovi\/","name":"Na\u0161i brendovi - Maltex Global HR","isPartOf":{"@id":"https:\/\/maltex-global.com\/hr\/#website"},"primaryImageOfPage":{"@id":"https:\/\/maltex-global.com\/hr\/brendovi\/#primaryimage"},"image":{"@id":"https:\/\/maltex-global.com\/hr\/brendovi\/#primaryimage"},"thumbnailUrl":"https:\/\/maltex-global.com\/hr\/wp-content\/uploads\/sites\/5\/2024\/06\/under-construction.jpg","datePublished":"2024-06-21T12:58:59+00:00","dateModified":"2025-09-20T10:21:51+00:00","description":"Discover distribution excellence at Maltex Global, delivering premium building materials on time with a focus on quality, reliability, and sustainability.","breadcrumb":{"@id":"https:\/\/maltex-global.com\/hr\/brendovi\/#breadcrumb"},"inLanguage":"en-US","potentialAction":[{"@type":"ReadAction","target":["https:\/\/maltex-global.com\/hr\/brendovi\/"]}]},{"@type":"ImageObject","inLanguage":"en-US","@id":"https:\/\/maltex-global.com\/hr\/brendovi\/#primaryimage","url":"https:\/\/maltex-global.com\/hr\/wp-content\/uploads\/sites\/5\/2024\/06\/under-construction.jpg","contentUrl":"https:\/\/maltex-global.com\/hr\/wp-content\/uploads\/sites\/5\/2024\/06\/under-construction.jpg","width":1500,"height":1001},{"@type":"BreadcrumbList","@id":"https:\/\/maltex-global.com\/hr\/brendovi\/#breadcrumb","itemListElement":[{"@type":"ListItem","position":1,"name":"Po\u010detna","item":"https:\/\/maltex-global.com\/hr\/"},{"@type":"ListItem","position":2,"name":"Na\u0161i brendovi"}]},{"@type":"WebSite","@id":"https:\/\/maltex-global.com\/hr\/#website","url":"https:\/\/maltex-global.com\/hr\/","name":"Maltex Global HR","description":"Your source for quality supplies","publisher":{"@id":"https:\/\/maltex-global.com\/hr\/#organization"},"potentialAction":[{"@type":"SearchAction","target":{"@type":"EntryPoint","urlTemplate":"https:\/\/maltex-global.com\/hr\/?s={search_term_string}"},"query-input":{"@type":"PropertyValueSpecification","valueRequired":true,"valueName":"search_term_string"}}],"inLanguage":"en-US"},{"@type":"Organization","@id":"https:\/\/maltex-global.com\/hr\/#organization","name":"Maltex Global HR","url":"https:\/\/maltex-global.com\/hr\/","logo":{"@type":"ImageObject","inLanguage":"en-US","@id":"https:\/\/maltex-global.com\/hr\/#\/schema\/logo\/image\/","url":"https:\/\/maltex-global.com\/hr\/wp-content\/uploads\/sites\/5\/2024\/06\/logo_maltex.svg","contentUrl":"https:\/\/maltex-global.com\/hr\/wp-content\/uploads\/sites\/5\/2024\/06\/logo_maltex.svg","width":1029,"height":229,"caption":"Maltex Global HR"},"image":{"@id":"https:\/\/maltex-global.com\/hr\/#\/schema\/logo\/image\/"}}]}},"_links":{"self":[{"href":"https:\/\/maltex-global.com\/hr\/wp-json\/wp\/v2\/pages\/823","targetHints":{"allow":["GET"]}}],"collection":[{"href":"https:\/\/maltex-global.com\/hr\/wp-json\/wp\/v2\/pages"}],"about":[{"href":"https:\/\/maltex-global.com\/hr\/wp-json\/wp\/v2\/types\/page"}],"author":[{"embeddable":true,"href":"https:\/\/maltex-global.com\/hr\/wp-json\/wp\/v2\/users\/1"}],"replies":[{"embeddable":true,"href":"https:\/\/maltex-global.com\/hr\/wp-json\/wp\/v2\/comments?post=823"}],"version-history":[{"count":74,"href":"https:\/\/maltex-global.com\/hr\/wp-json\/wp\/v2\/pages\/823\/revisions"}],"predecessor-version":[{"id":1790,"href":"https:\/\/maltex-global.com\/hr\/wp-json\/wp\/v2\/pages\/823\/revisions\/1790"}],"wp:featuredmedia":[{"embeddable":true,"href":"https:\/\/maltex-global.com\/hr\/wp-json\/wp\/v2\/media\/288"}],"wp:attachment":[{"href":"https:\/\/maltex-global.com\/hr\/wp-json\/wp\/v2\/media?parent=823"}],"curies":[{"name":"wp","href":"https:\/\/api.w.org\/{rel}","templated":true}]}}