{"id":657,"date":"2024-06-19T23:29:31","date_gmt":"2024-06-19T21:29:31","guid":{"rendered":"https:\/\/maltex-global.com\/hr\/?page_id=657"},"modified":"2025-09-19T17:36:16","modified_gmt":"2025-09-19T15:36:16","slug":"djelatnost","status":"publish","type":"page","link":"https:\/\/maltex-global.com\/hr\/djelatnost\/","title":{"rendered":"Djelatnost"},"content":{"rendered":"\t\t<div data-elementor-type=\"wp-page\" data-elementor-id=\"657\" class=\"elementor elementor-657\" data-elementor-post-type=\"page\">\n\t\t\t\t<div class=\"elementor-element elementor-element-73c6c68b e-flex e-con-boxed e-con e-parent\" data-id=\"73c6c68b\" data-element_type=\"container\" data-settings=\"{&quot;background_background&quot;:&quot;classic&quot;,&quot;jet_parallax_layout_list&quot;:[]}\">\n\t\t\t\t\t<div class=\"e-con-inner\">\n\t\t\t\t\t<\/div>\n\t\t\t\t<\/div>\n\t\t<div class=\"elementor-element elementor-element-424431e1 e-grid e-con-boxed e-con e-parent\" data-id=\"424431e1\" data-element_type=\"container\" data-settings=\"{&quot;jet_parallax_layout_list&quot;:[]}\">\n\t\t\t\t\t<div class=\"e-con-inner\">\n\t\t<div class=\"elementor-element elementor-element-cd21e11 e-flex e-con-boxed e-con e-child\" data-id=\"cd21e11\" data-element_type=\"container\" data-settings=\"{&quot;background_background&quot;:&quot;classic&quot;,&quot;jet_parallax_layout_list&quot;:[]}\">\n\t\t\t\t\t<div class=\"e-con-inner\">\n\t\t\t\t<div class=\"elementor-element elementor-element-d89bd9a elementor-widget elementor-widget-menu-anchor\" data-id=\"d89bd9a\" data-element_type=\"widget\" data-widget_type=\"menu-anchor.default\">\n\t\t\t\t<div class=\"elementor-widget-container\">\n\t\t\t\t\t\t\t<div class=\"elementor-menu-anchor\" id=\"about-company\"><\/div>\n\t\t\t\t\t\t<\/div>\n\t\t\t\t<\/div>\n\t\t\t\t<div class=\"elementor-element elementor-element-7a222d6e elementor-widget elementor-widget-breadcrumbs\" data-id=\"7a222d6e\" data-element_type=\"widget\" data-widget_type=\"breadcrumbs.default\">\n\t\t\t\t<div class=\"elementor-widget-container\">\n\t\t\t\t\t<p id=\"breadcrumbs\"><span><span><a href=\"https:\/\/maltex-global.com\/hr\/\">Po\u010detna<\/a><\/span><\/span><\/p>\t\t\t\t<\/div>\n\t\t\t\t<\/div>\n\t\t\t\t\t<\/div>\n\t\t\t\t<\/div>\n\t\t\t\t\t<\/div>\n\t\t\t\t<\/div>\n\t\t<div class=\"elementor-element elementor-element-17ffb56b e-flex e-con-boxed e-con e-parent\" data-id=\"17ffb56b\" data-element_type=\"container\" data-settings=\"{&quot;background_background&quot;:&quot;classic&quot;,&quot;jet_parallax_layout_list&quot;:[]}\">\n\t\t\t\t\t<div class=\"e-con-inner\">\n\t\t\t\t<div class=\"elementor-element elementor-element-94d7993 elementor-widget elementor-widget-heading\" data-id=\"94d7993\" data-element_type=\"widget\" data-widget_type=\"heading.default\">\n\t\t\t\t<div class=\"elementor-widget-container\">\n\t\t\t\t\t<h2 class=\"elementor-heading-title elementor-size-default\">Maltex Global je <b>vode\u0107i distributer u jugoisto\u010dnoj Europi<\/b><\/h2>\t\t\t\t<\/div>\n\t\t\t\t<\/div>\n\t\t\t\t<div class=\"elementor-element elementor-element-1f40f5b elementor-widget elementor-widget-text-editor\" data-id=\"1f40f5b\" data-element_type=\"widget\" data-widget_type=\"text-editor.default\">\n\t\t\t\t<div class=\"elementor-widget-container\">\n\t\t\t\t\t\t\t\t\tU Maltex Globalu povezujemo proizvo\u0111a\u010de iz Isto\u010dne Europe s tvrtkama u EU. Organiziramo prodaju i logistiku od po\u010detka do kraja. Zahvaljuju\u0107i dugogodi\u0161njem iskustvu u veleprodaji, pouzdan smo partner za isplativu i u\u010dinkovitu realizaciju projekata.\t\t\t\t\t\t\t\t<\/div>\n\t\t\t\t<\/div>\n\t\t\t\t<div class=\"elementor-element elementor-element-c698da5 elementor-widget elementor-widget-menu-anchor\" data-id=\"c698da5\" data-element_type=\"widget\" data-widget_type=\"menu-anchor.default\">\n\t\t\t\t<div class=\"elementor-widget-container\">\n\t\t\t\t\t\t\t<div class=\"elementor-menu-anchor\" id=\"mission-vision\"><\/div>\n\t\t\t\t\t\t<\/div>\n\t\t\t\t<\/div>\n\t\t\t\t\t<\/div>\n\t\t\t\t<\/div>\n\t\t<div class=\"elementor-element elementor-element-ae93f85 e-grid e-con-boxed e-con e-parent\" data-id=\"ae93f85\" data-element_type=\"container\" data-settings=\"{&quot;background_background&quot;:&quot;classic&quot;,&quot;jet_parallax_layout_list&quot;:[]}\">\n\t\t\t\t\t<div class=\"e-con-inner\">\n\t\t<div class=\"elementor-element elementor-element-ab705a2 e-flex e-con-boxed e-con e-child\" data-id=\"ab705a2\" data-element_type=\"container\" data-settings=\"{&quot;jet_parallax_layout_list&quot;:[]}\">\n\t\t\t\t\t<div class=\"e-con-inner\">\n\t\t\t\t<div class=\"elementor-element elementor-element-7d995ef elementor-widget elementor-widget-heading\" data-id=\"7d995ef\" data-element_type=\"widget\" data-widget_type=\"heading.default\">\n\t\t\t\t<div class=\"elementor-widget-container\">\n\t\t\t\t\t<h2 class=\"elementor-heading-title elementor-size-default\">NA\u0160A MISIJA<\/h2>\t\t\t\t<\/div>\n\t\t\t\t<\/div>\n\t\t\t\t<div class=\"elementor-element elementor-element-8c620eb elementor-widget elementor-widget-text-editor\" data-id=\"8c620eb\" data-element_type=\"widget\" data-widget_type=\"text-editor.default\">\n\t\t\t\t<div class=\"elementor-widget-container\">\n\t\t\t\t\t\t\t\t\tPartnerima pru\u017eamo maksimalnu podr\u0161ku optimizacijom procesa u lancu distribucije kako bismo im osigurali konkurentsku prednost. Prilago\u0111avamo se okolnostima i nudimo rje\u0161enja po mjeri. Kroz inovativnu i \u201epametnu\u201c logistiku \u017eelimo biti produ\u017eena ruka na\u0161ih partnera.\t\t\t\t\t\t\t\t<\/div>\n\t\t\t\t<\/div>\n\t\t\t\t\t<\/div>\n\t\t\t\t<\/div>\n\t\t<div class=\"elementor-element elementor-element-ebb9528 e-flex e-con-boxed e-con e-child\" data-id=\"ebb9528\" data-element_type=\"container\" data-settings=\"{&quot;jet_parallax_layout_list&quot;:[]}\">\n\t\t\t\t\t<div class=\"e-con-inner\">\n\t\t\t\t<div class=\"elementor-element elementor-element-00ade30 elementor-widget elementor-widget-heading\" data-id=\"00ade30\" data-element_type=\"widget\" data-widget_type=\"heading.default\">\n\t\t\t\t<div class=\"elementor-widget-container\">\n\t\t\t\t\t<h2 class=\"elementor-heading-title elementor-size-default\">NA\u0160A VIZIJA<\/h2>\t\t\t\t<\/div>\n\t\t\t\t<\/div>\n\t\t\t\t<div class=\"elementor-element elementor-element-db39686 elementor-widget elementor-widget-text-editor\" data-id=\"db39686\" data-element_type=\"widget\" data-widget_type=\"text-editor.default\">\n\t\t\t\t<div class=\"elementor-widget-container\">\n\t\t\t\t\t\t\t\t\t<p>\u017delimo biti nezamjenjiv partner na tr\u017ei\u0161tima na kojima poslujemo \u2014 ne samo po udjelu, nego po postavljanju trendova i izgradnji kvalitetnih, dugoro\u010dnih odnosa i usluga.<\/p>\t\t\t\t\t\t\t\t<\/div>\n\t\t\t\t<\/div>\n\t\t\t\t<div class=\"elementor-element elementor-element-9bcc156 elementor-widget elementor-widget-menu-anchor\" data-id=\"9bcc156\" data-element_type=\"widget\" data-widget_type=\"menu-anchor.default\">\n\t\t\t\t<div class=\"elementor-widget-container\">\n\t\t\t\t\t\t\t<div class=\"elementor-menu-anchor\" id=\"maltex-in-world\"><\/div>\n\t\t\t\t\t\t<\/div>\n\t\t\t\t<\/div>\n\t\t\t\t\t<\/div>\n\t\t\t\t<\/div>\n\t\t\t\t\t<\/div>\n\t\t\t\t<\/div>\n\t\t<div class=\"elementor-element elementor-element-f01c3f8 e-grid elementor-hidden-desktop elementor-hidden-tablet elementor-hidden-mobile e-con-boxed e-con e-parent\" data-id=\"f01c3f8\" data-element_type=\"container\" data-settings=\"{&quot;background_background&quot;:&quot;classic&quot;,&quot;jet_parallax_layout_list&quot;:[]}\">\n\t\t\t\t\t<div class=\"e-con-inner\">\n\t\t<div class=\"elementor-element elementor-element-28b1552 e-flex e-con-boxed e-con e-child\" data-id=\"28b1552\" data-element_type=\"container\" data-settings=\"{&quot;jet_parallax_layout_list&quot;:[]}\">\n\t\t\t\t\t<div class=\"e-con-inner\">\n\t\t\t\t<div class=\"elementor-element elementor-element-99807a8 elementor-widget elementor-widget-heading\" data-id=\"99807a8\" data-element_type=\"widget\" data-widget_type=\"heading.default\">\n\t\t\t\t<div class=\"elementor-widget-container\">\n\t\t\t\t\t<h2 class=\"elementor-heading-title elementor-size-default\">OUR <span style=\"color: #85bc22\">MISSION<\/span><\/h2>\t\t\t\t<\/div>\n\t\t\t\t<\/div>\n\t\t\t\t<div class=\"elementor-element elementor-element-9bc0fa5 elementor-widget elementor-widget-text-editor\" data-id=\"9bc0fa5\" data-element_type=\"widget\" data-widget_type=\"text-editor.default\">\n\t\t\t\t<div class=\"elementor-widget-container\">\n\t\t\t\t\t\t\t\t\t<p>The Company provides maximum support to its partners by optimizing processes in the distribution chain to help them create a competitive advantage in the market. The Company&#8217;s mission is to be innovative, green and &#8220;smart&#8221; logistics at the service of its partners with respect and compliance of the Company with all regulations and guidelines, internal rules, procedures, policies, decisions, and others based on the Company&#8217;s corporate culture and values and respect for all aspects of social responsibility and sustainable business and acting in accordance.<\/p><p>&#8220;Smart logistics&#8221; is not what the Company is, it is not even a destination that it can reach, but a path that it has chosen to follow, in which it is guided and acts according to the highest ethical and moral standards in all areas of activity.<\/p>\t\t\t\t\t\t\t\t<\/div>\n\t\t\t\t<\/div>\n\t\t\t\t\t<\/div>\n\t\t\t\t<\/div>\n\t\t<div class=\"elementor-element elementor-element-f65e9be e-flex e-con-boxed e-con e-child\" data-id=\"f65e9be\" data-element_type=\"container\" data-settings=\"{&quot;jet_parallax_layout_list&quot;:[]}\">\n\t\t\t\t\t<div class=\"e-con-inner\">\n\t\t\t\t<div class=\"elementor-element elementor-element-237dc09 elementor-widget elementor-widget-heading\" data-id=\"237dc09\" data-element_type=\"widget\" data-widget_type=\"heading.default\">\n\t\t\t\t<div class=\"elementor-widget-container\">\n\t\t\t\t\t<h2 class=\"elementor-heading-title elementor-size-default\">OUR <span style=\"color: #85bc22\">VISION<\/span><\/h2>\t\t\t\t<\/div>\n\t\t\t\t<\/div>\n\t\t\t\t<div class=\"elementor-element elementor-element-48fa3f3 elementor-widget elementor-widget-text-editor\" data-id=\"48fa3f3\" data-element_type=\"widget\" data-widget_type=\"text-editor.default\">\n\t\t\t\t<div class=\"elementor-widget-container\">\n\t\t\t\t\t\t\t\t\t<p>Being a leader in distribution in all markets of the region, according to modern business standards, has a broader meaning for the Company. Being a leader in the markets in which it operates, for the Company, does not only mean achieving the largest market share, which in itself is significant and requires knowledge, continuous and dedicated work of management and workers, as well as significant investments in constant growth and development of business and increasing market share but for the Company, being a market leader means being the first in setting business trends, as well as being the first in the quality of established relationships and business cooperation it has and develops with its business partners, as well as the quality and range of services it provides.\u00a0<\/p>\t\t\t\t\t\t\t\t<\/div>\n\t\t\t\t<\/div>\n\t\t\t\t\t<\/div>\n\t\t\t\t<\/div>\n\t\t\t\t\t<\/div>\n\t\t\t\t<\/div>\n\t\t<div class=\"elementor-element elementor-element-16c70ae e-grid e-con-boxed e-con e-parent\" data-id=\"16c70ae\" data-element_type=\"container\" data-settings=\"{&quot;background_background&quot;:&quot;classic&quot;,&quot;jet_parallax_layout_list&quot;:[]}\">\n\t\t\t\t\t<div class=\"e-con-inner\">\n\t\t<div class=\"elementor-element elementor-element-4823cb1 e-flex e-con-boxed e-con e-child\" data-id=\"4823cb1\" data-element_type=\"container\" data-settings=\"{&quot;jet_parallax_layout_list&quot;:[]}\">\n\t\t\t\t\t<div class=\"e-con-inner\">\n\t\t\t\t<div class=\"elementor-element elementor-element-cfecea7 elementor-widget elementor-widget-heading\" data-id=\"cfecea7\" data-element_type=\"widget\" data-widget_type=\"heading.default\">\n\t\t\t\t<div class=\"elementor-widget-container\">\n\t\t\t\t\t<h2 class=\"elementor-heading-title elementor-size-default\">Maltex Globalna prodajna regija<\/h2>\t\t\t\t<\/div>\n\t\t\t\t<\/div>\n\t\t\t\t<div class=\"elementor-element elementor-element-e723cb5 elementor-widget elementor-widget-text-editor\" data-id=\"e723cb5\" data-element_type=\"widget\" data-widget_type=\"text-editor.default\">\n\t\t\t\t<div class=\"elementor-widget-container\">\n\t\t\t\t\t\t\t\t\t<p>Sjeverna Makedonija, Srbija, Hrvatska, Bosna i Hercegovina, Crna Gora, Slovenija, Italija, Njema\u010dka, Austrija, \u0160vicarska.<\/p><p>Ako je potrebno u drugim zemljama, uvijek smo otvoreni za pro\u0161irenje i ponudu na\u0161ih proizvoda i u drugim europskim zemljama.<\/p>\t\t\t\t\t\t\t\t<\/div>\n\t\t\t\t<\/div>\n\t\t\t\t<div class=\"elementor-element elementor-element-0d895c4 elementor-widget elementor-widget-menu-anchor\" data-id=\"0d895c4\" data-element_type=\"widget\" data-widget_type=\"menu-anchor.default\">\n\t\t\t\t<div class=\"elementor-widget-container\">\n\t\t\t\t\t\t\t<div class=\"elementor-menu-anchor\" id=\"social-responsibility\"><\/div>\n\t\t\t\t\t\t<\/div>\n\t\t\t\t<\/div>\n\t\t\t\t\t<\/div>\n\t\t\t\t<\/div>\n\t\t\t\t\t<\/div>\n\t\t\t\t<\/div>\n\t\t<div class=\"elementor-element elementor-element-c849297 e-flex e-con-boxed e-con e-parent\" data-id=\"c849297\" data-element_type=\"container\" data-settings=\"{&quot;background_background&quot;:&quot;classic&quot;,&quot;jet_parallax_layout_list&quot;:[]}\">\n\t\t\t\t\t<div class=\"e-con-inner\">\n\t\t<div class=\"elementor-element elementor-element-96aaa83 e-flex e-con-boxed e-con e-child\" data-id=\"96aaa83\" data-element_type=\"container\" data-settings=\"{&quot;jet_parallax_layout_list&quot;:[]}\">\n\t\t\t\t\t<div class=\"e-con-inner\">\n\t\t\t\t<div class=\"elementor-element elementor-element-260c12f elementor-widget elementor-widget-heading\" data-id=\"260c12f\" data-element_type=\"widget\" data-widget_type=\"heading.default\">\n\t\t\t\t<div class=\"elementor-widget-container\">\n\t\t\t\t\t<h2 class=\"elementor-heading-title elementor-size-default\">DRU\u0160TVENA ODGOVORNOST I VISOKI POSLOVNI STANDARDI VA\u017dAN SU DIO NA\u0160E POSLOVNE STRATEGIJE.<\/h2>\t\t\t\t<\/div>\n\t\t\t\t<\/div>\n\t\t\t\t<div class=\"elementor-element elementor-element-eb289ab elementor-widget elementor-widget-text-editor\" data-id=\"eb289ab\" data-element_type=\"widget\" data-widget_type=\"text-editor.default\">\n\t\t\t\t<div class=\"elementor-widget-container\">\n\t\t\t\t\t\t\t\t\tNjegujemo uskla\u0111enost i eti\u010dko poslovanje. Ula\u017eemo u obuke zaposlenika i sura\u0111ujemo s partnerima kako bismo podigli svijest o va\u017enosti uskla\u0111enosti u svakodnevnom radu.\t\t\t\t\t\t\t\t<\/div>\n\t\t\t\t<\/div>\n\t\t\t\t\t<\/div>\n\t\t\t\t<\/div>\n\t\t\t\t\t<\/div>\n\t\t\t\t<\/div>\n\t\t\t\t<\/div>\n\t\t","protected":false},"excerpt":{"rendered":"<p>Maltex Global je vode\u0107i distributer u jugoisto\u010dnoj Europi U Maltex Globalu povezujemo proizvo\u0111a\u010de iz Isto\u010dne Europe s tvrtkama u EU. [&hellip;]<\/p>\n","protected":false},"author":1,"featured_media":288,"parent":0,"menu_order":0,"comment_status":"closed","ping_status":"closed","template":"","meta":{"inline_featured_image":false,"site-sidebar-layout":"no-sidebar","site-content-layout":"","ast-site-content-layout":"full-width-container","site-content-style":"default","site-sidebar-style":"default","ast-global-header-display":"","ast-banner-title-visibility":"","ast-main-header-display":"","ast-hfb-above-header-display":"","ast-hfb-below-header-display":"","ast-hfb-mobile-header-display":"","site-post-title":"disabled","ast-breadcrumbs-content":"","ast-featured-img":"disabled","footer-sml-layout":"","theme-transparent-header-meta":"default","adv-header-id-meta":"","stick-header-meta":"","header-above-stick-meta":"","header-main-stick-meta":"","header-below-stick-meta":"","astra-migrate-meta-layouts":"set","ast-page-background-enabled":"default","ast-page-background-meta":{"desktop":{"background-color":"var(--ast-global-color-4)","background-image":"","background-repeat":"repeat","background-position":"center center","background-size":"auto","background-attachment":"scroll","background-type":"","background-media":"","overlay-type":"","overlay-color":"","overlay-opacity":"","overlay-gradient":""},"tablet":{"background-color":"","background-image":"","background-repeat":"repeat","background-position":"center center","background-size":"auto","background-attachment":"scroll","background-type":"","background-media":"","overlay-type":"","overlay-color":"","overlay-opacity":"","overlay-gradient":""},"mobile":{"background-color":"","background-image":"","background-repeat":"repeat","background-position":"center center","background-size":"auto","background-attachment":"scroll","background-type":"","background-media":"","overlay-type":"","overlay-color":"","overlay-opacity":"","overlay-gradient":""}},"ast-content-background-meta":{"desktop":{"background-color":"var(--ast-global-color-5)","background-image":"","background-repeat":"repeat","background-position":"center center","background-size":"auto","background-attachment":"scroll","background-type":"","background-media":"","overlay-type":"","overlay-color":"","overlay-opacity":"","overlay-gradient":""},"tablet":{"background-color":"var(--ast-global-color-5)","background-image":"","background-repeat":"repeat","background-position":"center center","background-size":"auto","background-attachment":"scroll","background-type":"","background-media":"","overlay-type":"","overlay-color":"","overlay-opacity":"","overlay-gradient":""},"mobile":{"background-color":"var(--ast-global-color-5)","background-image":"","background-repeat":"repeat","background-position":"center center","background-size":"auto","background-attachment":"scroll","background-type":"","background-media":"","overlay-type":"","overlay-color":"","overlay-opacity":"","overlay-gradient":""}},"footnotes":""},"class_list":["post-657","page","type-page","status-publish","has-post-thumbnail","hentry"],"yoast_head":"<!-- This site is optimized with the Yoast SEO plugin v24.6 - https:\/\/yoast.com\/wordpress\/plugins\/seo\/ -->\n<title>Djelatnost - Maltex Global HR<\/title>\n<meta name=\"description\" content=\"Maltex Global connects Eastern European producers with EU companies, specializing in distributing diverse products across the region.\" \/>\n<meta name=\"robots\" content=\"index, follow, max-snippet:-1, max-image-preview:large, max-video-preview:-1\" \/>\n<link rel=\"canonical\" href=\"https:\/\/maltex-global.com\/hr\/djelatnost\/\" \/>\n<meta property=\"og:locale\" content=\"en_US\" \/>\n<meta property=\"og:type\" content=\"article\" \/>\n<meta property=\"og:title\" content=\"Djelatnost - Maltex Global HR\" \/>\n<meta property=\"og:description\" content=\"Maltex Global connects Eastern European producers with EU companies, specializing in distributing diverse products across the region.\" \/>\n<meta property=\"og:url\" content=\"https:\/\/maltex-global.com\/hr\/djelatnost\/\" \/>\n<meta property=\"og:site_name\" content=\"Maltex Global HR\" \/>\n<meta property=\"article:modified_time\" content=\"2025-09-19T15:36:16+00:00\" \/>\n<meta property=\"og:image\" content=\"https:\/\/maltex-global.com\/hr\/wp-content\/uploads\/sites\/5\/2024\/06\/under-construction.jpg\" \/>\n\t<meta property=\"og:image:width\" content=\"1500\" \/>\n\t<meta property=\"og:image:height\" content=\"1001\" \/>\n\t<meta property=\"og:image:type\" content=\"image\/jpeg\" \/>\n<meta name=\"twitter:card\" content=\"summary_large_image\" \/>\n<meta name=\"twitter:label1\" content=\"Est. reading time\" \/>\n\t<meta name=\"twitter:data1\" content=\"2 minutes\" \/>\n<script type=\"application\/ld+json\" class=\"yoast-schema-graph\">{\"@context\":\"https:\/\/schema.org\",\"@graph\":[{\"@type\":\"WebPage\",\"@id\":\"https:\/\/maltex-global.com\/hr\/djelatnost\/\",\"url\":\"https:\/\/maltex-global.com\/hr\/djelatnost\/\",\"name\":\"Djelatnost - Maltex Global HR\",\"isPartOf\":{\"@id\":\"https:\/\/maltex-global.com\/hr\/#website\"},\"primaryImageOfPage\":{\"@id\":\"https:\/\/maltex-global.com\/hr\/djelatnost\/#primaryimage\"},\"image\":{\"@id\":\"https:\/\/maltex-global.com\/hr\/djelatnost\/#primaryimage\"},\"thumbnailUrl\":\"https:\/\/maltex-global.com\/hr\/wp-content\/uploads\/sites\/5\/2024\/06\/under-construction.jpg\",\"datePublished\":\"2024-06-19T21:29:31+00:00\",\"dateModified\":\"2025-09-19T15:36:16+00:00\",\"description\":\"Maltex Global connects Eastern European producers with EU companies, specializing in distributing diverse products across the region.\",\"breadcrumb\":{\"@id\":\"https:\/\/maltex-global.com\/hr\/djelatnost\/#breadcrumb\"},\"inLanguage\":\"en-US\",\"potentialAction\":[{\"@type\":\"ReadAction\",\"target\":[\"https:\/\/maltex-global.com\/hr\/djelatnost\/\"]}]},{\"@type\":\"ImageObject\",\"inLanguage\":\"en-US\",\"@id\":\"https:\/\/maltex-global.com\/hr\/djelatnost\/#primaryimage\",\"url\":\"https:\/\/maltex-global.com\/hr\/wp-content\/uploads\/sites\/5\/2024\/06\/under-construction.jpg\",\"contentUrl\":\"https:\/\/maltex-global.com\/hr\/wp-content\/uploads\/sites\/5\/2024\/06\/under-construction.jpg\",\"width\":1500,\"height\":1001},{\"@type\":\"BreadcrumbList\",\"@id\":\"https:\/\/maltex-global.com\/hr\/djelatnost\/#breadcrumb\",\"itemListElement\":[{\"@type\":\"ListItem\",\"position\":1,\"name\":\"Po\u010detna\",\"item\":\"https:\/\/maltex-global.com\/hr\/\"},{\"@type\":\"ListItem\",\"position\":2,\"name\":\"Djelatnost\"}]},{\"@type\":\"WebSite\",\"@id\":\"https:\/\/maltex-global.com\/hr\/#website\",\"url\":\"https:\/\/maltex-global.com\/hr\/\",\"name\":\"Maltex Global HR\",\"description\":\"Your source for quality supplies\",\"publisher\":{\"@id\":\"https:\/\/maltex-global.com\/hr\/#organization\"},\"potentialAction\":[{\"@type\":\"SearchAction\",\"target\":{\"@type\":\"EntryPoint\",\"urlTemplate\":\"https:\/\/maltex-global.com\/hr\/?s={search_term_string}\"},\"query-input\":{\"@type\":\"PropertyValueSpecification\",\"valueRequired\":true,\"valueName\":\"search_term_string\"}}],\"inLanguage\":\"en-US\"},{\"@type\":\"Organization\",\"@id\":\"https:\/\/maltex-global.com\/hr\/#organization\",\"name\":\"Maltex Global HR\",\"url\":\"https:\/\/maltex-global.com\/hr\/\",\"logo\":{\"@type\":\"ImageObject\",\"inLanguage\":\"en-US\",\"@id\":\"https:\/\/maltex-global.com\/hr\/#\/schema\/logo\/image\/\",\"url\":\"https:\/\/maltex-global.com\/hr\/wp-content\/uploads\/sites\/5\/2024\/06\/logo_maltex.svg\",\"contentUrl\":\"https:\/\/maltex-global.com\/hr\/wp-content\/uploads\/sites\/5\/2024\/06\/logo_maltex.svg\",\"width\":1029,\"height\":229,\"caption\":\"Maltex Global HR\"},\"image\":{\"@id\":\"https:\/\/maltex-global.com\/hr\/#\/schema\/logo\/image\/\"}}]}<\/script>\n<!-- \/ Yoast SEO plugin. -->","yoast_head_json":{"title":"Djelatnost - Maltex Global HR","description":"Maltex Global connects Eastern European producers with EU companies, specializing in distributing diverse products across the region.","robots":{"index":"index","follow":"follow","max-snippet":"max-snippet:-1","max-image-preview":"max-image-preview:large","max-video-preview":"max-video-preview:-1"},"canonical":"https:\/\/maltex-global.com\/hr\/djelatnost\/","og_locale":"en_US","og_type":"article","og_title":"Djelatnost - Maltex Global HR","og_description":"Maltex Global connects Eastern European producers with EU companies, specializing in distributing diverse products across the region.","og_url":"https:\/\/maltex-global.com\/hr\/djelatnost\/","og_site_name":"Maltex Global HR","article_modified_time":"2025-09-19T15:36:16+00:00","og_image":[{"width":1500,"height":1001,"url":"https:\/\/maltex-global.com\/hr\/wp-content\/uploads\/sites\/5\/2024\/06\/under-construction.jpg","type":"image\/jpeg"}],"twitter_card":"summary_large_image","twitter_misc":{"Est. reading time":"2 minutes"},"schema":{"@context":"https:\/\/schema.org","@graph":[{"@type":"WebPage","@id":"https:\/\/maltex-global.com\/hr\/djelatnost\/","url":"https:\/\/maltex-global.com\/hr\/djelatnost\/","name":"Djelatnost - Maltex Global HR","isPartOf":{"@id":"https:\/\/maltex-global.com\/hr\/#website"},"primaryImageOfPage":{"@id":"https:\/\/maltex-global.com\/hr\/djelatnost\/#primaryimage"},"image":{"@id":"https:\/\/maltex-global.com\/hr\/djelatnost\/#primaryimage"},"thumbnailUrl":"https:\/\/maltex-global.com\/hr\/wp-content\/uploads\/sites\/5\/2024\/06\/under-construction.jpg","datePublished":"2024-06-19T21:29:31+00:00","dateModified":"2025-09-19T15:36:16+00:00","description":"Maltex Global connects Eastern European producers with EU companies, specializing in distributing diverse products across the region.","breadcrumb":{"@id":"https:\/\/maltex-global.com\/hr\/djelatnost\/#breadcrumb"},"inLanguage":"en-US","potentialAction":[{"@type":"ReadAction","target":["https:\/\/maltex-global.com\/hr\/djelatnost\/"]}]},{"@type":"ImageObject","inLanguage":"en-US","@id":"https:\/\/maltex-global.com\/hr\/djelatnost\/#primaryimage","url":"https:\/\/maltex-global.com\/hr\/wp-content\/uploads\/sites\/5\/2024\/06\/under-construction.jpg","contentUrl":"https:\/\/maltex-global.com\/hr\/wp-content\/uploads\/sites\/5\/2024\/06\/under-construction.jpg","width":1500,"height":1001},{"@type":"BreadcrumbList","@id":"https:\/\/maltex-global.com\/hr\/djelatnost\/#breadcrumb","itemListElement":[{"@type":"ListItem","position":1,"name":"Po\u010detna","item":"https:\/\/maltex-global.com\/hr\/"},{"@type":"ListItem","position":2,"name":"Djelatnost"}]},{"@type":"WebSite","@id":"https:\/\/maltex-global.com\/hr\/#website","url":"https:\/\/maltex-global.com\/hr\/","name":"Maltex Global HR","description":"Your source for quality supplies","publisher":{"@id":"https:\/\/maltex-global.com\/hr\/#organization"},"potentialAction":[{"@type":"SearchAction","target":{"@type":"EntryPoint","urlTemplate":"https:\/\/maltex-global.com\/hr\/?s={search_term_string}"},"query-input":{"@type":"PropertyValueSpecification","valueRequired":true,"valueName":"search_term_string"}}],"inLanguage":"en-US"},{"@type":"Organization","@id":"https:\/\/maltex-global.com\/hr\/#organization","name":"Maltex Global HR","url":"https:\/\/maltex-global.com\/hr\/","logo":{"@type":"ImageObject","inLanguage":"en-US","@id":"https:\/\/maltex-global.com\/hr\/#\/schema\/logo\/image\/","url":"https:\/\/maltex-global.com\/hr\/wp-content\/uploads\/sites\/5\/2024\/06\/logo_maltex.svg","contentUrl":"https:\/\/maltex-global.com\/hr\/wp-content\/uploads\/sites\/5\/2024\/06\/logo_maltex.svg","width":1029,"height":229,"caption":"Maltex Global HR"},"image":{"@id":"https:\/\/maltex-global.com\/hr\/#\/schema\/logo\/image\/"}}]}},"_links":{"self":[{"href":"https:\/\/maltex-global.com\/hr\/wp-json\/wp\/v2\/pages\/657","targetHints":{"allow":["GET"]}}],"collection":[{"href":"https:\/\/maltex-global.com\/hr\/wp-json\/wp\/v2\/pages"}],"about":[{"href":"https:\/\/maltex-global.com\/hr\/wp-json\/wp\/v2\/types\/page"}],"author":[{"embeddable":true,"href":"https:\/\/maltex-global.com\/hr\/wp-json\/wp\/v2\/users\/1"}],"replies":[{"embeddable":true,"href":"https:\/\/maltex-global.com\/hr\/wp-json\/wp\/v2\/comments?post=657"}],"version-history":[{"count":181,"href":"https:\/\/maltex-global.com\/hr\/wp-json\/wp\/v2\/pages\/657\/revisions"}],"predecessor-version":[{"id":1744,"href":"https:\/\/maltex-global.com\/hr\/wp-json\/wp\/v2\/pages\/657\/revisions\/1744"}],"wp:featuredmedia":[{"embeddable":true,"href":"https:\/\/maltex-global.com\/hr\/wp-json\/wp\/v2\/media\/288"}],"wp:attachment":[{"href":"https:\/\/maltex-global.com\/hr\/wp-json\/wp\/v2\/media?parent=657"}],"curies":[{"name":"wp","href":"https:\/\/api.w.org\/{rel}","templated":true}]}}