{"id":60,"date":"2024-06-14T03:27:08","date_gmt":"2024-06-14T03:27:08","guid":{"rendered":"https:\/\/maltex-global.com\/hr\/%d0%bf%d0%be%d0%bb%d0%b8%d1%82%d0%b8%d0%ba%d0%b0-%d0%b7%d0%b0-%d0%ba%d0%be%d0%bb%d0%b0%d1%87%d0%b8%d1%9a%d0%b0\/"},"modified":"2025-09-19T17:58:00","modified_gmt":"2025-09-19T15:58:00","slug":"pravila-uslovi","status":"publish","type":"page","link":"https:\/\/maltex-global.com\/hr\/pravila-uslovi\/","title":{"rendered":"Pravila i uvjeti"},"content":{"rendered":"\t\t<div data-elementor-type=\"wp-page\" data-elementor-id=\"60\" class=\"elementor elementor-60\" data-elementor-post-type=\"page\">\n\t\t\t\t<div class=\"elementor-element elementor-element-73c6c68b e-flex e-con-boxed e-con e-parent\" data-id=\"73c6c68b\" data-element_type=\"container\" data-settings=\"{&quot;background_background&quot;:&quot;classic&quot;,&quot;jet_parallax_layout_list&quot;:[]}\">\n\t\t\t\t\t<div class=\"e-con-inner\">\n\t\t\t\t\t<\/div>\n\t\t\t\t<\/div>\n\t\t<div class=\"elementor-element elementor-element-424431e1 e-grid e-con-boxed e-con e-parent\" data-id=\"424431e1\" data-element_type=\"container\" data-settings=\"{&quot;jet_parallax_layout_list&quot;:[]}\">\n\t\t\t\t\t<div class=\"e-con-inner\">\n\t\t<div class=\"elementor-element elementor-element-cd21e11 e-flex e-con-boxed e-con e-child\" data-id=\"cd21e11\" data-element_type=\"container\" data-settings=\"{&quot;background_background&quot;:&quot;classic&quot;,&quot;jet_parallax_layout_list&quot;:[]}\">\n\t\t\t\t\t<div class=\"e-con-inner\">\n\t\t\t\t<div class=\"elementor-element elementor-element-7a222d6e elementor-widget elementor-widget-breadcrumbs\" data-id=\"7a222d6e\" data-element_type=\"widget\" data-widget_type=\"breadcrumbs.default\">\n\t\t\t\t<div class=\"elementor-widget-container\">\n\t\t\t\t\t<p id=\"breadcrumbs\"><span><span><a href=\"https:\/\/maltex-global.com\/hr\/\">Po\u010detna<\/a><\/span><\/span><\/p>\t\t\t\t<\/div>\n\t\t\t\t<\/div>\n\t\t\t\t\t<\/div>\n\t\t\t\t<\/div>\n\t\t\t\t\t<\/div>\n\t\t\t\t<\/div>\n\t\t<div class=\"elementor-element elementor-element-17ffb56b e-flex e-con-boxed e-con e-parent\" data-id=\"17ffb56b\" data-element_type=\"container\" data-settings=\"{&quot;background_background&quot;:&quot;classic&quot;,&quot;jet_parallax_layout_list&quot;:[]}\">\n\t\t\t\t\t<div class=\"e-con-inner\">\n\t\t\t\t<div class=\"elementor-element elementor-element-94d7993 elementor-widget elementor-widget-heading\" data-id=\"94d7993\" data-element_type=\"widget\" data-widget_type=\"heading.default\">\n\t\t\t\t<div class=\"elementor-widget-container\">\n\t\t\t\t\t<h2 class=\"elementor-heading-title elementor-size-default\"> PRAVILA I UVJETI<span style=\"color: #85bc22\"><b> PRODAJE<\/b><\/span><\/h2>\t\t\t\t<\/div>\n\t\t\t\t<\/div>\n\t\t\t\t<div class=\"elementor-element elementor-element-1f40f5b elementor-widget elementor-widget-text-editor\" data-id=\"1f40f5b\" data-element_type=\"widget\" data-widget_type=\"text-editor.default\">\n\t\t\t\t<div class=\"elementor-widget-container\">\n\t\t\t\t\t\t\t\t\t<p><strong>1. PREAMBULA<\/strong><\/p><p>Ovi Op\u0107i uvjeti prodaje primjenjuju se na svaku prodaju robe, osim ako je druga\u010dije ugovoreno u pisanom obliku izme\u0111u ugovornih strana.<\/p><p><strong>2. NARUD\u017dBE I SPECIFIKACIJE<\/strong><\/p><p>Narud\u017eba se smatra prihva\u0107enom tek nakon na\u0161e pisane potvrde. Koli\u010dina, kvaliteta i specifikacije robe definirane su u na\u0161oj ponudi ili u narud\u017ebi kupca koju smo prihvatili. Dokumentacija i ponude povjerljive su i ne smiju se dostavljati tre\u0107im osobama.<\/p><p><strong>3. CIJENA<\/strong><\/p><p>Cijene vrijede EXW, bez tro\u0161kova prijevoza, pakiranja i osiguranja, te bez PDV\u2011a ako je primjenjivo. Zadr\u017eavamo pravo korekcije cijena prije isporuke u slu\u010daju promjena koje ne mo\u017eemo kontrolirati.<\/p><p><strong>4. PLA\u0106ANJE<\/strong><\/p><p>Pla\u0107anje se vr\u0161i sukladno dogovorenim uvjetima. U slu\u010daju ka\u0161njenja zadr\u017eavamo pravo obustaviti daljnje isporuke i obra\u010dunati zatezne kamate u skladu s va\u017ee\u0107im propisima.<\/p><p><strong>5. ISPORUKA<\/strong><\/p><p>Isporuka se vr\u0161i preuzimanjem robe u na\u0161em skladi\u0161tu nakon obavijesti da je roba spremna. Ako kupac ne preuzme robu na vrijeme, snosi rizik i tro\u0161kove skladi\u0161tenja; na zahtjev mo\u017eemo organizirati osiguranje robe na tro\u0161ak kupca.<\/p><p><strong>6. PRIJELAZ RIZIKA I ZADR\u017dAVANJE VLASNI\u0160TVA<\/strong><\/p><p>Rizik prelazi na kupca u trenutku kada ga obavijestimo da je roba spremna za preuzimanje. Vlasni\u0161tvo nad robom zadr\u017eavamo do potpune isplate cijene.<\/p><p><strong>7. JAMSTVA I ODGOVORNOST<\/strong><\/p><p>Ne preuzimamo odgovornost da je roba prikladna za posebnu svrhu kupca. Jamstvo ne pokriva o\u0161te\u0107enja nastala uslijed nepravilne ugradnje, odr\u017eavanja ili nepravilne uporabe.<\/p><p><strong>8. RAZNO<\/strong><\/p><p>Zadr\u017eavamo pravo pobolj\u0161anja ili izmjene proizvoda bez prethodne najave ako time ne utje\u010demo na bitne funkcije proizvoda. Ovi uvjeti zamjenjuju sve ranije usmene ili pisane dogovore o istoj materiji.<\/p><p><strong>9. MJERODAVNO PRAVO I NADLE\u017dNOST<\/strong><\/p><p>Na ove uvjete primjenjuje se mjerodavno pravo prema posebnom ugovoru stranaka; u nedostatku druk\u010dijeg dogovora nadle\u017ean je sud prema sjedi\u0161tu prodavatelja.<\/p>\t\t\t\t\t\t\t\t<\/div>\n\t\t\t\t<\/div>\n\t\t\t\t\t<\/div>\n\t\t\t\t<\/div>\n\t\t\t\t<\/div>\n\t\t","protected":false},"excerpt":{"rendered":"<p>PRAVILA I UVJETI PRODAJE 1. PREAMBULA Ovi Op\u0107i uvjeti prodaje primjenjuju se na svaku prodaju robe, osim ako je druga\u010dije [&hellip;]<\/p>\n","protected":false},"author":1,"featured_media":288,"parent":0,"menu_order":0,"comment_status":"closed","ping_status":"closed","template":"","meta":{"inline_featured_image":false,"site-sidebar-layout":"no-sidebar","site-content-layout":"","ast-site-content-layout":"full-width-container","site-content-style":"default","site-sidebar-style":"default","ast-global-header-display":"","ast-banner-title-visibility":"","ast-main-header-display":"","ast-hfb-above-header-display":"","ast-hfb-below-header-display":"","ast-hfb-mobile-header-display":"","site-post-title":"disabled","ast-breadcrumbs-content":"","ast-featured-img":"disabled","footer-sml-layout":"","theme-transparent-header-meta":"default","adv-header-id-meta":"","stick-header-meta":"","header-above-stick-meta":"","header-main-stick-meta":"","header-below-stick-meta":"","astra-migrate-meta-layouts":"set","ast-page-background-enabled":"default","ast-page-background-meta":{"desktop":{"background-color":"var(--ast-global-color-4)","background-image":"","background-repeat":"repeat","background-position":"center center","background-size":"auto","background-attachment":"scroll","background-type":"","background-media":"","overlay-type":"","overlay-color":"","overlay-opacity":"","overlay-gradient":""},"tablet":{"background-color":"","background-image":"","background-repeat":"repeat","background-position":"center center","background-size":"auto","background-attachment":"scroll","background-type":"","background-media":"","overlay-type":"","overlay-color":"","overlay-opacity":"","overlay-gradient":""},"mobile":{"background-color":"","background-image":"","background-repeat":"repeat","background-position":"center center","background-size":"auto","background-attachment":"scroll","background-type":"","background-media":"","overlay-type":"","overlay-color":"","overlay-opacity":"","overlay-gradient":""}},"ast-content-background-meta":{"desktop":{"background-color":"var(--ast-global-color-5)","background-image":"","background-repeat":"repeat","background-position":"center center","background-size":"auto","background-attachment":"scroll","background-type":"","background-media":"","overlay-type":"","overlay-color":"","overlay-opacity":"","overlay-gradient":""},"tablet":{"background-color":"var(--ast-global-color-5)","background-image":"","background-repeat":"repeat","background-position":"center center","background-size":"auto","background-attachment":"scroll","background-type":"","background-media":"","overlay-type":"","overlay-color":"","overlay-opacity":"","overlay-gradient":""},"mobile":{"background-color":"var(--ast-global-color-5)","background-image":"","background-repeat":"repeat","background-position":"center center","background-size":"auto","background-attachment":"scroll","background-type":"","background-media":"","overlay-type":"","overlay-color":"","overlay-opacity":"","overlay-gradient":""}},"footnotes":""},"class_list":["post-60","page","type-page","status-publish","has-post-thumbnail","hentry"],"yoast_head":"<!-- This site is optimized with the Yoast SEO plugin v24.6 - https:\/\/yoast.com\/wordpress\/plugins\/seo\/ -->\n<title>Pravila i uvjeti - Maltex Global HR<\/title>\n<meta name=\"description\" content=\"Explore our Standard Terms and Conditions for clear and mutual agreements in every transaction. Learn more today!\" \/>\n<meta name=\"robots\" content=\"index, follow, max-snippet:-1, max-image-preview:large, max-video-preview:-1\" \/>\n<link rel=\"canonical\" href=\"https:\/\/maltex-global.com\/hr\/pravila-uslovi\/\" \/>\n<meta property=\"og:locale\" content=\"en_US\" \/>\n<meta property=\"og:type\" content=\"article\" \/>\n<meta property=\"og:title\" content=\"Pravila i uvjeti - Maltex Global HR\" \/>\n<meta property=\"og:description\" content=\"Explore our Standard Terms and Conditions for clear and mutual agreements in every transaction. Learn more today!\" \/>\n<meta property=\"og:url\" content=\"https:\/\/maltex-global.com\/hr\/pravila-uslovi\/\" \/>\n<meta property=\"og:site_name\" content=\"Maltex Global HR\" \/>\n<meta property=\"article:modified_time\" content=\"2025-09-19T15:58:00+00:00\" \/>\n<meta property=\"og:image\" content=\"https:\/\/maltex-global.com\/hr\/wp-content\/uploads\/sites\/5\/2024\/06\/under-construction.jpg\" \/>\n\t<meta property=\"og:image:width\" content=\"1500\" \/>\n\t<meta property=\"og:image:height\" content=\"1001\" \/>\n\t<meta property=\"og:image:type\" content=\"image\/jpeg\" \/>\n<meta name=\"twitter:card\" content=\"summary_large_image\" \/>\n<meta name=\"twitter:label1\" content=\"Est. reading time\" \/>\n\t<meta name=\"twitter:data1\" content=\"2 minutes\" \/>\n<script type=\"application\/ld+json\" class=\"yoast-schema-graph\">{\"@context\":\"https:\/\/schema.org\",\"@graph\":[{\"@type\":\"WebPage\",\"@id\":\"https:\/\/maltex-global.com\/hr\/pravila-uslovi\/\",\"url\":\"https:\/\/maltex-global.com\/hr\/pravila-uslovi\/\",\"name\":\"Pravila i uvjeti - Maltex Global HR\",\"isPartOf\":{\"@id\":\"https:\/\/maltex-global.com\/hr\/#website\"},\"primaryImageOfPage\":{\"@id\":\"https:\/\/maltex-global.com\/hr\/pravila-uslovi\/#primaryimage\"},\"image\":{\"@id\":\"https:\/\/maltex-global.com\/hr\/pravila-uslovi\/#primaryimage\"},\"thumbnailUrl\":\"https:\/\/maltex-global.com\/hr\/wp-content\/uploads\/sites\/5\/2024\/06\/under-construction.jpg\",\"datePublished\":\"2024-06-14T03:27:08+00:00\",\"dateModified\":\"2025-09-19T15:58:00+00:00\",\"description\":\"Explore our Standard Terms and Conditions for clear and mutual agreements in every transaction. Learn more today!\",\"breadcrumb\":{\"@id\":\"https:\/\/maltex-global.com\/hr\/pravila-uslovi\/#breadcrumb\"},\"inLanguage\":\"en-US\",\"potentialAction\":[{\"@type\":\"ReadAction\",\"target\":[\"https:\/\/maltex-global.com\/hr\/pravila-uslovi\/\"]}]},{\"@type\":\"ImageObject\",\"inLanguage\":\"en-US\",\"@id\":\"https:\/\/maltex-global.com\/hr\/pravila-uslovi\/#primaryimage\",\"url\":\"https:\/\/maltex-global.com\/hr\/wp-content\/uploads\/sites\/5\/2024\/06\/under-construction.jpg\",\"contentUrl\":\"https:\/\/maltex-global.com\/hr\/wp-content\/uploads\/sites\/5\/2024\/06\/under-construction.jpg\",\"width\":1500,\"height\":1001},{\"@type\":\"BreadcrumbList\",\"@id\":\"https:\/\/maltex-global.com\/hr\/pravila-uslovi\/#breadcrumb\",\"itemListElement\":[{\"@type\":\"ListItem\",\"position\":1,\"name\":\"Po\u010detna\",\"item\":\"https:\/\/maltex-global.com\/hr\/\"},{\"@type\":\"ListItem\",\"position\":2,\"name\":\"Pravila i uvjeti\"}]},{\"@type\":\"WebSite\",\"@id\":\"https:\/\/maltex-global.com\/hr\/#website\",\"url\":\"https:\/\/maltex-global.com\/hr\/\",\"name\":\"Maltex Global HR\",\"description\":\"Your source for quality supplies\",\"publisher\":{\"@id\":\"https:\/\/maltex-global.com\/hr\/#organization\"},\"potentialAction\":[{\"@type\":\"SearchAction\",\"target\":{\"@type\":\"EntryPoint\",\"urlTemplate\":\"https:\/\/maltex-global.com\/hr\/?s={search_term_string}\"},\"query-input\":{\"@type\":\"PropertyValueSpecification\",\"valueRequired\":true,\"valueName\":\"search_term_string\"}}],\"inLanguage\":\"en-US\"},{\"@type\":\"Organization\",\"@id\":\"https:\/\/maltex-global.com\/hr\/#organization\",\"name\":\"Maltex Global HR\",\"url\":\"https:\/\/maltex-global.com\/hr\/\",\"logo\":{\"@type\":\"ImageObject\",\"inLanguage\":\"en-US\",\"@id\":\"https:\/\/maltex-global.com\/hr\/#\/schema\/logo\/image\/\",\"url\":\"https:\/\/maltex-global.com\/hr\/wp-content\/uploads\/sites\/5\/2024\/06\/logo_maltex.svg\",\"contentUrl\":\"https:\/\/maltex-global.com\/hr\/wp-content\/uploads\/sites\/5\/2024\/06\/logo_maltex.svg\",\"width\":1029,\"height\":229,\"caption\":\"Maltex Global HR\"},\"image\":{\"@id\":\"https:\/\/maltex-global.com\/hr\/#\/schema\/logo\/image\/\"}}]}<\/script>\n<!-- \/ Yoast SEO plugin. -->","yoast_head_json":{"title":"Pravila i uvjeti - Maltex Global HR","description":"Explore our Standard Terms and Conditions for clear and mutual agreements in every transaction. Learn more today!","robots":{"index":"index","follow":"follow","max-snippet":"max-snippet:-1","max-image-preview":"max-image-preview:large","max-video-preview":"max-video-preview:-1"},"canonical":"https:\/\/maltex-global.com\/hr\/pravila-uslovi\/","og_locale":"en_US","og_type":"article","og_title":"Pravila i uvjeti - Maltex Global HR","og_description":"Explore our Standard Terms and Conditions for clear and mutual agreements in every transaction. Learn more today!","og_url":"https:\/\/maltex-global.com\/hr\/pravila-uslovi\/","og_site_name":"Maltex Global HR","article_modified_time":"2025-09-19T15:58:00+00:00","og_image":[{"width":1500,"height":1001,"url":"https:\/\/maltex-global.com\/hr\/wp-content\/uploads\/sites\/5\/2024\/06\/under-construction.jpg","type":"image\/jpeg"}],"twitter_card":"summary_large_image","twitter_misc":{"Est. reading time":"2 minutes"},"schema":{"@context":"https:\/\/schema.org","@graph":[{"@type":"WebPage","@id":"https:\/\/maltex-global.com\/hr\/pravila-uslovi\/","url":"https:\/\/maltex-global.com\/hr\/pravila-uslovi\/","name":"Pravila i uvjeti - Maltex Global HR","isPartOf":{"@id":"https:\/\/maltex-global.com\/hr\/#website"},"primaryImageOfPage":{"@id":"https:\/\/maltex-global.com\/hr\/pravila-uslovi\/#primaryimage"},"image":{"@id":"https:\/\/maltex-global.com\/hr\/pravila-uslovi\/#primaryimage"},"thumbnailUrl":"https:\/\/maltex-global.com\/hr\/wp-content\/uploads\/sites\/5\/2024\/06\/under-construction.jpg","datePublished":"2024-06-14T03:27:08+00:00","dateModified":"2025-09-19T15:58:00+00:00","description":"Explore our Standard Terms and Conditions for clear and mutual agreements in every transaction. Learn more today!","breadcrumb":{"@id":"https:\/\/maltex-global.com\/hr\/pravila-uslovi\/#breadcrumb"},"inLanguage":"en-US","potentialAction":[{"@type":"ReadAction","target":["https:\/\/maltex-global.com\/hr\/pravila-uslovi\/"]}]},{"@type":"ImageObject","inLanguage":"en-US","@id":"https:\/\/maltex-global.com\/hr\/pravila-uslovi\/#primaryimage","url":"https:\/\/maltex-global.com\/hr\/wp-content\/uploads\/sites\/5\/2024\/06\/under-construction.jpg","contentUrl":"https:\/\/maltex-global.com\/hr\/wp-content\/uploads\/sites\/5\/2024\/06\/under-construction.jpg","width":1500,"height":1001},{"@type":"BreadcrumbList","@id":"https:\/\/maltex-global.com\/hr\/pravila-uslovi\/#breadcrumb","itemListElement":[{"@type":"ListItem","position":1,"name":"Po\u010detna","item":"https:\/\/maltex-global.com\/hr\/"},{"@type":"ListItem","position":2,"name":"Pravila i uvjeti"}]},{"@type":"WebSite","@id":"https:\/\/maltex-global.com\/hr\/#website","url":"https:\/\/maltex-global.com\/hr\/","name":"Maltex Global HR","description":"Your source for quality supplies","publisher":{"@id":"https:\/\/maltex-global.com\/hr\/#organization"},"potentialAction":[{"@type":"SearchAction","target":{"@type":"EntryPoint","urlTemplate":"https:\/\/maltex-global.com\/hr\/?s={search_term_string}"},"query-input":{"@type":"PropertyValueSpecification","valueRequired":true,"valueName":"search_term_string"}}],"inLanguage":"en-US"},{"@type":"Organization","@id":"https:\/\/maltex-global.com\/hr\/#organization","name":"Maltex Global HR","url":"https:\/\/maltex-global.com\/hr\/","logo":{"@type":"ImageObject","inLanguage":"en-US","@id":"https:\/\/maltex-global.com\/hr\/#\/schema\/logo\/image\/","url":"https:\/\/maltex-global.com\/hr\/wp-content\/uploads\/sites\/5\/2024\/06\/logo_maltex.svg","contentUrl":"https:\/\/maltex-global.com\/hr\/wp-content\/uploads\/sites\/5\/2024\/06\/logo_maltex.svg","width":1029,"height":229,"caption":"Maltex Global HR"},"image":{"@id":"https:\/\/maltex-global.com\/hr\/#\/schema\/logo\/image\/"}}]}},"_links":{"self":[{"href":"https:\/\/maltex-global.com\/hr\/wp-json\/wp\/v2\/pages\/60","targetHints":{"allow":["GET"]}}],"collection":[{"href":"https:\/\/maltex-global.com\/hr\/wp-json\/wp\/v2\/pages"}],"about":[{"href":"https:\/\/maltex-global.com\/hr\/wp-json\/wp\/v2\/types\/page"}],"author":[{"embeddable":true,"href":"https:\/\/maltex-global.com\/hr\/wp-json\/wp\/v2\/users\/1"}],"replies":[{"embeddable":true,"href":"https:\/\/maltex-global.com\/hr\/wp-json\/wp\/v2\/comments?post=60"}],"version-history":[{"count":62,"href":"https:\/\/maltex-global.com\/hr\/wp-json\/wp\/v2\/pages\/60\/revisions"}],"predecessor-version":[{"id":1765,"href":"https:\/\/maltex-global.com\/hr\/wp-json\/wp\/v2\/pages\/60\/revisions\/1765"}],"wp:featuredmedia":[{"embeddable":true,"href":"https:\/\/maltex-global.com\/hr\/wp-json\/wp\/v2\/media\/288"}],"wp:attachment":[{"href":"https:\/\/maltex-global.com\/hr\/wp-json\/wp\/v2\/media?parent=60"}],"curies":[{"name":"wp","href":"https:\/\/api.w.org\/{rel}","templated":true}]}}