{"id":863,"date":"2024-06-22T10:03:37","date_gmt":"2024-06-22T08:03:37","guid":{"rendered":"https:\/\/maltex-global.com\/de\/?page_id=863"},"modified":"2024-07-02T19:47:20","modified_gmt":"2024-07-02T17:47:20","slug":"distribution","status":"publish","type":"page","link":"https:\/\/maltex-global.com\/de\/distribution\/","title":{"rendered":"Distribution"},"content":{"rendered":"\t\t<div data-elementor-type=\"wp-page\" data-elementor-id=\"863\" class=\"elementor elementor-863\" data-elementor-post-type=\"page\">\n\t\t\t\t<div class=\"elementor-element elementor-element-73c6c68b e-flex e-con-boxed e-con e-parent\" data-id=\"73c6c68b\" data-element_type=\"container\" data-settings=\"{&quot;background_background&quot;:&quot;classic&quot;,&quot;jet_parallax_layout_list&quot;:[]}\">\n\t\t\t\t\t<div class=\"e-con-inner\">\n\t\t\t\t\t<\/div>\n\t\t\t\t<\/div>\n\t\t<div class=\"elementor-element elementor-element-424431e1 e-grid e-con-boxed e-con e-parent\" data-id=\"424431e1\" data-element_type=\"container\" data-settings=\"{&quot;jet_parallax_layout_list&quot;:[]}\">\n\t\t\t\t\t<div class=\"e-con-inner\">\n\t\t<div class=\"elementor-element elementor-element-cd21e11 e-flex e-con-boxed e-con e-child\" data-id=\"cd21e11\" data-element_type=\"container\" data-settings=\"{&quot;background_background&quot;:&quot;classic&quot;,&quot;jet_parallax_layout_list&quot;:[]}\">\n\t\t\t\t\t<div class=\"e-con-inner\">\n\t\t\t\t<div class=\"elementor-element elementor-element-d89bd9a elementor-widget elementor-widget-menu-anchor\" data-id=\"d89bd9a\" data-element_type=\"widget\" data-widget_type=\"menu-anchor.default\">\n\t\t\t\t<div class=\"elementor-widget-container\">\n\t\t\t\t\t\t\t<div class=\"elementor-menu-anchor\" id=\"about-distribution\"><\/div>\n\t\t\t\t\t\t<\/div>\n\t\t\t\t<\/div>\n\t\t\t\t<div class=\"elementor-element elementor-element-7a222d6e elementor-widget elementor-widget-breadcrumbs\" data-id=\"7a222d6e\" data-element_type=\"widget\" data-widget_type=\"breadcrumbs.default\">\n\t\t\t\t<div class=\"elementor-widget-container\">\n\t\t\t\t\t<p id=\"breadcrumbs\"><span><span><a href=\"https:\/\/maltex-global.com\/de\/\">Startseite<\/a><\/span><\/span><\/p>\t\t\t\t<\/div>\n\t\t\t\t<\/div>\n\t\t\t\t\t<\/div>\n\t\t\t\t<\/div>\n\t\t\t\t\t<\/div>\n\t\t\t\t<\/div>\n\t\t<div class=\"elementor-element elementor-element-17ffb56b e-flex e-con-boxed e-con e-parent\" data-id=\"17ffb56b\" data-element_type=\"container\" data-settings=\"{&quot;background_background&quot;:&quot;classic&quot;,&quot;jet_parallax_layout_list&quot;:[]}\">\n\t\t\t\t\t<div class=\"e-con-inner\">\n\t\t\t\t<div class=\"elementor-element elementor-element-94d7993 elementor-widget elementor-widget-heading\" data-id=\"94d7993\" data-element_type=\"widget\" data-widget_type=\"heading.default\">\n\t\t\t\t<div class=\"elementor-widget-container\">\n\t\t\t\t\t<h2 class=\"elementor-heading-title elementor-size-default\">\u00dcber den <b>Vertrieb<\/b><\/h2>\t\t\t\t<\/div>\n\t\t\t\t<\/div>\n\t\t\t\t<div class=\"elementor-element elementor-element-1f40f5b elementor-widget elementor-widget-text-editor\" data-id=\"1f40f5b\" data-element_type=\"widget\" data-widget_type=\"text-editor.default\">\n\t\t\t\t<div class=\"elementor-widget-container\">\n\t\t\t\t\t\t\t\t\t<p>Willkommen bei Maltex Global, Ihrem Tor zu einem au\u00dfergew\u00f6hnlichen Vertrieb. Wir sind darauf spezialisiert, erstklassige Produkte mit Effizienz und Zuverl\u00e4ssigkeit zu liefern. Unser Engagement f\u00fcr Qualit\u00e4t und wettbewerbsf\u00e4hige Preise stellt sicher, dass Maltex Global Ihr zuverl\u00e4ssiger Partner f\u00fcr alle Baubed\u00fcrfnisse ist.<\/p><p>Unsere weitreichende Pr\u00e4senz in Nordmazedonien, Serbien, Kroatien, Bosnien und Herzegowina, Montenegro, Slowenien, Italien, Deutschland, \u00d6sterreich und der Schweiz garantiert hervorragende Qualit\u00e4t bei jeder Lieferung. Erkunden Sie unser umfassendes Angebot und entdecken Sie den hervorragenden Service, der Maltex Global heute auszeichnet.<\/p>\t\t\t\t\t\t\t\t<\/div>\n\t\t\t\t<\/div>\n\t\t\t\t<div class=\"elementor-element elementor-element-c567e80 elementor-widget elementor-widget-heading\" data-id=\"c567e80\" data-element_type=\"widget\" data-widget_type=\"heading.default\">\n\t\t\t\t<div class=\"elementor-widget-container\">\n\t\t\t\t\t<h3 class=\"elementor-heading-title elementor-size-default\">Mit uns bekommen Sie:<\/h3>\t\t\t\t<\/div>\n\t\t\t\t<\/div>\n\t\t\t\t<div class=\"elementor-element elementor-element-e0de373 elementor-icon-list--layout-traditional elementor-list-item-link-full_width elementor-widget elementor-widget-icon-list\" data-id=\"e0de373\" data-element_type=\"widget\" data-widget_type=\"icon-list.default\">\n\t\t\t\t<div class=\"elementor-widget-container\">\n\t\t\t\t\t\t\t<ul class=\"elementor-icon-list-items\">\n\t\t\t\t\t\t\t<li class=\"elementor-icon-list-item\">\n\t\t\t\t\t\t\t\t\t\t\t<span class=\"elementor-icon-list-icon\">\n\t\t\t\t\t\t\t<svg aria-hidden=\"true\" class=\"e-font-icon-svg e-fas-circle\" viewBox=\"0 0 512 512\" xmlns=\"http:\/\/www.w3.org\/2000\/svg\"><path d=\"M256 8C119 8 8 119 8 256s111 248 248 248 248-111 248-248S393 8 256 8z\"><\/path><\/svg>\t\t\t\t\t\t<\/span>\n\t\t\t\t\t\t\t\t\t\t<span class=\"elementor-icon-list-text\">St\u00e4rkung in Ihrer Lieferkette<\/span>\n\t\t\t\t\t\t\t\t\t<\/li>\n\t\t\t\t\t\t\t\t<li class=\"elementor-icon-list-item\">\n\t\t\t\t\t\t\t\t\t\t\t<span class=\"elementor-icon-list-icon\">\n\t\t\t\t\t\t\t<svg aria-hidden=\"true\" class=\"e-font-icon-svg e-fas-circle\" viewBox=\"0 0 512 512\" xmlns=\"http:\/\/www.w3.org\/2000\/svg\"><path d=\"M256 8C119 8 8 119 8 256s111 248 248 248 248-111 248-248S393 8 256 8z\"><\/path><\/svg>\t\t\t\t\t\t<\/span>\n\t\t\t\t\t\t\t\t\t\t<span class=\"elementor-icon-list-text\">Kontinuierliche Verbesserung bei der Erreichung h\u00f6herer Liefermengen in St\u00fcckzahl und Gewicht<\/span>\n\t\t\t\t\t\t\t\t\t<\/li>\n\t\t\t\t\t\t\t\t<li class=\"elementor-icon-list-item\">\n\t\t\t\t\t\t\t\t\t\t\t<span class=\"elementor-icon-list-icon\">\n\t\t\t\t\t\t\t<svg aria-hidden=\"true\" class=\"e-font-icon-svg e-fas-circle\" viewBox=\"0 0 512 512\" xmlns=\"http:\/\/www.w3.org\/2000\/svg\"><path d=\"M256 8C119 8 8 119 8 256s111 248 248 248 248-111 248-248S393 8 256 8z\"><\/path><\/svg>\t\t\t\t\t\t<\/span>\n\t\t\t\t\t\t\t\t\t\t<span class=\"elementor-icon-list-text\">Koordination und schnelle Umsetzung von neuen Listungen und Handelsmarketingaktivit\u00e4ten<\/span>\n\t\t\t\t\t\t\t\t\t<\/li>\n\t\t\t\t\t\t\t\t<li class=\"elementor-icon-list-item\">\n\t\t\t\t\t\t\t\t\t\t\t<span class=\"elementor-icon-list-icon\">\n\t\t\t\t\t\t\t<svg aria-hidden=\"true\" class=\"e-font-icon-svg e-fas-circle\" viewBox=\"0 0 512 512\" xmlns=\"http:\/\/www.w3.org\/2000\/svg\"><path d=\"M256 8C119 8 8 119 8 256s111 248 248 248 248-111 248-248S393 8 256 8z\"><\/path><\/svg>\t\t\t\t\t\t<\/span>\n\t\t\t\t\t\t\t\t\t\t<span class=\"elementor-icon-list-text\">Starke, langfristige Partnerschaften mit regionalen Gro\u00dfkunden <\/span>\n\t\t\t\t\t\t\t\t\t<\/li>\n\t\t\t\t\t\t\t\t<li class=\"elementor-icon-list-item\">\n\t\t\t\t\t\t\t\t\t\t\t<span class=\"elementor-icon-list-icon\">\n\t\t\t\t\t\t\t<svg aria-hidden=\"true\" class=\"e-font-icon-svg e-fas-circle\" viewBox=\"0 0 512 512\" xmlns=\"http:\/\/www.w3.org\/2000\/svg\"><path d=\"M256 8C119 8 8 119 8 256s111 248 248 248 248-111 248-248S393 8 256 8z\"><\/path><\/svg>\t\t\t\t\t\t<\/span>\n\t\t\t\t\t\t\t\t\t\t<span class=\"elementor-icon-list-text\">Unz\u00e4hlige Vorteile, die sich aus unseren Beziehungen mit regionalen Produzenten ergeben<\/span>\n\t\t\t\t\t\t\t\t\t<\/li>\n\t\t\t\t\t\t\t\t<li class=\"elementor-icon-list-item\">\n\t\t\t\t\t\t\t\t\t\t\t<span class=\"elementor-icon-list-icon\">\n\t\t\t\t\t\t\t<svg aria-hidden=\"true\" class=\"e-font-icon-svg e-fas-circle\" viewBox=\"0 0 512 512\" xmlns=\"http:\/\/www.w3.org\/2000\/svg\"><path d=\"M256 8C119 8 8 119 8 256s111 248 248 248 248-111 248-248S393 8 256 8z\"><\/path><\/svg>\t\t\t\t\t\t<\/span>\n\t\t\t\t\t\t\t\t\t\t<span class=\"elementor-icon-list-text\">Know-how im Osteurop\u00e4ischen Markt<\/span>\n\t\t\t\t\t\t\t\t\t<\/li>\n\t\t\t\t\t\t<\/ul>\n\t\t\t\t\t\t<\/div>\n\t\t\t\t<\/div>\n\t\t\t\t<div class=\"elementor-element elementor-element-f80d454 elementor-widget elementor-widget-heading\" data-id=\"f80d454\" data-element_type=\"widget\" data-widget_type=\"heading.default\">\n\t\t\t\t<div class=\"elementor-widget-container\">\n\t\t\t\t\t<h3 class=\"elementor-heading-title elementor-size-default\">Maltex Global Verkaufsgebiet<\/h3>\t\t\t\t<\/div>\n\t\t\t\t<\/div>\n\t\t\t\t<div class=\"elementor-element elementor-element-bc385af elementor-widget elementor-widget-image\" data-id=\"bc385af\" data-element_type=\"widget\" data-widget_type=\"image.default\">\n\t\t\t\t<div class=\"elementor-widget-container\">\n\t\t\t\t\t\t\t\t\t\t\t\t\t\t\t<img fetchpriority=\"high\" decoding=\"async\" width=\"1170\" height=\"731\" src=\"https:\/\/maltex-global.com\/de\/wp-content\/uploads\/sites\/2\/2024\/06\/maltex-map.webp\" class=\"attachment-full size-full wp-image-1114\" alt=\"\" srcset=\"https:\/\/maltex-global.com\/de\/wp-content\/uploads\/sites\/2\/2024\/06\/maltex-map.webp 1170w, https:\/\/maltex-global.com\/de\/wp-content\/uploads\/sites\/2\/2024\/06\/maltex-map-300x187.webp 300w, https:\/\/maltex-global.com\/de\/wp-content\/uploads\/sites\/2\/2024\/06\/maltex-map-1024x640.webp 1024w, https:\/\/maltex-global.com\/de\/wp-content\/uploads\/sites\/2\/2024\/06\/maltex-map-768x480.webp 768w\" sizes=\"(max-width: 1170px) 100vw, 1170px\" \/>\t\t\t\t\t\t\t\t\t\t\t\t\t\t\t<\/div>\n\t\t\t\t<\/div>\n\t\t\t\t<div class=\"elementor-element elementor-element-c28b176 elementor-widget elementor-widget-menu-anchor\" data-id=\"c28b176\" data-element_type=\"widget\" data-widget_type=\"menu-anchor.default\">\n\t\t\t\t<div class=\"elementor-widget-container\">\n\t\t\t\t\t\t\t<div class=\"elementor-menu-anchor\" id=\"about-logistics\"><\/div>\n\t\t\t\t\t\t<\/div>\n\t\t\t\t<\/div>\n\t\t\t\t\t<\/div>\n\t\t\t\t<\/div>\n\t\t<div class=\"elementor-element elementor-element-ae93f85 e-flex e-con-boxed e-con e-parent\" data-id=\"ae93f85\" data-element_type=\"container\" data-settings=\"{&quot;background_background&quot;:&quot;classic&quot;,&quot;jet_parallax_layout_list&quot;:[]}\">\n\t\t\t\t\t<div class=\"e-con-inner\">\n\t\t\t\t<div class=\"elementor-element elementor-element-7d995ef elementor-widget elementor-widget-heading\" data-id=\"7d995ef\" data-element_type=\"widget\" data-widget_type=\"heading.default\">\n\t\t\t\t<div class=\"elementor-widget-container\">\n\t\t\t\t\t<h2 class=\"elementor-heading-title elementor-size-default\">LOGISTIK - GESCHWINDIGKEIT UND QUALIT\u00c4T<\/h2>\t\t\t\t<\/div>\n\t\t\t\t<\/div>\n\t\t\t\t<div class=\"elementor-element elementor-element-8c620eb elementor-widget elementor-widget-text-editor\" data-id=\"8c620eb\" data-element_type=\"widget\" data-widget_type=\"text-editor.default\">\n\t\t\t\t<div class=\"elementor-widget-container\">\n\t\t\t\t\t\t\t\t\t<p>Bei Maltex Global ist Logistik nicht nur eine Dienstleistung, sondern unsere Verpflichtung zu reibungslosen Abl\u00e4ufen und zuverl\u00e4ssiger Lieferung. Wir sind stolz darauf, jeden Aspekt der Logistikkette mit Pr\u00e4zision und Sorgfalt zu verwalten, um sicherzustellen, dass Ihre Baumaterialien effizient und p\u00fcnktlich ihr Ziel erreichen.<\/p><p>Von der Koordinierung des Transports und der Lagerhaltung bis hin zur Zollabwicklung und Dokumentation &#8211; Maltex Global k\u00fcmmert sich um alles. Unser engagiertes Team nutzt sein Fachwissen und ein solides Netzwerk, um die Logistikprozesse zu optimieren und Ihren Projekten ein H\u00f6chstma\u00df an Sicherheit und Effizienz zu verleihen.<\/p><p>Gehen Sie eine Partnerschaft mit Maltex Global ein, um Logistikl\u00f6sungen zu erhalten, bei denen Zuverl\u00e4ssigkeit, Effizienz und der Erfolg Ihres Projekts an erster Stelle stehen.<\/p>\t\t\t\t\t\t\t\t<\/div>\n\t\t\t\t<\/div>\n\t\t\t\t\t<\/div>\n\t\t\t\t<\/div>\n\t\t\t\t<\/div>\n\t\t","protected":false},"excerpt":{"rendered":"<p>\u00dcber den Vertrieb Willkommen bei Maltex Global, Ihrem Tor zu einem au\u00dfergew\u00f6hnlichen Vertrieb. Wir sind darauf spezialisiert, erstklassige Produkte mit [&hellip;]<\/p>\n","protected":false},"author":1,"featured_media":288,"parent":0,"menu_order":0,"comment_status":"closed","ping_status":"closed","template":"","meta":{"inline_featured_image":false,"site-sidebar-layout":"no-sidebar","site-content-layout":"","ast-site-content-layout":"full-width-container","site-content-style":"default","site-sidebar-style":"default","ast-global-header-display":"","ast-banner-title-visibility":"","ast-main-header-display":"","ast-hfb-above-header-display":"","ast-hfb-below-header-display":"","ast-hfb-mobile-header-display":"","site-post-title":"disabled","ast-breadcrumbs-content":"","ast-featured-img":"disabled","footer-sml-layout":"","theme-transparent-header-meta":"default","adv-header-id-meta":"","stick-header-meta":"","header-above-stick-meta":"","header-main-stick-meta":"","header-below-stick-meta":"","astra-migrate-meta-layouts":"set","ast-page-background-enabled":"default","ast-page-background-meta":{"desktop":{"background-color":"var(--ast-global-color-4)","background-image":"","background-repeat":"repeat","background-position":"center center","background-size":"auto","background-attachment":"scroll","background-type":"","background-media":"","overlay-type":"","overlay-color":"","overlay-opacity":"","overlay-gradient":""},"tablet":{"background-color":"","background-image":"","background-repeat":"repeat","background-position":"center center","background-size":"auto","background-attachment":"scroll","background-type":"","background-media":"","overlay-type":"","overlay-color":"","overlay-opacity":"","overlay-gradient":""},"mobile":{"background-color":"","background-image":"","background-repeat":"repeat","background-position":"center center","background-size":"auto","background-attachment":"scroll","background-type":"","background-media":"","overlay-type":"","overlay-color":"","overlay-opacity":"","overlay-gradient":""}},"ast-content-background-meta":{"desktop":{"background-color":"var(--ast-global-color-5)","background-image":"","background-repeat":"repeat","background-position":"center center","background-size":"auto","background-attachment":"scroll","background-type":"","background-media":"","overlay-type":"","overlay-color":"","overlay-opacity":"","overlay-gradient":""},"tablet":{"background-color":"var(--ast-global-color-5)","background-image":"","background-repeat":"repeat","background-position":"center center","background-size":"auto","background-attachment":"scroll","background-type":"","background-media":"","overlay-type":"","overlay-color":"","overlay-opacity":"","overlay-gradient":""},"mobile":{"background-color":"var(--ast-global-color-5)","background-image":"","background-repeat":"repeat","background-position":"center center","background-size":"auto","background-attachment":"scroll","background-type":"","background-media":"","overlay-type":"","overlay-color":"","overlay-opacity":"","overlay-gradient":""}},"footnotes":""},"class_list":["post-863","page","type-page","status-publish","has-post-thumbnail","hentry"],"yoast_head":"<!-- This site is optimized with the Yoast SEO plugin v24.6 - https:\/\/yoast.com\/wordpress\/plugins\/seo\/ -->\n<title>Distribution - Maltex Global DE<\/title>\n<meta name=\"description\" content=\"Discover Maltex Global: Your trusted partner for top-tier building materials across Europe. Quality, reliability, and competitive pricing guaranteed.\" \/>\n<meta name=\"robots\" content=\"index, follow, max-snippet:-1, max-image-preview:large, max-video-preview:-1\" \/>\n<link rel=\"canonical\" href=\"https:\/\/maltex-global.com\/de\/distribution\/\" \/>\n<meta property=\"og:locale\" content=\"en_US\" \/>\n<meta property=\"og:type\" content=\"article\" \/>\n<meta property=\"og:title\" content=\"Distribution - Maltex Global DE\" \/>\n<meta property=\"og:description\" content=\"Discover Maltex Global: Your trusted partner for top-tier building materials across Europe. Quality, reliability, and competitive pricing guaranteed.\" \/>\n<meta property=\"og:url\" content=\"https:\/\/maltex-global.com\/de\/distribution\/\" \/>\n<meta property=\"og:site_name\" content=\"Maltex Global DE\" \/>\n<meta property=\"article:modified_time\" content=\"2024-07-02T17:47:20+00:00\" \/>\n<meta property=\"og:image\" content=\"https:\/\/maltex-global.com\/de\/wp-content\/uploads\/sites\/2\/2024\/06\/under-construction.jpg\" \/>\n\t<meta property=\"og:image:width\" content=\"1500\" \/>\n\t<meta property=\"og:image:height\" content=\"1001\" \/>\n\t<meta property=\"og:image:type\" content=\"image\/jpeg\" \/>\n<meta name=\"twitter:card\" content=\"summary_large_image\" \/>\n<meta name=\"twitter:label1\" content=\"Est. reading time\" \/>\n\t<meta name=\"twitter:data1\" content=\"2 minutes\" \/>\n<script type=\"application\/ld+json\" class=\"yoast-schema-graph\">{\"@context\":\"https:\/\/schema.org\",\"@graph\":[{\"@type\":\"WebPage\",\"@id\":\"https:\/\/maltex-global.com\/de\/distribution\/\",\"url\":\"https:\/\/maltex-global.com\/de\/distribution\/\",\"name\":\"Distribution - Maltex Global DE\",\"isPartOf\":{\"@id\":\"https:\/\/maltex-global.com\/de\/#website\"},\"primaryImageOfPage\":{\"@id\":\"https:\/\/maltex-global.com\/de\/distribution\/#primaryimage\"},\"image\":{\"@id\":\"https:\/\/maltex-global.com\/de\/distribution\/#primaryimage\"},\"thumbnailUrl\":\"https:\/\/maltex-global.com\/de\/wp-content\/uploads\/sites\/2\/2024\/06\/under-construction.jpg\",\"datePublished\":\"2024-06-22T08:03:37+00:00\",\"dateModified\":\"2024-07-02T17:47:20+00:00\",\"description\":\"Discover Maltex Global: Your trusted partner for top-tier building materials across Europe. Quality, reliability, and competitive pricing guaranteed.\",\"breadcrumb\":{\"@id\":\"https:\/\/maltex-global.com\/de\/distribution\/#breadcrumb\"},\"inLanguage\":\"en-US\",\"potentialAction\":[{\"@type\":\"ReadAction\",\"target\":[\"https:\/\/maltex-global.com\/de\/distribution\/\"]}]},{\"@type\":\"ImageObject\",\"inLanguage\":\"en-US\",\"@id\":\"https:\/\/maltex-global.com\/de\/distribution\/#primaryimage\",\"url\":\"https:\/\/maltex-global.com\/de\/wp-content\/uploads\/sites\/2\/2024\/06\/under-construction.jpg\",\"contentUrl\":\"https:\/\/maltex-global.com\/de\/wp-content\/uploads\/sites\/2\/2024\/06\/under-construction.jpg\",\"width\":1500,\"height\":1001},{\"@type\":\"BreadcrumbList\",\"@id\":\"https:\/\/maltex-global.com\/de\/distribution\/#breadcrumb\",\"itemListElement\":[{\"@type\":\"ListItem\",\"position\":1,\"name\":\"Startseite\",\"item\":\"https:\/\/maltex-global.com\/de\/\"},{\"@type\":\"ListItem\",\"position\":2,\"name\":\"Distribution\"}]},{\"@type\":\"WebSite\",\"@id\":\"https:\/\/maltex-global.com\/de\/#website\",\"url\":\"https:\/\/maltex-global.com\/de\/\",\"name\":\"Maltex Global DE\",\"description\":\"Ihre Quelle f\u00fcr Qualit\u00e4tsprodukte\",\"publisher\":{\"@id\":\"https:\/\/maltex-global.com\/de\/#organization\"},\"potentialAction\":[{\"@type\":\"SearchAction\",\"target\":{\"@type\":\"EntryPoint\",\"urlTemplate\":\"https:\/\/maltex-global.com\/de\/?s={search_term_string}\"},\"query-input\":{\"@type\":\"PropertyValueSpecification\",\"valueRequired\":true,\"valueName\":\"search_term_string\"}}],\"inLanguage\":\"en-US\"},{\"@type\":\"Organization\",\"@id\":\"https:\/\/maltex-global.com\/de\/#organization\",\"name\":\"Maltex Global DE\",\"url\":\"https:\/\/maltex-global.com\/de\/\",\"logo\":{\"@type\":\"ImageObject\",\"inLanguage\":\"en-US\",\"@id\":\"https:\/\/maltex-global.com\/de\/#\/schema\/logo\/image\/\",\"url\":\"https:\/\/maltex-global.com\/de\/wp-content\/uploads\/sites\/2\/2024\/06\/logo_maltex.svg\",\"contentUrl\":\"https:\/\/maltex-global.com\/de\/wp-content\/uploads\/sites\/2\/2024\/06\/logo_maltex.svg\",\"width\":1029,\"height\":229,\"caption\":\"Maltex Global DE\"},\"image\":{\"@id\":\"https:\/\/maltex-global.com\/de\/#\/schema\/logo\/image\/\"}}]}<\/script>\n<!-- \/ Yoast SEO plugin. -->","yoast_head_json":{"title":"Distribution - Maltex Global DE","description":"Discover Maltex Global: Your trusted partner for top-tier building materials across Europe. Quality, reliability, and competitive pricing guaranteed.","robots":{"index":"index","follow":"follow","max-snippet":"max-snippet:-1","max-image-preview":"max-image-preview:large","max-video-preview":"max-video-preview:-1"},"canonical":"https:\/\/maltex-global.com\/de\/distribution\/","og_locale":"en_US","og_type":"article","og_title":"Distribution - Maltex Global DE","og_description":"Discover Maltex Global: Your trusted partner for top-tier building materials across Europe. Quality, reliability, and competitive pricing guaranteed.","og_url":"https:\/\/maltex-global.com\/de\/distribution\/","og_site_name":"Maltex Global DE","article_modified_time":"2024-07-02T17:47:20+00:00","og_image":[{"width":1500,"height":1001,"url":"https:\/\/maltex-global.com\/de\/wp-content\/uploads\/sites\/2\/2024\/06\/under-construction.jpg","type":"image\/jpeg"}],"twitter_card":"summary_large_image","twitter_misc":{"Est. reading time":"2 minutes"},"schema":{"@context":"https:\/\/schema.org","@graph":[{"@type":"WebPage","@id":"https:\/\/maltex-global.com\/de\/distribution\/","url":"https:\/\/maltex-global.com\/de\/distribution\/","name":"Distribution - Maltex Global DE","isPartOf":{"@id":"https:\/\/maltex-global.com\/de\/#website"},"primaryImageOfPage":{"@id":"https:\/\/maltex-global.com\/de\/distribution\/#primaryimage"},"image":{"@id":"https:\/\/maltex-global.com\/de\/distribution\/#primaryimage"},"thumbnailUrl":"https:\/\/maltex-global.com\/de\/wp-content\/uploads\/sites\/2\/2024\/06\/under-construction.jpg","datePublished":"2024-06-22T08:03:37+00:00","dateModified":"2024-07-02T17:47:20+00:00","description":"Discover Maltex Global: Your trusted partner for top-tier building materials across Europe. Quality, reliability, and competitive pricing guaranteed.","breadcrumb":{"@id":"https:\/\/maltex-global.com\/de\/distribution\/#breadcrumb"},"inLanguage":"en-US","potentialAction":[{"@type":"ReadAction","target":["https:\/\/maltex-global.com\/de\/distribution\/"]}]},{"@type":"ImageObject","inLanguage":"en-US","@id":"https:\/\/maltex-global.com\/de\/distribution\/#primaryimage","url":"https:\/\/maltex-global.com\/de\/wp-content\/uploads\/sites\/2\/2024\/06\/under-construction.jpg","contentUrl":"https:\/\/maltex-global.com\/de\/wp-content\/uploads\/sites\/2\/2024\/06\/under-construction.jpg","width":1500,"height":1001},{"@type":"BreadcrumbList","@id":"https:\/\/maltex-global.com\/de\/distribution\/#breadcrumb","itemListElement":[{"@type":"ListItem","position":1,"name":"Startseite","item":"https:\/\/maltex-global.com\/de\/"},{"@type":"ListItem","position":2,"name":"Distribution"}]},{"@type":"WebSite","@id":"https:\/\/maltex-global.com\/de\/#website","url":"https:\/\/maltex-global.com\/de\/","name":"Maltex Global DE","description":"Ihre Quelle f\u00fcr Qualit\u00e4tsprodukte","publisher":{"@id":"https:\/\/maltex-global.com\/de\/#organization"},"potentialAction":[{"@type":"SearchAction","target":{"@type":"EntryPoint","urlTemplate":"https:\/\/maltex-global.com\/de\/?s={search_term_string}"},"query-input":{"@type":"PropertyValueSpecification","valueRequired":true,"valueName":"search_term_string"}}],"inLanguage":"en-US"},{"@type":"Organization","@id":"https:\/\/maltex-global.com\/de\/#organization","name":"Maltex Global DE","url":"https:\/\/maltex-global.com\/de\/","logo":{"@type":"ImageObject","inLanguage":"en-US","@id":"https:\/\/maltex-global.com\/de\/#\/schema\/logo\/image\/","url":"https:\/\/maltex-global.com\/de\/wp-content\/uploads\/sites\/2\/2024\/06\/logo_maltex.svg","contentUrl":"https:\/\/maltex-global.com\/de\/wp-content\/uploads\/sites\/2\/2024\/06\/logo_maltex.svg","width":1029,"height":229,"caption":"Maltex Global DE"},"image":{"@id":"https:\/\/maltex-global.com\/de\/#\/schema\/logo\/image\/"}}]}},"_links":{"self":[{"href":"https:\/\/maltex-global.com\/de\/wp-json\/wp\/v2\/pages\/863","targetHints":{"allow":["GET"]}}],"collection":[{"href":"https:\/\/maltex-global.com\/de\/wp-json\/wp\/v2\/pages"}],"about":[{"href":"https:\/\/maltex-global.com\/de\/wp-json\/wp\/v2\/types\/page"}],"author":[{"embeddable":true,"href":"https:\/\/maltex-global.com\/de\/wp-json\/wp\/v2\/users\/1"}],"replies":[{"embeddable":true,"href":"https:\/\/maltex-global.com\/de\/wp-json\/wp\/v2\/comments?post=863"}],"version-history":[{"count":81,"href":"https:\/\/maltex-global.com\/de\/wp-json\/wp\/v2\/pages\/863\/revisions"}],"predecessor-version":[{"id":1442,"href":"https:\/\/maltex-global.com\/de\/wp-json\/wp\/v2\/pages\/863\/revisions\/1442"}],"wp:featuredmedia":[{"embeddable":true,"href":"https:\/\/maltex-global.com\/de\/wp-json\/wp\/v2\/media\/288"}],"wp:attachment":[{"href":"https:\/\/maltex-global.com\/de\/wp-json\/wp\/v2\/media?parent=863"}],"curies":[{"name":"wp","href":"https:\/\/api.w.org\/{rel}","templated":true}]}}