{"id":788,"date":"2024-06-21T11:19:49","date_gmt":"2024-06-21T09:19:49","guid":{"rendered":"https:\/\/maltex-global.com\/de\/?page_id=788"},"modified":"2024-10-28T22:45:11","modified_gmt":"2024-10-28T21:45:11","slug":"werde-ein-partner","status":"publish","type":"page","link":"https:\/\/maltex-global.com\/de\/werde-ein-partner\/","title":{"rendered":"Werde ein Partner"},"content":{"rendered":"\t\t<div data-elementor-type=\"wp-page\" data-elementor-id=\"788\" class=\"elementor elementor-788\" data-elementor-post-type=\"page\">\n\t\t\t\t<div class=\"elementor-element elementor-element-73c6c68b e-flex e-con-boxed e-con e-parent\" data-id=\"73c6c68b\" data-element_type=\"container\" data-settings=\"{&quot;background_background&quot;:&quot;classic&quot;,&quot;jet_parallax_layout_list&quot;:[]}\">\n\t\t\t\t\t<div class=\"e-con-inner\">\n\t\t\t\t\t<\/div>\n\t\t\t\t<\/div>\n\t\t<div class=\"elementor-element elementor-element-424431e1 e-grid e-con-boxed e-con e-parent\" data-id=\"424431e1\" data-element_type=\"container\" data-settings=\"{&quot;jet_parallax_layout_list&quot;:[]}\">\n\t\t\t\t\t<div class=\"e-con-inner\">\n\t\t<div class=\"elementor-element elementor-element-cd21e11 e-flex e-con-boxed e-con e-child\" data-id=\"cd21e11\" data-element_type=\"container\" data-settings=\"{&quot;background_background&quot;:&quot;classic&quot;,&quot;jet_parallax_layout_list&quot;:[]}\">\n\t\t\t\t\t<div class=\"e-con-inner\">\n\t\t\t\t<div class=\"elementor-element elementor-element-7a222d6e elementor-widget elementor-widget-breadcrumbs\" data-id=\"7a222d6e\" data-element_type=\"widget\" data-widget_type=\"breadcrumbs.default\">\n\t\t\t\t<div class=\"elementor-widget-container\">\n\t\t\t\t\t<p id=\"breadcrumbs\"><span><span><a href=\"https:\/\/maltex-global.com\/de\/\">Startseite<\/a><\/span><\/span><\/p>\t\t\t\t<\/div>\n\t\t\t\t<\/div>\n\t\t\t\t\t<\/div>\n\t\t\t\t<\/div>\n\t\t\t\t\t<\/div>\n\t\t\t\t<\/div>\n\t\t<div class=\"elementor-element elementor-element-17ffb56b e-flex e-con-boxed e-con e-parent\" data-id=\"17ffb56b\" data-element_type=\"container\" data-settings=\"{&quot;background_background&quot;:&quot;classic&quot;,&quot;jet_parallax_layout_list&quot;:[]}\">\n\t\t\t\t\t<div class=\"e-con-inner\">\n\t\t\t\t<div class=\"elementor-element elementor-element-94d7993 elementor-widget elementor-widget-heading\" data-id=\"94d7993\" data-element_type=\"widget\" data-widget_type=\"heading.default\">\n\t\t\t\t<div class=\"elementor-widget-container\">\n\t\t\t\t\t<h2 class=\"elementor-heading-title elementor-size-default\">Unsere <b>Partner <\/b> sind unsere  <b>St\u00e4rkeOur <\/b>\n\n<\/h2>\t\t\t\t<\/div>\n\t\t\t\t<\/div>\n\t\t\t\t<div class=\"elementor-element elementor-element-1f40f5b elementor-widget elementor-widget-text-editor\" data-id=\"1f40f5b\" data-element_type=\"widget\" data-widget_type=\"text-editor.default\">\n\t\t\t\t<div class=\"elementor-widget-container\">\n\t\t\t\t\t\t\t\t\t<p>Gemeinsam bilden wir langfristige, f\u00fcr beide Seiten vorteilhafte Gesch\u00e4ftspartnerschaften. Deshalb hoffen wir, dass auch Sie ein Teil unserer gro\u00dfen Familie werden.<\/p><p>DIESES FORMULAR IST NUR F\u00dcR UNTERNEHMEN BESTIMMT.<\/p><p>Bevor Sie das Formular ausf\u00fcllen, lesen Sie bitte die <a href=\"https:\/\/maltex-global.com\/de\/datenschutz\/\">Datenschutzrichtlinien<\/a> und die <a href=\"https:\/\/maltex-global.com\/de\/agb\/\">Gesch\u00e4ftsbedingungen<\/a> durch.<\/p>\t\t\t\t\t\t\t\t<\/div>\n\t\t\t\t<\/div>\n\t\t\t\t\t<\/div>\n\t\t\t\t<\/div>\n\t\t<div class=\"elementor-element elementor-element-f01c3f8 e-flex e-con-boxed e-con e-parent\" data-id=\"f01c3f8\" data-element_type=\"container\" data-settings=\"{&quot;background_background&quot;:&quot;classic&quot;,&quot;jet_parallax_layout_list&quot;:[]}\">\n\t\t\t\t\t<div class=\"e-con-inner\">\n\t\t<div class=\"elementor-element elementor-element-28b1552 e-flex e-con-boxed e-con e-child\" data-id=\"28b1552\" data-element_type=\"container\" data-settings=\"{&quot;jet_parallax_layout_list&quot;:[]}\">\n\t\t\t\t\t<div class=\"e-con-inner\">\n\t\t\t\t<div class=\"elementor-element elementor-element-68bb2ed elementor-widget elementor-widget-heading\" data-id=\"68bb2ed\" data-element_type=\"widget\" data-widget_type=\"heading.default\">\n\t\t\t\t<div class=\"elementor-widget-container\">\n\t\t\t\t\t<h1 class=\"elementor-heading-title elementor-size-default\">F\u00fcllen Sie das <b> Antragsformular aus<\/b><\/h1>\t\t\t\t<\/div>\n\t\t\t\t<\/div>\n\t\t\t\t<div class=\"elementor-element elementor-element-fae8d79 elementor-widget elementor-widget-text-editor\" data-id=\"fae8d79\" data-element_type=\"widget\" data-widget_type=\"text-editor.default\">\n\t\t\t\t<div class=\"elementor-widget-container\">\n\t\t\t\t\t\t\t\t\t<p>Haben Sie ein Anliegen, eine Frage oder m\u00f6chten Sie einfach mehr \u00fcber uns erfahren? Dann schreiben Sie uns eine Nachricht oder rufen Sie uns an. ( <a href=\"\/de\/kontakt\/\">Kontaktseite<\/a> ).<\/p>\t\t\t\t\t\t\t\t<\/div>\n\t\t\t\t<\/div>\n\t\t\t\t<div class=\"elementor-element elementor-element-9feecc7 elementor-widget elementor-widget-text-editor\" data-id=\"9feecc7\" data-element_type=\"widget\" data-widget_type=\"text-editor.default\">\n\t\t\t\t<div class=\"elementor-widget-container\">\n\t\t\t\t\t\t\t\t\t<p>Die mit einem Sternchen (<span style=\"color: red;\">*<\/span>) gekennzeichneten Felder sind Pflichtfelder<\/p>\t\t\t\t\t\t\t\t<\/div>\n\t\t\t\t<\/div>\n\t\t\t\t<div class=\"elementor-element elementor-element-b80afc5 elementor-widget elementor-widget-html\" data-id=\"b80afc5\" data-element_type=\"widget\" data-widget_type=\"html.default\">\n\t\t\t\t<div class=\"elementor-widget-container\">\n\t\t\t\t\t<style type=\"text\/css\" scoped>\n    .caymlandform-innerform {}\n    \n    .caymlandform-post-success {}\n\n    .caymlandform-error { margin-bottom: 10px; color: red; }\n    \n    .caymlandform-message { margin-bottom: 10px;color: green; }\n    \n    .caymlandform-row { display: block; margin-bottom: 20px; }\n    \n    .caymlandform-label { font-size: 1em; display: block; margin-bottom: 5px; }\n    \n    .caymlandform-row.caymlandform-required .caymlandform-label:after { color: #e32; content: \" *\"; display: inline; }\n    \n    .caymlandform-helpmessage { display: block; font-size: 0.9em; margin-bottom: 3px; }\n    \n    .caymlandform-errormsg { display: block; color: red; margin-top: 2px; }\n    \n    .caymlandform-textarea {\n        height: 125px\n    }\n    \n    .caymlandform-button-wrapper .caymlandform-button.btn-default, .caymlandform-pagebreak-wrapper .caymlandform-pagebreak.btn-default { width: 100%;\n    }\n    \n<\/style>\n<script type=\"text\/javascript\" src=\"\/\/maltex.m-4.mk\/form\/generate.js?id=6\"><\/script>\n\t\t\t\t<\/div>\n\t\t\t\t<\/div>\n\t\t\t\t\t<\/div>\n\t\t\t\t<\/div>\n\t\t\t\t\t<\/div>\n\t\t\t\t<\/div>\n\t\t\t\t<\/div>\n\t\t","protected":false},"excerpt":{"rendered":"<p>Unsere Partner sind unsere St\u00e4rkeOur Gemeinsam bilden wir langfristige, f\u00fcr beide Seiten vorteilhafte Gesch\u00e4ftspartnerschaften. Deshalb hoffen wir, dass auch Sie [&hellip;]<\/p>\n","protected":false},"author":1,"featured_media":790,"parent":0,"menu_order":0,"comment_status":"closed","ping_status":"closed","template":"","meta":{"inline_featured_image":false,"site-sidebar-layout":"no-sidebar","site-content-layout":"","ast-site-content-layout":"full-width-container","site-content-style":"default","site-sidebar-style":"default","ast-global-header-display":"","ast-banner-title-visibility":"","ast-main-header-display":"","ast-hfb-above-header-display":"","ast-hfb-below-header-display":"","ast-hfb-mobile-header-display":"","site-post-title":"disabled","ast-breadcrumbs-content":"","ast-featured-img":"disabled","footer-sml-layout":"","theme-transparent-header-meta":"default","adv-header-id-meta":"","stick-header-meta":"","header-above-stick-meta":"","header-main-stick-meta":"","header-below-stick-meta":"","astra-migrate-meta-layouts":"set","ast-page-background-enabled":"default","ast-page-background-meta":{"desktop":{"background-color":"var(--ast-global-color-4)","background-image":"","background-repeat":"repeat","background-position":"center center","background-size":"auto","background-attachment":"scroll","background-type":"","background-media":"","overlay-type":"","overlay-color":"","overlay-opacity":"","overlay-gradient":""},"tablet":{"background-color":"","background-image":"","background-repeat":"repeat","background-position":"center center","background-size":"auto","background-attachment":"scroll","background-type":"","background-media":"","overlay-type":"","overlay-color":"","overlay-opacity":"","overlay-gradient":""},"mobile":{"background-color":"","background-image":"","background-repeat":"repeat","background-position":"center center","background-size":"auto","background-attachment":"scroll","background-type":"","background-media":"","overlay-type":"","overlay-color":"","overlay-opacity":"","overlay-gradient":""}},"ast-content-background-meta":{"desktop":{"background-color":"var(--ast-global-color-5)","background-image":"","background-repeat":"repeat","background-position":"center center","background-size":"auto","background-attachment":"scroll","background-type":"","background-media":"","overlay-type":"","overlay-color":"","overlay-opacity":"","overlay-gradient":""},"tablet":{"background-color":"var(--ast-global-color-5)","background-image":"","background-repeat":"repeat","background-position":"center center","background-size":"auto","background-attachment":"scroll","background-type":"","background-media":"","overlay-type":"","overlay-color":"","overlay-opacity":"","overlay-gradient":""},"mobile":{"background-color":"var(--ast-global-color-5)","background-image":"","background-repeat":"repeat","background-position":"center center","background-size":"auto","background-attachment":"scroll","background-type":"","background-media":"","overlay-type":"","overlay-color":"","overlay-opacity":"","overlay-gradient":""}},"footnotes":""},"class_list":["post-788","page","type-page","status-publish","has-post-thumbnail","hentry"],"yoast_head":"<!-- This site is optimized with the Yoast SEO plugin v24.6 - https:\/\/yoast.com\/wordpress\/plugins\/seo\/ -->\n<title>Werde ein Partner - Maltex Global DE<\/title>\n<meta name=\"description\" content=\"Join our large family of long-term, mutually beneficial business partnerships. Discover the strength of our collaborative approach today!\" \/>\n<meta name=\"robots\" content=\"index, follow, max-snippet:-1, max-image-preview:large, max-video-preview:-1\" \/>\n<link rel=\"canonical\" href=\"https:\/\/maltex-global.com\/de\/werde-ein-partner\/\" \/>\n<meta property=\"og:locale\" content=\"en_US\" \/>\n<meta property=\"og:type\" content=\"article\" \/>\n<meta property=\"og:title\" content=\"Werde ein Partner - Maltex Global DE\" \/>\n<meta property=\"og:description\" content=\"Join our large family of long-term, mutually beneficial business partnerships. Discover the strength of our collaborative approach today!\" \/>\n<meta property=\"og:url\" content=\"https:\/\/maltex-global.com\/de\/werde-ein-partner\/\" \/>\n<meta property=\"og:site_name\" content=\"Maltex Global DE\" \/>\n<meta property=\"article:modified_time\" content=\"2024-10-28T21:45:11+00:00\" \/>\n<meta property=\"og:image\" content=\"https:\/\/maltex-global.com\/de\/wp-content\/uploads\/sites\/2\/2024\/06\/partners.jpg\" \/>\n\t<meta property=\"og:image:width\" content=\"1500\" \/>\n\t<meta property=\"og:image:height\" content=\"1001\" \/>\n\t<meta property=\"og:image:type\" content=\"image\/jpeg\" \/>\n<meta name=\"twitter:card\" content=\"summary_large_image\" \/>\n<meta name=\"twitter:label1\" content=\"Est. reading time\" \/>\n\t<meta name=\"twitter:data1\" content=\"1 minute\" \/>\n<script type=\"application\/ld+json\" class=\"yoast-schema-graph\">{\"@context\":\"https:\/\/schema.org\",\"@graph\":[{\"@type\":\"WebPage\",\"@id\":\"https:\/\/maltex-global.com\/de\/werde-ein-partner\/\",\"url\":\"https:\/\/maltex-global.com\/de\/werde-ein-partner\/\",\"name\":\"Werde ein Partner - Maltex Global DE\",\"isPartOf\":{\"@id\":\"https:\/\/maltex-global.com\/de\/#website\"},\"primaryImageOfPage\":{\"@id\":\"https:\/\/maltex-global.com\/de\/werde-ein-partner\/#primaryimage\"},\"image\":{\"@id\":\"https:\/\/maltex-global.com\/de\/werde-ein-partner\/#primaryimage\"},\"thumbnailUrl\":\"https:\/\/maltex-global.com\/de\/wp-content\/uploads\/sites\/2\/2024\/06\/partners.jpg\",\"datePublished\":\"2024-06-21T09:19:49+00:00\",\"dateModified\":\"2024-10-28T21:45:11+00:00\",\"description\":\"Join our large family of long-term, mutually beneficial business partnerships. Discover the strength of our collaborative approach today!\",\"breadcrumb\":{\"@id\":\"https:\/\/maltex-global.com\/de\/werde-ein-partner\/#breadcrumb\"},\"inLanguage\":\"en-US\",\"potentialAction\":[{\"@type\":\"ReadAction\",\"target\":[\"https:\/\/maltex-global.com\/de\/werde-ein-partner\/\"]}]},{\"@type\":\"ImageObject\",\"inLanguage\":\"en-US\",\"@id\":\"https:\/\/maltex-global.com\/de\/werde-ein-partner\/#primaryimage\",\"url\":\"https:\/\/maltex-global.com\/de\/wp-content\/uploads\/sites\/2\/2024\/06\/partners.jpg\",\"contentUrl\":\"https:\/\/maltex-global.com\/de\/wp-content\/uploads\/sites\/2\/2024\/06\/partners.jpg\",\"width\":1500,\"height\":1001},{\"@type\":\"BreadcrumbList\",\"@id\":\"https:\/\/maltex-global.com\/de\/werde-ein-partner\/#breadcrumb\",\"itemListElement\":[{\"@type\":\"ListItem\",\"position\":1,\"name\":\"Startseite\",\"item\":\"https:\/\/maltex-global.com\/de\/\"},{\"@type\":\"ListItem\",\"position\":2,\"name\":\"Werde ein Partner\"}]},{\"@type\":\"WebSite\",\"@id\":\"https:\/\/maltex-global.com\/de\/#website\",\"url\":\"https:\/\/maltex-global.com\/de\/\",\"name\":\"Maltex Global DE\",\"description\":\"Ihre Quelle f\u00fcr Qualit\u00e4tsprodukte\",\"publisher\":{\"@id\":\"https:\/\/maltex-global.com\/de\/#organization\"},\"potentialAction\":[{\"@type\":\"SearchAction\",\"target\":{\"@type\":\"EntryPoint\",\"urlTemplate\":\"https:\/\/maltex-global.com\/de\/?s={search_term_string}\"},\"query-input\":{\"@type\":\"PropertyValueSpecification\",\"valueRequired\":true,\"valueName\":\"search_term_string\"}}],\"inLanguage\":\"en-US\"},{\"@type\":\"Organization\",\"@id\":\"https:\/\/maltex-global.com\/de\/#organization\",\"name\":\"Maltex Global DE\",\"url\":\"https:\/\/maltex-global.com\/de\/\",\"logo\":{\"@type\":\"ImageObject\",\"inLanguage\":\"en-US\",\"@id\":\"https:\/\/maltex-global.com\/de\/#\/schema\/logo\/image\/\",\"url\":\"https:\/\/maltex-global.com\/de\/wp-content\/uploads\/sites\/2\/2024\/06\/logo_maltex.svg\",\"contentUrl\":\"https:\/\/maltex-global.com\/de\/wp-content\/uploads\/sites\/2\/2024\/06\/logo_maltex.svg\",\"width\":1029,\"height\":229,\"caption\":\"Maltex Global DE\"},\"image\":{\"@id\":\"https:\/\/maltex-global.com\/de\/#\/schema\/logo\/image\/\"}}]}<\/script>\n<!-- \/ Yoast SEO plugin. -->","yoast_head_json":{"title":"Werde ein Partner - Maltex Global DE","description":"Join our large family of long-term, mutually beneficial business partnerships. Discover the strength of our collaborative approach today!","robots":{"index":"index","follow":"follow","max-snippet":"max-snippet:-1","max-image-preview":"max-image-preview:large","max-video-preview":"max-video-preview:-1"},"canonical":"https:\/\/maltex-global.com\/de\/werde-ein-partner\/","og_locale":"en_US","og_type":"article","og_title":"Werde ein Partner - Maltex Global DE","og_description":"Join our large family of long-term, mutually beneficial business partnerships. Discover the strength of our collaborative approach today!","og_url":"https:\/\/maltex-global.com\/de\/werde-ein-partner\/","og_site_name":"Maltex Global DE","article_modified_time":"2024-10-28T21:45:11+00:00","og_image":[{"width":1500,"height":1001,"url":"https:\/\/maltex-global.com\/de\/wp-content\/uploads\/sites\/2\/2024\/06\/partners.jpg","type":"image\/jpeg"}],"twitter_card":"summary_large_image","twitter_misc":{"Est. reading time":"1 minute"},"schema":{"@context":"https:\/\/schema.org","@graph":[{"@type":"WebPage","@id":"https:\/\/maltex-global.com\/de\/werde-ein-partner\/","url":"https:\/\/maltex-global.com\/de\/werde-ein-partner\/","name":"Werde ein Partner - Maltex Global DE","isPartOf":{"@id":"https:\/\/maltex-global.com\/de\/#website"},"primaryImageOfPage":{"@id":"https:\/\/maltex-global.com\/de\/werde-ein-partner\/#primaryimage"},"image":{"@id":"https:\/\/maltex-global.com\/de\/werde-ein-partner\/#primaryimage"},"thumbnailUrl":"https:\/\/maltex-global.com\/de\/wp-content\/uploads\/sites\/2\/2024\/06\/partners.jpg","datePublished":"2024-06-21T09:19:49+00:00","dateModified":"2024-10-28T21:45:11+00:00","description":"Join our large family of long-term, mutually beneficial business partnerships. Discover the strength of our collaborative approach today!","breadcrumb":{"@id":"https:\/\/maltex-global.com\/de\/werde-ein-partner\/#breadcrumb"},"inLanguage":"en-US","potentialAction":[{"@type":"ReadAction","target":["https:\/\/maltex-global.com\/de\/werde-ein-partner\/"]}]},{"@type":"ImageObject","inLanguage":"en-US","@id":"https:\/\/maltex-global.com\/de\/werde-ein-partner\/#primaryimage","url":"https:\/\/maltex-global.com\/de\/wp-content\/uploads\/sites\/2\/2024\/06\/partners.jpg","contentUrl":"https:\/\/maltex-global.com\/de\/wp-content\/uploads\/sites\/2\/2024\/06\/partners.jpg","width":1500,"height":1001},{"@type":"BreadcrumbList","@id":"https:\/\/maltex-global.com\/de\/werde-ein-partner\/#breadcrumb","itemListElement":[{"@type":"ListItem","position":1,"name":"Startseite","item":"https:\/\/maltex-global.com\/de\/"},{"@type":"ListItem","position":2,"name":"Werde ein Partner"}]},{"@type":"WebSite","@id":"https:\/\/maltex-global.com\/de\/#website","url":"https:\/\/maltex-global.com\/de\/","name":"Maltex Global DE","description":"Ihre Quelle f\u00fcr Qualit\u00e4tsprodukte","publisher":{"@id":"https:\/\/maltex-global.com\/de\/#organization"},"potentialAction":[{"@type":"SearchAction","target":{"@type":"EntryPoint","urlTemplate":"https:\/\/maltex-global.com\/de\/?s={search_term_string}"},"query-input":{"@type":"PropertyValueSpecification","valueRequired":true,"valueName":"search_term_string"}}],"inLanguage":"en-US"},{"@type":"Organization","@id":"https:\/\/maltex-global.com\/de\/#organization","name":"Maltex Global DE","url":"https:\/\/maltex-global.com\/de\/","logo":{"@type":"ImageObject","inLanguage":"en-US","@id":"https:\/\/maltex-global.com\/de\/#\/schema\/logo\/image\/","url":"https:\/\/maltex-global.com\/de\/wp-content\/uploads\/sites\/2\/2024\/06\/logo_maltex.svg","contentUrl":"https:\/\/maltex-global.com\/de\/wp-content\/uploads\/sites\/2\/2024\/06\/logo_maltex.svg","width":1029,"height":229,"caption":"Maltex Global DE"},"image":{"@id":"https:\/\/maltex-global.com\/de\/#\/schema\/logo\/image\/"}}]}},"_links":{"self":[{"href":"https:\/\/maltex-global.com\/de\/wp-json\/wp\/v2\/pages\/788","targetHints":{"allow":["GET"]}}],"collection":[{"href":"https:\/\/maltex-global.com\/de\/wp-json\/wp\/v2\/pages"}],"about":[{"href":"https:\/\/maltex-global.com\/de\/wp-json\/wp\/v2\/types\/page"}],"author":[{"embeddable":true,"href":"https:\/\/maltex-global.com\/de\/wp-json\/wp\/v2\/users\/1"}],"replies":[{"embeddable":true,"href":"https:\/\/maltex-global.com\/de\/wp-json\/wp\/v2\/comments?post=788"}],"version-history":[{"count":62,"href":"https:\/\/maltex-global.com\/de\/wp-json\/wp\/v2\/pages\/788\/revisions"}],"predecessor-version":[{"id":1606,"href":"https:\/\/maltex-global.com\/de\/wp-json\/wp\/v2\/pages\/788\/revisions\/1606"}],"wp:featuredmedia":[{"embeddable":true,"href":"https:\/\/maltex-global.com\/de\/wp-json\/wp\/v2\/media\/790"}],"wp:attachment":[{"href":"https:\/\/maltex-global.com\/de\/wp-json\/wp\/v2\/media?parent=788"}],"curies":[{"name":"wp","href":"https:\/\/api.w.org\/{rel}","templated":true}]}}