{"id":568,"date":"2024-06-18T18:48:11","date_gmt":"2024-06-18T16:48:11","guid":{"rendered":"https:\/\/maltex-global.com\/de\/?page_id=568"},"modified":"2025-05-03T09:35:45","modified_gmt":"2025-05-03T07:35:45","slug":"downloads","status":"publish","type":"page","link":"https:\/\/maltex-global.com\/de\/downloads\/","title":{"rendered":"Downloads"},"content":{"rendered":"\t\t<div data-elementor-type=\"wp-page\" data-elementor-id=\"568\" class=\"elementor elementor-568\" data-elementor-post-type=\"page\">\n\t\t\t\t<div class=\"elementor-element elementor-element-73c6c68b e-flex e-con-boxed e-con e-parent\" data-id=\"73c6c68b\" data-element_type=\"container\" data-settings=\"{&quot;background_background&quot;:&quot;classic&quot;,&quot;jet_parallax_layout_list&quot;:[]}\">\n\t\t\t\t\t<div class=\"e-con-inner\">\n\t\t\t\t\t<\/div>\n\t\t\t\t<\/div>\n\t\t<div class=\"elementor-element elementor-element-424431e1 e-grid e-con-boxed e-con e-parent\" data-id=\"424431e1\" data-element_type=\"container\" data-settings=\"{&quot;jet_parallax_layout_list&quot;:[]}\">\n\t\t\t\t\t<div class=\"e-con-inner\">\n\t\t<div class=\"elementor-element elementor-element-cd21e11 e-flex e-con-boxed e-con e-child\" data-id=\"cd21e11\" data-element_type=\"container\" data-settings=\"{&quot;background_background&quot;:&quot;classic&quot;,&quot;jet_parallax_layout_list&quot;:[]}\">\n\t\t\t\t\t<div class=\"e-con-inner\">\n\t\t\t\t<div class=\"elementor-element elementor-element-7a222d6e elementor-widget elementor-widget-breadcrumbs\" data-id=\"7a222d6e\" data-element_type=\"widget\" data-widget_type=\"breadcrumbs.default\">\n\t\t\t\t<div class=\"elementor-widget-container\">\n\t\t\t\t\t<p id=\"breadcrumbs\"><span><span><a href=\"https:\/\/maltex-global.com\/de\/\">Startseite<\/a><\/span><\/span><\/p>\t\t\t\t<\/div>\n\t\t\t\t<\/div>\n\t\t\t\t\t<\/div>\n\t\t\t\t<\/div>\n\t\t\t\t\t<\/div>\n\t\t\t\t<\/div>\n\t\t<div class=\"elementor-element elementor-element-17ffb56b e-flex e-con-boxed e-con e-parent\" data-id=\"17ffb56b\" data-element_type=\"container\" data-settings=\"{&quot;background_background&quot;:&quot;classic&quot;,&quot;jet_parallax_layout_list&quot;:[]}\">\n\t\t\t\t\t<div class=\"e-con-inner\">\n\t\t\t\t<div class=\"elementor-element elementor-element-94d7993 elementor-widget elementor-widget-heading\" data-id=\"94d7993\" data-element_type=\"widget\" data-widget_type=\"heading.default\">\n\t\t\t\t<div class=\"elementor-widget-container\">\n\t\t\t\t\t<h2 class=\"elementor-heading-title elementor-size-default\">Dokumente <b>runterladen<\/b><\/h2>\t\t\t\t<\/div>\n\t\t\t\t<\/div>\n\t\t\t\t<div class=\"elementor-element elementor-element-1f40f5b elementor-widget elementor-widget-text-editor\" data-id=\"1f40f5b\" data-element_type=\"widget\" data-widget_type=\"text-editor.default\">\n\t\t\t\t<div class=\"elementor-widget-container\">\n\t\t\t\t\t\t\t\t\t<h3>Brauchen Sie Unterst\u00fctzung? Nehmen Sie Kontakt auf, wir helfen Ihnen gerne.<\/h3><p>Sie m\u00f6chten pers\u00f6nliche Unterst\u00fctzung? Sie erhalten Unterst\u00fctzung per Telefon oder E-Mail.<\/p>\t\t\t\t\t\t\t\t<\/div>\n\t\t\t\t<\/div>\n\t\t\t\t\t<\/div>\n\t\t\t\t<\/div>\n\t\t<div class=\"elementor-element elementor-element-3697deb e-grid e-con-boxed e-con e-parent\" data-id=\"3697deb\" data-element_type=\"container\" data-settings=\"{&quot;background_background&quot;:&quot;classic&quot;,&quot;jet_parallax_layout_list&quot;:[]}\">\n\t\t\t\t\t<div class=\"e-con-inner\">\n\t\t\t\t<div class=\"elementor-element elementor-element-768e652 ekit-equal-height-disable elementor-widget elementor-widget-elementskit-image-box\" data-id=\"768e652\" data-element_type=\"widget\" data-widget_type=\"elementskit-image-box.default\">\n\t\t\t\t<div class=\"elementor-widget-container\">\n\t\t\t\t\t<div class=\"ekit-wid-con\" >\n            <div class=\"elementskit-info-image-box ekit-image-box text-center simple-card\" >\n\n                \n                <div class=\"elementskit-box-header image-box-img-center\">\n\n                    <img fetchpriority=\"high\" decoding=\"async\" width=\"1810\" height=\"2560\" src=\"https:\/\/maltex-global.com\/de\/wp-content\/uploads\/sites\/2\/2025\/04\/page_1_de-scaled.jpg\" class=\"attachment-full size-full wp-image-1789\" alt=\"\" srcset=\"https:\/\/maltex-global.com\/de\/wp-content\/uploads\/sites\/2\/2025\/04\/page_1_de-scaled.jpg 1810w, https:\/\/maltex-global.com\/de\/wp-content\/uploads\/sites\/2\/2025\/04\/page_1_de-212x300.jpg 212w, https:\/\/maltex-global.com\/de\/wp-content\/uploads\/sites\/2\/2025\/04\/page_1_de-724x1024.jpg 724w, https:\/\/maltex-global.com\/de\/wp-content\/uploads\/sites\/2\/2025\/04\/page_1_de-768x1086.jpg 768w, https:\/\/maltex-global.com\/de\/wp-content\/uploads\/sites\/2\/2025\/04\/page_1_de-1086x1536.jpg 1086w, https:\/\/maltex-global.com\/de\/wp-content\/uploads\/sites\/2\/2025\/04\/page_1_de-1448x2048.jpg 1448w\" sizes=\"(max-width: 1810px) 100vw, 1810px\" \/>\n                <\/div>\n                \n                <div class=\"elementskit-box-body ekit-image-box-body\">\n                    <div class=\"elementskit-box-content ekit-image-box-body-inner\">\n                                                <h3 class=\"elementskit-info-box-title\">\n\n                        Produktkatalog 2025\n                        \n                    <\/h3>\n                                                        <\/div>\n\n                                <div class=\"elementskit-box-footer\">\n                    <div class=\"box-footer\">\n                        <div class=\"btn-wraper\">\n                                                            <a href=\"\/de\/wp-content\/uploads\/sites\/2\/2025\/04\/Produktkatalog_Maltex_2025_DEcompressed.pdf\" target=\"_blank\" class=\"elementskit-btn whitespace--normal\">\n                                    Herunterladen\n                                    <i aria-hidden=\"true\" class=\"icon icon-download\"><\/i>\n                                <\/a>\n                                                        <\/div>\n                    <\/div>\n                <\/div>\n                            <\/div>\n            <\/div>\n    <\/div>\t\t\t\t<\/div>\n\t\t\t\t<\/div>\n\t\t\t\t<div class=\"elementor-element elementor-element-632f433 elementor-hidden-desktop elementor-hidden-tablet elementor-hidden-mobile ekit-equal-height-disable elementor-widget elementor-widget-elementskit-image-box\" data-id=\"632f433\" data-element_type=\"widget\" data-widget_type=\"elementskit-image-box.default\">\n\t\t\t\t<div class=\"elementor-widget-container\">\n\t\t\t\t\t<div class=\"ekit-wid-con\" >\n            <div class=\"elementskit-info-image-box ekit-image-box text-center simple-card\" >\n\n                \n                <div class=\"elementskit-box-header image-box-img-center\">\n\n                    <img decoding=\"async\" width=\"1000\" height=\"1415\" src=\"https:\/\/maltex-global.com\/de\/wp-content\/uploads\/sites\/2\/2024\/06\/cover_brochure_fiberglass_mesh_megatrade_2024_en.jpg\" class=\"attachment-full size-full wp-image-1244\" alt=\"\" srcset=\"https:\/\/maltex-global.com\/de\/wp-content\/uploads\/sites\/2\/2024\/06\/cover_brochure_fiberglass_mesh_megatrade_2024_en.jpg 1000w, https:\/\/maltex-global.com\/de\/wp-content\/uploads\/sites\/2\/2024\/06\/cover_brochure_fiberglass_mesh_megatrade_2024_en-212x300.jpg 212w, https:\/\/maltex-global.com\/de\/wp-content\/uploads\/sites\/2\/2024\/06\/cover_brochure_fiberglass_mesh_megatrade_2024_en-724x1024.jpg 724w, https:\/\/maltex-global.com\/de\/wp-content\/uploads\/sites\/2\/2024\/06\/cover_brochure_fiberglass_mesh_megatrade_2024_en-768x1087.jpg 768w\" sizes=\"(max-width: 1000px) 100vw, 1000px\" \/>\n                <\/div>\n                \n                <div class=\"elementskit-box-body ekit-image-box-body\">\n                    <div class=\"elementskit-box-content ekit-image-box-body-inner\">\n                                                <h3 class=\"elementskit-info-box-title\">\n\n                        Armierungsgewebe\n                        \n                    <\/h3>\n                                                        <\/div>\n\n                                <div class=\"elementskit-box-footer\">\n                    <div class=\"box-footer\">\n                        <div class=\"btn-wraper\">\n                                                            <a href=\"\/de\/wp-content\/uploads\/sites\/2\/2024\/07\/megatrade_2024.pdf\" target=\"_blank\" class=\"elementskit-btn whitespace--normal\">\n                                    Herunterladen\n                                    <i aria-hidden=\"true\" class=\"icon icon-download\"><\/i>\n                                <\/a>\n                                                        <\/div>\n                    <\/div>\n                <\/div>\n                            <\/div>\n            <\/div>\n    <\/div>\t\t\t\t<\/div>\n\t\t\t\t<\/div>\n\t\t\t\t<div class=\"elementor-element elementor-element-93a6d07 elementor-hidden-desktop elementor-hidden-tablet elementor-hidden-mobile ekit-equal-height-disable elementor-widget elementor-widget-elementskit-image-box\" data-id=\"93a6d07\" data-element_type=\"widget\" data-widget_type=\"elementskit-image-box.default\">\n\t\t\t\t<div class=\"elementor-widget-container\">\n\t\t\t\t\t<div class=\"ekit-wid-con\" >\n            <div class=\"elementskit-info-image-box ekit-image-box text-center simple-card\" >\n\n                \n                <div class=\"elementskit-box-header image-box-img-center\">\n\n                    <img decoding=\"async\" width=\"1000\" height=\"1402\" src=\"https:\/\/maltex-global.com\/de\/wp-content\/uploads\/sites\/2\/2024\/06\/cover_brochure_fiberglass_mesh_160g_en.jpg\" class=\"attachment-full size-full wp-image-1208\" alt=\"\" srcset=\"https:\/\/maltex-global.com\/de\/wp-content\/uploads\/sites\/2\/2024\/06\/cover_brochure_fiberglass_mesh_160g_en.jpg 1000w, https:\/\/maltex-global.com\/de\/wp-content\/uploads\/sites\/2\/2024\/06\/cover_brochure_fiberglass_mesh_160g_en-214x300.jpg 214w, https:\/\/maltex-global.com\/de\/wp-content\/uploads\/sites\/2\/2024\/06\/cover_brochure_fiberglass_mesh_160g_en-730x1024.jpg 730w, https:\/\/maltex-global.com\/de\/wp-content\/uploads\/sites\/2\/2024\/06\/cover_brochure_fiberglass_mesh_160g_en-768x1077.jpg 768w\" sizes=\"(max-width: 1000px) 100vw, 1000px\" \/>\n                <\/div>\n                \n                <div class=\"elementskit-box-body ekit-image-box-body\">\n                    <div class=\"elementskit-box-content ekit-image-box-body-inner\">\n                                                <h3 class=\"elementskit-info-box-title\">\n\n                        Armierungsgewebe\n                        \n                    <\/h3>\n                                                        <\/div>\n\n                                <div class=\"elementskit-box-footer\">\n                    <div class=\"box-footer\">\n                        <div class=\"btn-wraper\">\n                                                            <a href=\"\/wp-content\/uploads\/2024\/06\/brochure_armierungsgewebe_160g_en.pdf\" target=\"_blank\" class=\"elementskit-btn whitespace--normal\">\n                                    Herunterladen\n                                    <i aria-hidden=\"true\" class=\"icon icon-download\"><\/i>\n                                <\/a>\n                                                        <\/div>\n                    <\/div>\n                <\/div>\n                            <\/div>\n            <\/div>\n    <\/div>\t\t\t\t<\/div>\n\t\t\t\t<\/div>\n\t\t\t\t<div class=\"elementor-element elementor-element-bae0e0d ekit-equal-height-disable elementor-widget elementor-widget-elementskit-image-box\" data-id=\"bae0e0d\" data-element_type=\"widget\" data-widget_type=\"elementskit-image-box.default\">\n\t\t\t\t<div class=\"elementor-widget-container\">\n\t\t\t\t\t<div class=\"ekit-wid-con\" >\n            <div class=\"elementskit-info-image-box ekit-image-box text-center simple-card\" >\n\n                \n                <div class=\"elementskit-box-header image-box-img-center\">\n\n                    <img loading=\"lazy\" decoding=\"async\" width=\"1241\" height=\"1754\" src=\"https:\/\/maltex-global.com\/de\/wp-content\/uploads\/sites\/2\/2024\/07\/Fasadni_sistemi_brosura_2024_DE_page-0001.jpg\" class=\"attachment-full size-full wp-image-1536\" alt=\"\" srcset=\"https:\/\/maltex-global.com\/de\/wp-content\/uploads\/sites\/2\/2024\/07\/Fasadni_sistemi_brosura_2024_DE_page-0001.jpg 1241w, https:\/\/maltex-global.com\/de\/wp-content\/uploads\/sites\/2\/2024\/07\/Fasadni_sistemi_brosura_2024_DE_page-0001-212x300.jpg 212w, https:\/\/maltex-global.com\/de\/wp-content\/uploads\/sites\/2\/2024\/07\/Fasadni_sistemi_brosura_2024_DE_page-0001-725x1024.jpg 725w, https:\/\/maltex-global.com\/de\/wp-content\/uploads\/sites\/2\/2024\/07\/Fasadni_sistemi_brosura_2024_DE_page-0001-768x1085.jpg 768w, https:\/\/maltex-global.com\/de\/wp-content\/uploads\/sites\/2\/2024\/07\/Fasadni_sistemi_brosura_2024_DE_page-0001-1087x1536.jpg 1087w\" sizes=\"(max-width: 1241px) 100vw, 1241px\" \/>\n                <\/div>\n                \n                <div class=\"elementskit-box-body ekit-image-box-body\">\n                    <div class=\"elementskit-box-content ekit-image-box-body-inner\">\n                                                <h3 class=\"elementskit-info-box-title\">\n\n                        Fassadensysteme\n                        \n                    <\/h3>\n                                                        <\/div>\n\n                                <div class=\"elementskit-box-footer\">\n                    <div class=\"box-footer\">\n                        <div class=\"btn-wraper\">\n                                                            <a href=\"\/de\/wp-content\/uploads\/sites\/2\/2024\/07\/Fasadni_sistemi_brosura_2024_DE.pdf\" target=\"_blank\" class=\"elementskit-btn whitespace--normal\">\n                                    Herunterladen\n                                    <i aria-hidden=\"true\" class=\"icon icon-download\"><\/i>\n                                <\/a>\n                                                        <\/div>\n                    <\/div>\n                <\/div>\n                            <\/div>\n            <\/div>\n    <\/div>\t\t\t\t<\/div>\n\t\t\t\t<\/div>\n\t\t\t\t\t<\/div>\n\t\t\t\t<\/div>\n\t\t\t\t<\/div>\n\t\t","protected":false},"excerpt":{"rendered":"<p>Dokumente runterladen Brauchen Sie Unterst\u00fctzung? Nehmen Sie Kontakt auf, wir helfen Ihnen gerne. Sie m\u00f6chten pers\u00f6nliche Unterst\u00fctzung? Sie erhalten Unterst\u00fctzung [&hellip;]<\/p>\n","protected":false},"author":1,"featured_media":288,"parent":0,"menu_order":0,"comment_status":"closed","ping_status":"closed","template":"","meta":{"inline_featured_image":false,"site-sidebar-layout":"no-sidebar","site-content-layout":"","ast-site-content-layout":"full-width-container","site-content-style":"default","site-sidebar-style":"default","ast-global-header-display":"","ast-banner-title-visibility":"","ast-main-header-display":"","ast-hfb-above-header-display":"","ast-hfb-below-header-display":"","ast-hfb-mobile-header-display":"","site-post-title":"disabled","ast-breadcrumbs-content":"","ast-featured-img":"disabled","footer-sml-layout":"","theme-transparent-header-meta":"default","adv-header-id-meta":"","stick-header-meta":"","header-above-stick-meta":"","header-main-stick-meta":"","header-below-stick-meta":"","astra-migrate-meta-layouts":"set","ast-page-background-enabled":"default","ast-page-background-meta":{"desktop":{"background-color":"var(--ast-global-color-4)","background-image":"","background-repeat":"repeat","background-position":"center center","background-size":"auto","background-attachment":"scroll","background-type":"","background-media":"","overlay-type":"","overlay-color":"","overlay-opacity":"","overlay-gradient":""},"tablet":{"background-color":"","background-image":"","background-repeat":"repeat","background-position":"center center","background-size":"auto","background-attachment":"scroll","background-type":"","background-media":"","overlay-type":"","overlay-color":"","overlay-opacity":"","overlay-gradient":""},"mobile":{"background-color":"","background-image":"","background-repeat":"repeat","background-position":"center center","background-size":"auto","background-attachment":"scroll","background-type":"","background-media":"","overlay-type":"","overlay-color":"","overlay-opacity":"","overlay-gradient":""}},"ast-content-background-meta":{"desktop":{"background-color":"var(--ast-global-color-5)","background-image":"","background-repeat":"repeat","background-position":"center center","background-size":"auto","background-attachment":"scroll","background-type":"","background-media":"","overlay-type":"","overlay-color":"","overlay-opacity":"","overlay-gradient":""},"tablet":{"background-color":"var(--ast-global-color-5)","background-image":"","background-repeat":"repeat","background-position":"center center","background-size":"auto","background-attachment":"scroll","background-type":"","background-media":"","overlay-type":"","overlay-color":"","overlay-opacity":"","overlay-gradient":""},"mobile":{"background-color":"var(--ast-global-color-5)","background-image":"","background-repeat":"repeat","background-position":"center center","background-size":"auto","background-attachment":"scroll","background-type":"","background-media":"","overlay-type":"","overlay-color":"","overlay-opacity":"","overlay-gradient":""}},"footnotes":""},"class_list":["post-568","page","type-page","status-publish","has-post-thumbnail","hentry"],"yoast_head":"<!-- This site is optimized with the Yoast SEO plugin v24.6 - https:\/\/yoast.com\/wordpress\/plugins\/seo\/ -->\n<title>Downloads - Maltex Global DE<\/title>\n<meta name=\"description\" content=\"Download our brochure for detailed insights into our products, services, and exclusive deals. Discover how we can meet your needs today!\" \/>\n<meta name=\"robots\" content=\"index, follow, max-snippet:-1, max-image-preview:large, max-video-preview:-1\" \/>\n<link rel=\"canonical\" href=\"https:\/\/maltex-global.com\/de\/downloads\/\" \/>\n<meta property=\"og:locale\" content=\"en_US\" \/>\n<meta property=\"og:type\" content=\"article\" \/>\n<meta property=\"og:title\" content=\"Downloads - Maltex Global DE\" \/>\n<meta property=\"og:description\" content=\"Download our brochure for detailed insights into our products, services, and exclusive deals. Discover how we can meet your needs today!\" \/>\n<meta property=\"og:url\" content=\"https:\/\/maltex-global.com\/de\/downloads\/\" \/>\n<meta property=\"og:site_name\" content=\"Maltex Global DE\" \/>\n<meta property=\"article:modified_time\" content=\"2025-05-03T07:35:45+00:00\" \/>\n<meta property=\"og:image\" content=\"https:\/\/maltex-global.com\/de\/wp-content\/uploads\/sites\/2\/2024\/06\/under-construction.jpg\" \/>\n\t<meta property=\"og:image:width\" content=\"1500\" \/>\n\t<meta property=\"og:image:height\" content=\"1001\" \/>\n\t<meta property=\"og:image:type\" content=\"image\/jpeg\" \/>\n<meta name=\"twitter:card\" content=\"summary_large_image\" \/>\n<meta name=\"twitter:label1\" content=\"Est. reading time\" \/>\n\t<meta name=\"twitter:data1\" content=\"1 minute\" \/>\n<script type=\"application\/ld+json\" class=\"yoast-schema-graph\">{\"@context\":\"https:\/\/schema.org\",\"@graph\":[{\"@type\":\"WebPage\",\"@id\":\"https:\/\/maltex-global.com\/de\/downloads\/\",\"url\":\"https:\/\/maltex-global.com\/de\/downloads\/\",\"name\":\"Downloads - Maltex Global DE\",\"isPartOf\":{\"@id\":\"https:\/\/maltex-global.com\/de\/#website\"},\"primaryImageOfPage\":{\"@id\":\"https:\/\/maltex-global.com\/de\/downloads\/#primaryimage\"},\"image\":{\"@id\":\"https:\/\/maltex-global.com\/de\/downloads\/#primaryimage\"},\"thumbnailUrl\":\"https:\/\/maltex-global.com\/de\/wp-content\/uploads\/sites\/2\/2024\/06\/under-construction.jpg\",\"datePublished\":\"2024-06-18T16:48:11+00:00\",\"dateModified\":\"2025-05-03T07:35:45+00:00\",\"description\":\"Download our brochure for detailed insights into our products, services, and exclusive deals. Discover how we can meet your needs today!\",\"breadcrumb\":{\"@id\":\"https:\/\/maltex-global.com\/de\/downloads\/#breadcrumb\"},\"inLanguage\":\"en-US\",\"potentialAction\":[{\"@type\":\"ReadAction\",\"target\":[\"https:\/\/maltex-global.com\/de\/downloads\/\"]}]},{\"@type\":\"ImageObject\",\"inLanguage\":\"en-US\",\"@id\":\"https:\/\/maltex-global.com\/de\/downloads\/#primaryimage\",\"url\":\"https:\/\/maltex-global.com\/de\/wp-content\/uploads\/sites\/2\/2024\/06\/under-construction.jpg\",\"contentUrl\":\"https:\/\/maltex-global.com\/de\/wp-content\/uploads\/sites\/2\/2024\/06\/under-construction.jpg\",\"width\":1500,\"height\":1001},{\"@type\":\"BreadcrumbList\",\"@id\":\"https:\/\/maltex-global.com\/de\/downloads\/#breadcrumb\",\"itemListElement\":[{\"@type\":\"ListItem\",\"position\":1,\"name\":\"Startseite\",\"item\":\"https:\/\/maltex-global.com\/de\/\"},{\"@type\":\"ListItem\",\"position\":2,\"name\":\"Downloads\"}]},{\"@type\":\"WebSite\",\"@id\":\"https:\/\/maltex-global.com\/de\/#website\",\"url\":\"https:\/\/maltex-global.com\/de\/\",\"name\":\"Maltex Global DE\",\"description\":\"Ihre Quelle f\u00fcr Qualit\u00e4tsprodukte\",\"publisher\":{\"@id\":\"https:\/\/maltex-global.com\/de\/#organization\"},\"potentialAction\":[{\"@type\":\"SearchAction\",\"target\":{\"@type\":\"EntryPoint\",\"urlTemplate\":\"https:\/\/maltex-global.com\/de\/?s={search_term_string}\"},\"query-input\":{\"@type\":\"PropertyValueSpecification\",\"valueRequired\":true,\"valueName\":\"search_term_string\"}}],\"inLanguage\":\"en-US\"},{\"@type\":\"Organization\",\"@id\":\"https:\/\/maltex-global.com\/de\/#organization\",\"name\":\"Maltex Global DE\",\"url\":\"https:\/\/maltex-global.com\/de\/\",\"logo\":{\"@type\":\"ImageObject\",\"inLanguage\":\"en-US\",\"@id\":\"https:\/\/maltex-global.com\/de\/#\/schema\/logo\/image\/\",\"url\":\"https:\/\/maltex-global.com\/de\/wp-content\/uploads\/sites\/2\/2024\/06\/logo_maltex.svg\",\"contentUrl\":\"https:\/\/maltex-global.com\/de\/wp-content\/uploads\/sites\/2\/2024\/06\/logo_maltex.svg\",\"width\":1029,\"height\":229,\"caption\":\"Maltex Global DE\"},\"image\":{\"@id\":\"https:\/\/maltex-global.com\/de\/#\/schema\/logo\/image\/\"}}]}<\/script>\n<!-- \/ Yoast SEO plugin. -->","yoast_head_json":{"title":"Downloads - Maltex Global DE","description":"Download our brochure for detailed insights into our products, services, and exclusive deals. Discover how we can meet your needs today!","robots":{"index":"index","follow":"follow","max-snippet":"max-snippet:-1","max-image-preview":"max-image-preview:large","max-video-preview":"max-video-preview:-1"},"canonical":"https:\/\/maltex-global.com\/de\/downloads\/","og_locale":"en_US","og_type":"article","og_title":"Downloads - Maltex Global DE","og_description":"Download our brochure for detailed insights into our products, services, and exclusive deals. Discover how we can meet your needs today!","og_url":"https:\/\/maltex-global.com\/de\/downloads\/","og_site_name":"Maltex Global DE","article_modified_time":"2025-05-03T07:35:45+00:00","og_image":[{"width":1500,"height":1001,"url":"https:\/\/maltex-global.com\/de\/wp-content\/uploads\/sites\/2\/2024\/06\/under-construction.jpg","type":"image\/jpeg"}],"twitter_card":"summary_large_image","twitter_misc":{"Est. reading time":"1 minute"},"schema":{"@context":"https:\/\/schema.org","@graph":[{"@type":"WebPage","@id":"https:\/\/maltex-global.com\/de\/downloads\/","url":"https:\/\/maltex-global.com\/de\/downloads\/","name":"Downloads - Maltex Global DE","isPartOf":{"@id":"https:\/\/maltex-global.com\/de\/#website"},"primaryImageOfPage":{"@id":"https:\/\/maltex-global.com\/de\/downloads\/#primaryimage"},"image":{"@id":"https:\/\/maltex-global.com\/de\/downloads\/#primaryimage"},"thumbnailUrl":"https:\/\/maltex-global.com\/de\/wp-content\/uploads\/sites\/2\/2024\/06\/under-construction.jpg","datePublished":"2024-06-18T16:48:11+00:00","dateModified":"2025-05-03T07:35:45+00:00","description":"Download our brochure for detailed insights into our products, services, and exclusive deals. Discover how we can meet your needs today!","breadcrumb":{"@id":"https:\/\/maltex-global.com\/de\/downloads\/#breadcrumb"},"inLanguage":"en-US","potentialAction":[{"@type":"ReadAction","target":["https:\/\/maltex-global.com\/de\/downloads\/"]}]},{"@type":"ImageObject","inLanguage":"en-US","@id":"https:\/\/maltex-global.com\/de\/downloads\/#primaryimage","url":"https:\/\/maltex-global.com\/de\/wp-content\/uploads\/sites\/2\/2024\/06\/under-construction.jpg","contentUrl":"https:\/\/maltex-global.com\/de\/wp-content\/uploads\/sites\/2\/2024\/06\/under-construction.jpg","width":1500,"height":1001},{"@type":"BreadcrumbList","@id":"https:\/\/maltex-global.com\/de\/downloads\/#breadcrumb","itemListElement":[{"@type":"ListItem","position":1,"name":"Startseite","item":"https:\/\/maltex-global.com\/de\/"},{"@type":"ListItem","position":2,"name":"Downloads"}]},{"@type":"WebSite","@id":"https:\/\/maltex-global.com\/de\/#website","url":"https:\/\/maltex-global.com\/de\/","name":"Maltex Global DE","description":"Ihre Quelle f\u00fcr Qualit\u00e4tsprodukte","publisher":{"@id":"https:\/\/maltex-global.com\/de\/#organization"},"potentialAction":[{"@type":"SearchAction","target":{"@type":"EntryPoint","urlTemplate":"https:\/\/maltex-global.com\/de\/?s={search_term_string}"},"query-input":{"@type":"PropertyValueSpecification","valueRequired":true,"valueName":"search_term_string"}}],"inLanguage":"en-US"},{"@type":"Organization","@id":"https:\/\/maltex-global.com\/de\/#organization","name":"Maltex Global DE","url":"https:\/\/maltex-global.com\/de\/","logo":{"@type":"ImageObject","inLanguage":"en-US","@id":"https:\/\/maltex-global.com\/de\/#\/schema\/logo\/image\/","url":"https:\/\/maltex-global.com\/de\/wp-content\/uploads\/sites\/2\/2024\/06\/logo_maltex.svg","contentUrl":"https:\/\/maltex-global.com\/de\/wp-content\/uploads\/sites\/2\/2024\/06\/logo_maltex.svg","width":1029,"height":229,"caption":"Maltex Global DE"},"image":{"@id":"https:\/\/maltex-global.com\/de\/#\/schema\/logo\/image\/"}}]}},"_links":{"self":[{"href":"https:\/\/maltex-global.com\/de\/wp-json\/wp\/v2\/pages\/568","targetHints":{"allow":["GET"]}}],"collection":[{"href":"https:\/\/maltex-global.com\/de\/wp-json\/wp\/v2\/pages"}],"about":[{"href":"https:\/\/maltex-global.com\/de\/wp-json\/wp\/v2\/types\/page"}],"author":[{"embeddable":true,"href":"https:\/\/maltex-global.com\/de\/wp-json\/wp\/v2\/users\/1"}],"replies":[{"embeddable":true,"href":"https:\/\/maltex-global.com\/de\/wp-json\/wp\/v2\/comments?post=568"}],"version-history":[{"count":150,"href":"https:\/\/maltex-global.com\/de\/wp-json\/wp\/v2\/pages\/568\/revisions"}],"predecessor-version":[{"id":1805,"href":"https:\/\/maltex-global.com\/de\/wp-json\/wp\/v2\/pages\/568\/revisions\/1805"}],"wp:featuredmedia":[{"embeddable":true,"href":"https:\/\/maltex-global.com\/de\/wp-json\/wp\/v2\/media\/288"}],"wp:attachment":[{"href":"https:\/\/maltex-global.com\/de\/wp-json\/wp\/v2\/media?parent=568"}],"curies":[{"name":"wp","href":"https:\/\/api.w.org\/{rel}","templated":true}]}}