{"id":524,"date":"2024-06-18T09:10:33","date_gmt":"2024-06-18T07:10:33","guid":{"rendered":"https:\/\/maltex-global.com\/de\/?page_id=524"},"modified":"2025-09-20T09:07:31","modified_gmt":"2025-09-20T07:07:31","slug":"impressum","status":"publish","type":"page","link":"https:\/\/maltex-global.com\/de\/impressum\/","title":{"rendered":"Impressum"},"content":{"rendered":"\t\t<div data-elementor-type=\"wp-page\" data-elementor-id=\"524\" class=\"elementor elementor-524\" data-elementor-post-type=\"page\">\n\t\t\t\t<div class=\"elementor-element elementor-element-73c6c68b e-flex e-con-boxed e-con e-parent\" data-id=\"73c6c68b\" data-element_type=\"container\" data-settings=\"{&quot;background_background&quot;:&quot;classic&quot;,&quot;jet_parallax_layout_list&quot;:[]}\">\n\t\t\t\t\t<div class=\"e-con-inner\">\n\t\t\t\t\t<\/div>\n\t\t\t\t<\/div>\n\t\t<div class=\"elementor-element elementor-element-424431e1 e-grid e-con-boxed e-con e-parent\" data-id=\"424431e1\" data-element_type=\"container\" data-settings=\"{&quot;jet_parallax_layout_list&quot;:[]}\">\n\t\t\t\t\t<div class=\"e-con-inner\">\n\t\t<div class=\"elementor-element elementor-element-cd21e11 e-flex e-con-boxed e-con e-child\" data-id=\"cd21e11\" data-element_type=\"container\" data-settings=\"{&quot;background_background&quot;:&quot;classic&quot;,&quot;jet_parallax_layout_list&quot;:[]}\">\n\t\t\t\t\t<div class=\"e-con-inner\">\n\t\t\t\t<div class=\"elementor-element elementor-element-7a222d6e elementor-widget elementor-widget-breadcrumbs\" data-id=\"7a222d6e\" data-element_type=\"widget\" data-widget_type=\"breadcrumbs.default\">\n\t\t\t\t<div class=\"elementor-widget-container\">\n\t\t\t\t\t<p id=\"breadcrumbs\"><span><span><a href=\"https:\/\/maltex-global.com\/de\/\">Startseite<\/a><\/span><\/span><\/p>\t\t\t\t<\/div>\n\t\t\t\t<\/div>\n\t\t\t\t\t<\/div>\n\t\t\t\t<\/div>\n\t\t\t\t\t<\/div>\n\t\t\t\t<\/div>\n\t\t<div class=\"elementor-element elementor-element-17ffb56b e-flex e-con-boxed e-con e-parent\" data-id=\"17ffb56b\" data-element_type=\"container\" data-settings=\"{&quot;background_background&quot;:&quot;classic&quot;,&quot;jet_parallax_layout_list&quot;:[]}\">\n\t\t\t\t\t<div class=\"e-con-inner\">\n\t\t\t\t<div class=\"elementor-element elementor-element-1f40f5b elementor-widget elementor-widget-text-editor\" data-id=\"1f40f5b\" data-element_type=\"widget\" data-widget_type=\"text-editor.default\">\n\t\t\t\t<div class=\"elementor-widget-container\">\n\t\t\t\t\t\t\t\t\t<p><strong>Maltex Global DOOEL<\/strong><br \/>Slavej Planina 51\/1, 6330, Struga, N.Macedonia<br \/>P: <a href=\"tel:0038975390096\">+389 (0)75 390 096<\/a><br \/>E: <a href=\"mailto:info@maltex-global.com\">info@maltex-global.com<\/a><br \/>W: <a href=\"https:\/\/www.maltex-global.com\/de\">www.maltex-global.com<\/a><br \/>EDB: 4026024543254<br \/>EMBS: 7736819<\/p><p><strong>Haftungsausschluss<\/strong><br \/>F\u00fcr die verlinkten Inhalte wird keine Verantwortung \u00fcbernommen. Der Zugriff auf verlinkte Websites und deren Nutzung erfolgt auf eigene Gefahr. F\u00fcr die Inhalte der verlinkten Seiten ist stets der jeweilige Anbieter oder Betreiber der Seiten verantwortlich.<\/p><p><strong>Copyright<\/strong><br \/>Die Darstellung von Arbeitsbeispielen dient ausschlie\u00dflich Dokumentationszwecken. Alle Rechte liegen bei den jeweiligen Auftraggebern (siehe Hinweis \u00a9).<\/p><p><strong>Datenschutz<\/strong><br \/>Die Nutzung dieser Website ist ohne Angabe personenbezogener Daten m\u00f6glich.<\/p>\t\t\t\t\t\t\t\t<\/div>\n\t\t\t\t<\/div>\n\t\t\t\t\t<\/div>\n\t\t\t\t<\/div>\n\t\t\t\t<\/div>\n\t\t","protected":false},"excerpt":{"rendered":"<p>Maltex Global DOOELSlavej Planina 51\/1, 6330, Struga, N.MacedoniaP: +389 (0)75 390 096E: info@maltex-global.comW: www.maltex-global.comEDB: 4026024543254EMBS: 7736819 HaftungsausschlussF\u00fcr die verlinkten Inhalte [&hellip;]<\/p>\n","protected":false},"author":1,"featured_media":288,"parent":0,"menu_order":0,"comment_status":"closed","ping_status":"closed","template":"","meta":{"inline_featured_image":false,"site-sidebar-layout":"no-sidebar","site-content-layout":"","ast-site-content-layout":"full-width-container","site-content-style":"default","site-sidebar-style":"default","ast-global-header-display":"","ast-banner-title-visibility":"","ast-main-header-display":"","ast-hfb-above-header-display":"","ast-hfb-below-header-display":"","ast-hfb-mobile-header-display":"","site-post-title":"disabled","ast-breadcrumbs-content":"","ast-featured-img":"disabled","footer-sml-layout":"","theme-transparent-header-meta":"default","adv-header-id-meta":"","stick-header-meta":"","header-above-stick-meta":"","header-main-stick-meta":"","header-below-stick-meta":"","astra-migrate-meta-layouts":"set","ast-page-background-enabled":"default","ast-page-background-meta":{"desktop":{"background-color":"var(--ast-global-color-4)","background-image":"","background-repeat":"repeat","background-position":"center center","background-size":"auto","background-attachment":"scroll","background-type":"","background-media":"","overlay-type":"","overlay-color":"","overlay-opacity":"","overlay-gradient":""},"tablet":{"background-color":"","background-image":"","background-repeat":"repeat","background-position":"center center","background-size":"auto","background-attachment":"scroll","background-type":"","background-media":"","overlay-type":"","overlay-color":"","overlay-opacity":"","overlay-gradient":""},"mobile":{"background-color":"","background-image":"","background-repeat":"repeat","background-position":"center center","background-size":"auto","background-attachment":"scroll","background-type":"","background-media":"","overlay-type":"","overlay-color":"","overlay-opacity":"","overlay-gradient":""}},"ast-content-background-meta":{"desktop":{"background-color":"var(--ast-global-color-5)","background-image":"","background-repeat":"repeat","background-position":"center center","background-size":"auto","background-attachment":"scroll","background-type":"","background-media":"","overlay-type":"","overlay-color":"","overlay-opacity":"","overlay-gradient":""},"tablet":{"background-color":"var(--ast-global-color-5)","background-image":"","background-repeat":"repeat","background-position":"center center","background-size":"auto","background-attachment":"scroll","background-type":"","background-media":"","overlay-type":"","overlay-color":"","overlay-opacity":"","overlay-gradient":""},"mobile":{"background-color":"var(--ast-global-color-5)","background-image":"","background-repeat":"repeat","background-position":"center center","background-size":"auto","background-attachment":"scroll","background-type":"","background-media":"","overlay-type":"","overlay-color":"","overlay-opacity":"","overlay-gradient":""}},"footnotes":""},"class_list":["post-524","page","type-page","status-publish","has-post-thumbnail","hentry"],"yoast_head":"<!-- This site is optimized with the Yoast SEO plugin v24.6 - https:\/\/yoast.com\/wordpress\/plugins\/seo\/ -->\n<title>Impressum - Maltex Global DE<\/title>\n<meta name=\"description\" content=\"We are a distribution company that specialises in the trade of specialised in the trade of various goods from Eastern Europe. We can score with quality, competitive prices and fast delivery.\" \/>\n<meta name=\"robots\" content=\"index, follow, max-snippet:-1, max-image-preview:large, max-video-preview:-1\" \/>\n<link rel=\"canonical\" href=\"https:\/\/maltex-global.com\/de\/impressum\/\" \/>\n<meta property=\"og:locale\" content=\"en_US\" \/>\n<meta property=\"og:type\" content=\"article\" \/>\n<meta property=\"og:title\" content=\"Impressum - Maltex Global DE\" \/>\n<meta property=\"og:description\" content=\"We are a distribution company that specialises in the trade of specialised in the trade of various goods from Eastern Europe. We can score with quality, competitive prices and fast delivery.\" \/>\n<meta property=\"og:url\" content=\"https:\/\/maltex-global.com\/de\/impressum\/\" \/>\n<meta property=\"og:site_name\" content=\"Maltex Global DE\" \/>\n<meta property=\"article:modified_time\" content=\"2025-09-20T07:07:31+00:00\" \/>\n<meta property=\"og:image\" content=\"https:\/\/maltex-global.com\/de\/wp-content\/uploads\/sites\/2\/2024\/06\/under-construction.jpg\" \/>\n\t<meta property=\"og:image:width\" content=\"1500\" \/>\n\t<meta property=\"og:image:height\" content=\"1001\" \/>\n\t<meta property=\"og:image:type\" content=\"image\/jpeg\" \/>\n<meta name=\"twitter:card\" content=\"summary_large_image\" \/>\n<meta name=\"twitter:label1\" content=\"Est. reading time\" \/>\n\t<meta name=\"twitter:data1\" content=\"1 minute\" \/>\n<script type=\"application\/ld+json\" class=\"yoast-schema-graph\">{\"@context\":\"https:\/\/schema.org\",\"@graph\":[{\"@type\":\"WebPage\",\"@id\":\"https:\/\/maltex-global.com\/de\/impressum\/\",\"url\":\"https:\/\/maltex-global.com\/de\/impressum\/\",\"name\":\"Impressum - Maltex Global DE\",\"isPartOf\":{\"@id\":\"https:\/\/maltex-global.com\/de\/#website\"},\"primaryImageOfPage\":{\"@id\":\"https:\/\/maltex-global.com\/de\/impressum\/#primaryimage\"},\"image\":{\"@id\":\"https:\/\/maltex-global.com\/de\/impressum\/#primaryimage\"},\"thumbnailUrl\":\"https:\/\/maltex-global.com\/de\/wp-content\/uploads\/sites\/2\/2024\/06\/under-construction.jpg\",\"datePublished\":\"2024-06-18T07:10:33+00:00\",\"dateModified\":\"2025-09-20T07:07:31+00:00\",\"description\":\"We are a distribution company that specialises in the trade of specialised in the trade of various goods from Eastern Europe. We can score with quality, competitive prices and fast delivery.\",\"breadcrumb\":{\"@id\":\"https:\/\/maltex-global.com\/de\/impressum\/#breadcrumb\"},\"inLanguage\":\"en-US\",\"potentialAction\":[{\"@type\":\"ReadAction\",\"target\":[\"https:\/\/maltex-global.com\/de\/impressum\/\"]}]},{\"@type\":\"ImageObject\",\"inLanguage\":\"en-US\",\"@id\":\"https:\/\/maltex-global.com\/de\/impressum\/#primaryimage\",\"url\":\"https:\/\/maltex-global.com\/de\/wp-content\/uploads\/sites\/2\/2024\/06\/under-construction.jpg\",\"contentUrl\":\"https:\/\/maltex-global.com\/de\/wp-content\/uploads\/sites\/2\/2024\/06\/under-construction.jpg\",\"width\":1500,\"height\":1001},{\"@type\":\"BreadcrumbList\",\"@id\":\"https:\/\/maltex-global.com\/de\/impressum\/#breadcrumb\",\"itemListElement\":[{\"@type\":\"ListItem\",\"position\":1,\"name\":\"Startseite\",\"item\":\"https:\/\/maltex-global.com\/de\/\"},{\"@type\":\"ListItem\",\"position\":2,\"name\":\"Impressum\"}]},{\"@type\":\"WebSite\",\"@id\":\"https:\/\/maltex-global.com\/de\/#website\",\"url\":\"https:\/\/maltex-global.com\/de\/\",\"name\":\"Maltex Global DE\",\"description\":\"Ihre Quelle f\u00fcr Qualit\u00e4tsprodukte\",\"publisher\":{\"@id\":\"https:\/\/maltex-global.com\/de\/#organization\"},\"potentialAction\":[{\"@type\":\"SearchAction\",\"target\":{\"@type\":\"EntryPoint\",\"urlTemplate\":\"https:\/\/maltex-global.com\/de\/?s={search_term_string}\"},\"query-input\":{\"@type\":\"PropertyValueSpecification\",\"valueRequired\":true,\"valueName\":\"search_term_string\"}}],\"inLanguage\":\"en-US\"},{\"@type\":\"Organization\",\"@id\":\"https:\/\/maltex-global.com\/de\/#organization\",\"name\":\"Maltex Global DE\",\"url\":\"https:\/\/maltex-global.com\/de\/\",\"logo\":{\"@type\":\"ImageObject\",\"inLanguage\":\"en-US\",\"@id\":\"https:\/\/maltex-global.com\/de\/#\/schema\/logo\/image\/\",\"url\":\"https:\/\/maltex-global.com\/de\/wp-content\/uploads\/sites\/2\/2024\/06\/logo_maltex.svg\",\"contentUrl\":\"https:\/\/maltex-global.com\/de\/wp-content\/uploads\/sites\/2\/2024\/06\/logo_maltex.svg\",\"width\":1029,\"height\":229,\"caption\":\"Maltex Global DE\"},\"image\":{\"@id\":\"https:\/\/maltex-global.com\/de\/#\/schema\/logo\/image\/\"}}]}<\/script>\n<!-- \/ Yoast SEO plugin. -->","yoast_head_json":{"title":"Impressum - Maltex Global DE","description":"We are a distribution company that specialises in the trade of specialised in the trade of various goods from Eastern Europe. We can score with quality, competitive prices and fast delivery.","robots":{"index":"index","follow":"follow","max-snippet":"max-snippet:-1","max-image-preview":"max-image-preview:large","max-video-preview":"max-video-preview:-1"},"canonical":"https:\/\/maltex-global.com\/de\/impressum\/","og_locale":"en_US","og_type":"article","og_title":"Impressum - Maltex Global DE","og_description":"We are a distribution company that specialises in the trade of specialised in the trade of various goods from Eastern Europe. We can score with quality, competitive prices and fast delivery.","og_url":"https:\/\/maltex-global.com\/de\/impressum\/","og_site_name":"Maltex Global DE","article_modified_time":"2025-09-20T07:07:31+00:00","og_image":[{"width":1500,"height":1001,"url":"https:\/\/maltex-global.com\/de\/wp-content\/uploads\/sites\/2\/2024\/06\/under-construction.jpg","type":"image\/jpeg"}],"twitter_card":"summary_large_image","twitter_misc":{"Est. reading time":"1 minute"},"schema":{"@context":"https:\/\/schema.org","@graph":[{"@type":"WebPage","@id":"https:\/\/maltex-global.com\/de\/impressum\/","url":"https:\/\/maltex-global.com\/de\/impressum\/","name":"Impressum - Maltex Global DE","isPartOf":{"@id":"https:\/\/maltex-global.com\/de\/#website"},"primaryImageOfPage":{"@id":"https:\/\/maltex-global.com\/de\/impressum\/#primaryimage"},"image":{"@id":"https:\/\/maltex-global.com\/de\/impressum\/#primaryimage"},"thumbnailUrl":"https:\/\/maltex-global.com\/de\/wp-content\/uploads\/sites\/2\/2024\/06\/under-construction.jpg","datePublished":"2024-06-18T07:10:33+00:00","dateModified":"2025-09-20T07:07:31+00:00","description":"We are a distribution company that specialises in the trade of specialised in the trade of various goods from Eastern Europe. We can score with quality, competitive prices and fast delivery.","breadcrumb":{"@id":"https:\/\/maltex-global.com\/de\/impressum\/#breadcrumb"},"inLanguage":"en-US","potentialAction":[{"@type":"ReadAction","target":["https:\/\/maltex-global.com\/de\/impressum\/"]}]},{"@type":"ImageObject","inLanguage":"en-US","@id":"https:\/\/maltex-global.com\/de\/impressum\/#primaryimage","url":"https:\/\/maltex-global.com\/de\/wp-content\/uploads\/sites\/2\/2024\/06\/under-construction.jpg","contentUrl":"https:\/\/maltex-global.com\/de\/wp-content\/uploads\/sites\/2\/2024\/06\/under-construction.jpg","width":1500,"height":1001},{"@type":"BreadcrumbList","@id":"https:\/\/maltex-global.com\/de\/impressum\/#breadcrumb","itemListElement":[{"@type":"ListItem","position":1,"name":"Startseite","item":"https:\/\/maltex-global.com\/de\/"},{"@type":"ListItem","position":2,"name":"Impressum"}]},{"@type":"WebSite","@id":"https:\/\/maltex-global.com\/de\/#website","url":"https:\/\/maltex-global.com\/de\/","name":"Maltex Global DE","description":"Ihre Quelle f\u00fcr Qualit\u00e4tsprodukte","publisher":{"@id":"https:\/\/maltex-global.com\/de\/#organization"},"potentialAction":[{"@type":"SearchAction","target":{"@type":"EntryPoint","urlTemplate":"https:\/\/maltex-global.com\/de\/?s={search_term_string}"},"query-input":{"@type":"PropertyValueSpecification","valueRequired":true,"valueName":"search_term_string"}}],"inLanguage":"en-US"},{"@type":"Organization","@id":"https:\/\/maltex-global.com\/de\/#organization","name":"Maltex Global DE","url":"https:\/\/maltex-global.com\/de\/","logo":{"@type":"ImageObject","inLanguage":"en-US","@id":"https:\/\/maltex-global.com\/de\/#\/schema\/logo\/image\/","url":"https:\/\/maltex-global.com\/de\/wp-content\/uploads\/sites\/2\/2024\/06\/logo_maltex.svg","contentUrl":"https:\/\/maltex-global.com\/de\/wp-content\/uploads\/sites\/2\/2024\/06\/logo_maltex.svg","width":1029,"height":229,"caption":"Maltex Global DE"},"image":{"@id":"https:\/\/maltex-global.com\/de\/#\/schema\/logo\/image\/"}}]}},"_links":{"self":[{"href":"https:\/\/maltex-global.com\/de\/wp-json\/wp\/v2\/pages\/524","targetHints":{"allow":["GET"]}}],"collection":[{"href":"https:\/\/maltex-global.com\/de\/wp-json\/wp\/v2\/pages"}],"about":[{"href":"https:\/\/maltex-global.com\/de\/wp-json\/wp\/v2\/types\/page"}],"author":[{"embeddable":true,"href":"https:\/\/maltex-global.com\/de\/wp-json\/wp\/v2\/users\/1"}],"replies":[{"embeddable":true,"href":"https:\/\/maltex-global.com\/de\/wp-json\/wp\/v2\/comments?post=524"}],"version-history":[{"count":37,"href":"https:\/\/maltex-global.com\/de\/wp-json\/wp\/v2\/pages\/524\/revisions"}],"predecessor-version":[{"id":1836,"href":"https:\/\/maltex-global.com\/de\/wp-json\/wp\/v2\/pages\/524\/revisions\/1836"}],"wp:featuredmedia":[{"embeddable":true,"href":"https:\/\/maltex-global.com\/de\/wp-json\/wp\/v2\/media\/288"}],"wp:attachment":[{"href":"https:\/\/maltex-global.com\/de\/wp-json\/wp\/v2\/media?parent=524"}],"curies":[{"name":"wp","href":"https:\/\/api.w.org\/{rel}","templated":true}]}}