{"id":516,"date":"2024-06-18T09:04:36","date_gmt":"2024-06-18T07:04:36","guid":{"rendered":"https:\/\/maltex-global.com\/de\/?page_id=516"},"modified":"2025-09-20T15:46:55","modified_gmt":"2025-09-20T13:46:55","slug":"datenschutz","status":"publish","type":"page","link":"https:\/\/maltex-global.com\/de\/datenschutz\/","title":{"rendered":"Datenschutz"},"content":{"rendered":"\t\t<div data-elementor-type=\"wp-page\" data-elementor-id=\"516\" class=\"elementor elementor-516\" data-elementor-post-type=\"page\">\n\t\t\t\t<div class=\"elementor-element elementor-element-73c6c68b e-flex e-con-boxed e-con e-parent\" data-id=\"73c6c68b\" data-element_type=\"container\" data-settings=\"{&quot;background_background&quot;:&quot;classic&quot;,&quot;jet_parallax_layout_list&quot;:[]}\">\n\t\t\t\t\t<div class=\"e-con-inner\">\n\t\t\t\t\t<\/div>\n\t\t\t\t<\/div>\n\t\t<div class=\"elementor-element elementor-element-424431e1 e-grid e-con-boxed e-con e-parent\" data-id=\"424431e1\" data-element_type=\"container\" data-settings=\"{&quot;jet_parallax_layout_list&quot;:[]}\">\n\t\t\t\t\t<div class=\"e-con-inner\">\n\t\t<div class=\"elementor-element elementor-element-cd21e11 e-flex e-con-boxed e-con e-child\" data-id=\"cd21e11\" data-element_type=\"container\" data-settings=\"{&quot;background_background&quot;:&quot;classic&quot;,&quot;jet_parallax_layout_list&quot;:[]}\">\n\t\t\t\t\t<div class=\"e-con-inner\">\n\t\t\t\t<div class=\"elementor-element elementor-element-7a222d6e elementor-widget elementor-widget-breadcrumbs\" data-id=\"7a222d6e\" data-element_type=\"widget\" data-widget_type=\"breadcrumbs.default\">\n\t\t\t\t<div class=\"elementor-widget-container\">\n\t\t\t\t\t<p id=\"breadcrumbs\"><span><span><a href=\"https:\/\/maltex-global.com\/de\/\">Startseite<\/a><\/span><\/span><\/p>\t\t\t\t<\/div>\n\t\t\t\t<\/div>\n\t\t\t\t\t<\/div>\n\t\t\t\t<\/div>\n\t\t\t\t\t<\/div>\n\t\t\t\t<\/div>\n\t\t<div class=\"elementor-element elementor-element-17ffb56b e-flex e-con-boxed e-con e-parent\" data-id=\"17ffb56b\" data-element_type=\"container\" data-settings=\"{&quot;background_background&quot;:&quot;classic&quot;,&quot;jet_parallax_layout_list&quot;:[]}\">\n\t\t\t\t\t<div class=\"e-con-inner\">\n\t\t\t\t<div class=\"elementor-element elementor-element-94d7993 elementor-widget elementor-widget-heading\" data-id=\"94d7993\" data-element_type=\"widget\" data-widget_type=\"heading.default\">\n\t\t\t\t<div class=\"elementor-widget-container\">\n\t\t\t\t\t<h2 class=\"elementor-heading-title elementor-size-default\">Unsere <span style=\"color: #85bc22\"><b>Datenschutzrichtlinie<\/b><\/span><\/h2>\t\t\t\t<\/div>\n\t\t\t\t<\/div>\n\t\t\t\t<div class=\"elementor-element elementor-element-535e9de elementor-widget elementor-widget-text-editor\" data-id=\"535e9de\" data-element_type=\"widget\" data-widget_type=\"text-editor.default\">\n\t\t\t\t<div class=\"elementor-widget-container\">\n\t\t\t\t\t\t\t\t\t<p>Diese Datenschutzerkl\u00e4rung informiert allgemein \u00fcber die Verarbeitung personenbezogener Daten, wenn Sie unsere Website besuchen und\/oder unsere Verwaltungsdienste dar\u00fcber in Anspruch nehmen. Wir erheben nur diejenigen personenbezogenen Daten, die zur Erf\u00fcllung unserer gesetzlichen Aufgaben und Befugnisse erforderlich sind.<\/p>\n<p>Verantwortlicher f\u00fcr die Erhebung personenbezogener Daten<\/p>\n<p>Der Verantwortliche f\u00fcr personenbezogene Daten ist MALTEH GLOBAL DOOEL mit Sitz in der Slavej Planina 51\/1, 6330 Struga, Republik Nordmazedonien. Personenbezogene Daten werden gem\u00e4\u00df den Bestimmungen des Gesetzes zum Schutz personenbezogener Daten verarbeitet.<\/p>\n<p><strong>Kategorien der verarbeiteten Daten<\/strong><\/p>\n<p><strong>1. Daten, die Nutzer freiwillig angeben<\/strong><\/p>\n<p>Personenbezogene Daten, die wir im Rahmen Ihres Besuchs auf unserer Website erheben, sind solche, die Sie uns freiwillig f\u00fcr bestimmte Zwecke mitteilen, um uns die Aus\u00fcbung unserer Befugnisse zu erm\u00f6glichen. Wir k\u00f6nnen eine der folgenden Kategorien personenbezogener Daten erfassen: Vor- und Nachname, Adresse, Kontakttelefonnummer, E-Mail.<\/p>\n<p><strong>2. Kommentare, die Benutzer freiwillig abgeben<\/strong><\/p>\n<p>Wenn Besucher Kommentare auf der Website hinterlassen, erfassen wir die im Kommentarformular angezeigten Daten sowie die IP-Adresse des Besuchers und den User-Agent-String des Browsers, um die Erkennung von Spam zu unterst\u00fctzen. Eine aus Ihrer E-Mail erstellte anonymisierte Zeichenfolge (auch Hash genannt) kann dem Gravatar-Dienst zur Verf\u00fcgung gestellt werden, um festzustellen, ob Sie ihn verwenden. Die Datenschutzerkl\u00e4rung des Gravatar-Dienstes finden Sie hier: https:\/\/automattic.com\/privacy\/. Nachdem Ihr Kommentar genehmigt wurde, ist Ihr Profilbild im Kontext Ihres Kommentars f\u00fcr die \u00d6ffentlichkeit sichtbar.<\/p>\n<p><strong>3. Eingebettete Inhalte von anderen Websites<\/strong><\/p>\n<p>Artikel auf dieser Website k\u00f6nnen eingebettete Inhalte enthalten (z. B. Videos, Bilder, Artikel usw.). Eingebettete Inhalte von anderen Websites werden so behandelt, als ob der Besucher die andere Website besucht h\u00e4tte. Diese Websites k\u00f6nnen Daten \u00fcber Sie sammeln, Cookies verwenden, zus\u00e4tzliches Tracking von Drittanbietern einbetten und Ihre Interaktion mit diesem eingebetteten Inhalt verfolgen, einschlie\u00dflich der Verfolgung Ihrer Interaktion mit diesem eingebetteten Inhalt, wenn Sie \u00fcber ein Konto verf\u00fcgen und auf der Website angemeldet sind.<\/p>\n<p><strong>4. Wie wir personenbezogene Daten erheben<\/strong><\/p>\n<p>Wir erfassen personenbezogene Daten \u00fcber verschiedene Kan\u00e4le, darunter:<\/p>\n<ul>\n<li>durch Ihre Nutzung unserer Website, hierunter auch der Bewerbungsformulare;<\/li>\n<li>\u00fcber unsere E-Mail;<\/li>\n<li>per Post;<\/li>\n<li>oral.<\/li>\n<\/ul>\n<p><strong>5. Kategorien von Benutzern personenbezogener Daten<\/strong><\/p>\n<p>Die Verarbeitung personenbezogener Daten im Zusammenhang mit den \u00fcber unsere Website verf\u00fcgbaren Online-Diensten erfolgt durch die f\u00fcr diese Dienste verantwortlichen Mitarbeiter bzw. die mit der Durchf\u00fchrung der betreffenden T\u00e4tigkeiten beauftragten Personen.<\/p>\n<p>Wir geben keine Daten \u00fcber Sie und\/oder Ihren Besuch auf unserer Website an Dritte weiter, au\u00dfer in den folgenden F\u00e4llen:<\/p>\n<ul>\n<li>im Falle der Beauftragung von Dienstleistern, wenn wir diese als Auftragsverarbeiter beauftragen, wodurch sie verpflichtet werden, gem\u00e4\u00df unseren Weisungen zu handeln und den Schutz personenbezogener Daten zu gew\u00e4hrleisten, die bei der Erbringung dieser Dienste verarbeitet werden;<\/li>\n<li>Besucherkommentare k\u00f6nnen von einem automatisierten Spam-Erkennungsdienst \u00fcberpr\u00fcft werden;<\/li>\n<li>Auf Antrag des Gerichts, der Polizei oder anderer Beh\u00f6rden und Stellen zur Aus\u00fcbung ihrer Befugnisse und nur, wenn hierf\u00fcr eine Rechtsgrundlage besteht.<\/li>\n<\/ul>\n<p><strong>6. Speicherdauer der erfassten Daten<\/strong><\/p>\n<p>Die von uns erhobenen Daten werden im Einklang mit den gesetzlichen Bestimmungen und f\u00fcr den zur Erreichung des Verarbeitungszwecks erforderlichen Zeitraum gespeichert.<\/p>\n<p><strong>7. \u00c4nderung der Datenschutzrichtlinie<\/strong><\/p>\n<p><span class=\"TextRun SCXW126125312 BCX0\" lang=\"DE-DE\" xml:lang=\"DE-DE\" data-contrast=\"auto\"><span class=\"NormalTextRun SCXW126125312 BCX0\">Die Datenschutzerkl\u00e4rung wird entsprechend den \u00c4nderungen und unserer T\u00e4tigkeit regelm\u00e4\u00dfig ge\u00e4ndert und erg\u00e4nzt.<\/span><\/span><span class=\"EOP SCXW126125312 BCX0\" data-ccp-props=\"{}\">&nbsp;<\/span><\/p>\n<p><strong>8. Datenschutzbestimmungen zu Einsatz und Verwendung von Google Analytics (mit Anonymisierungsfunktion)<\/strong><\/p>\n<p>Der f\u00fcr die Verarbeitung Verantwortliche hat auf dieser Internetseite die Komponente Google Analytics (mit Anonymisierungsfunktion) integriert. Google Analytics ist ein Web-Analyse-Dienst. Web-Analyse ist die Erhebung, Sammlung und Auswertung von Daten \u00fcber das Verhalten von Besuchern von Internetseiten. Ein Web-Analyse-Dienst erfasst unter anderem Daten dar\u00fcber, von welcher Internetseite eine betroffene Person auf eine Internetseite gekommen ist (sogenannte Referrer), auf welche Unterseiten der Internetseite zugegriffen oder wie oft und f\u00fcr welche Verweildauer eine Unterseite betrachtet wurde. Eine Web-Analyse wird \u00fcberwiegend zur Optimierung einer Internetseite und zur Kosten-Nutzen-Analyse von Internetwerbung eingesetzt.<\/p>\n<p>Betreibergesellschaft der Google-Analytics-Komponente ist die Google Inc., 1600 Amphitheatre Pkwy, Mountain View, CA 94043-1351, USA.<\/p>\n<p>Der f\u00fcr die Verarbeitung Verantwortliche verwendet f\u00fcr die Web-Analyse \u00fcber Google Analytics den Zusatz \u201e_gat._anonymizeIp\u201c. Mittels dieses Zusatzes wird die IP-Adresse des Internetanschlusses der betroffenen Person von Google gek\u00fcrzt und anonymisiert, wenn der Zugriff auf unsere Internetseiten aus einem Mitgliedstaat der Europ\u00e4ischen Union oder aus einem anderen Vertragsstaat des Abkommens \u00fcber den Europ\u00e4ischen Wirtschaftsraum erfolgt.<\/p>\n<p>Der Zweck der Google-Analytics-Komponente ist die Analyse der Besucherstr\u00f6me auf unserer Internetseite. Google nutzt die gewonnenen Daten und Informationen unter anderem dazu, die Nutzung unserer Internetseite auszuwerten, um f\u00fcr uns Online-Reports, welche die Aktivit\u00e4ten auf unseren Internetseiten aufzeigen, zusammenzustellen, und um weitere mit der Nutzung unserer Internetseite in Verbindung stehende Dienstleistungen zu erbringen.<\/p>\n<p>Google Analytics setzt ein Cookie auf dem informationstechnologischen System der betroffenen Person. Was Cookies sind, wurde oben bereits erl\u00e4utert. Mit Setzung des Cookies wird Google eine Analyse der Benutzung unserer Internetseite erm\u00f6glicht. Durch jeden Aufruf einer der Einzelseiten dieser Internetseite, die durch den f\u00fcr die Verarbeitung Verantwortlichen betrieben wird und auf welcher eine Google-Analytics-Komponente integriert wurde, wird der Internetbrowser auf dem informationstechnologischen System der betroffenen Person automatisch durch die jeweilige Google-Analytics-Komponente veranlasst, Daten zum Zwecke der Online-Analyse an Google zu \u00fcbermitteln. Im Rahmen dieses technischen Verfahrens erh\u00e4lt Google Kenntnis \u00fcber personenbezogene Daten, wie der IP-Adresse der betroffenen Person, die Google unter anderem dazu dienen, die Herkunft der Besucher und Klicks nachzuvollziehen und in der Folge Provisionsabrechnungen zu erm\u00f6glichen.<\/p>\n<p>Mittels des Cookies werden personenbezogene Informationen, beispielsweise die Zugriffszeit, der Ort, von welchem ein Zugriff ausging und die H\u00e4ufigkeit der Besuche unserer Internetseite durch die betroffene Person, gespeichert. Bei jedem Besuch unserer Internetseiten werden diese personenbezogenen Daten, einschlie\u00dflich der IP-Adresse des von der betroffenen Person genutzten Internetanschlusses, an Google in den Vereinigten Staaten von Amerika \u00fcbertragen. Diese personenbezogenen Daten werden durch Google in den Vereinigten Staaten von Amerika gespeichert. Google gibt diese \u00fcber das technische Verfahren erhobenen personenbezogenen Daten unter Umst\u00e4nden an Dritte weiter.<\/p>\n<p>Die betroffene Person kann die Setzung von Cookies durch unsere Internetseite, wie oben bereits dargestellt, jederzeit mittels einer entsprechenden Einstellung des genutzten Internetbrowsers verhindern und damit der Setzung von Cookies dauerhaft widersprechen. Eine solche Einstellung des genutzten Internetbrowsers w\u00fcrde auch verhindern, dass Google ein Cookie auf dem informationstechnologischen System der betroffenen Person setzt. Zudem kann ein von Google Analytics bereits gesetzter Cookie jederzeit \u00fcber den Internetbrowser oder andere Softwareprogramme gel\u00f6scht werden.<\/p>\n<p>Ferner besteht f\u00fcr die betroffene Person die M\u00f6glichkeit, einer Erfassung der durch Google Analytics erzeugten, auf eine Nutzung dieser Internetseite bezogenen Daten sowie der Verarbeitung dieser Daten durch Google zu widersprechen und eine solche zu verhindern. Hierzu muss die betroffene Person ein Browser-Add-On unter dem Link https:\/\/tools.google.com\/dlpage\/gaoptout herunterladen und installieren. Dieses Browser-Add-On teilt Google Analytics \u00fcber JavaScript mit, dass keine Daten und Informationen zu den Besuchen von Internetseiten an Google Analytics \u00fcbermittelt werden d\u00fcrfen. Die Installation des Browser-Add-Ons wird von Google als Widerspruch gewertet. Wird das informationstechnologische System der betroffenen Person zu einem sp\u00e4teren Zeitpunkt gel\u00f6scht, formatiert oder neu installiert, muss durch die betroffene Person eine erneute Installation des Browser-Add-Ons erfolgen, um Google Analytics zu deaktivieren. Sofern das Browser-Add-On durch die betroffene Person oder einer anderen Person, die ihrem Machtbereich zuzurechnen ist, deinstalliert oder deaktiviert wird, besteht die M\u00f6glichkeit der Neuinstallation oder der erneuten Aktivierung des Browser-Add-Ons.<\/p>\n<p>Weitere Informationen und die geltenden Datenschutzbestimmungen von Google k\u00f6nnen unter https:\/\/www.google.de\/intl\/de\/policies\/privacy\/ und unter http:\/\/www.google.com\/analytics\/terms\/de.html abgerufen werden. Google Analytics wird unter diesem Link https:\/\/www.google.com\/intl\/de_de\/analytics\/ genauer erl\u00e4utert.<\/p>\t\t\t\t\t\t\t\t<\/div>\n\t\t\t\t<\/div>\n\t\t\t\t\t<\/div>\n\t\t\t\t<\/div>\n\t\t\t\t<\/div>\n\t\t","protected":false},"excerpt":{"rendered":"<p>Unsere Datenschutzrichtlinie Diese Datenschutzerkl\u00e4rung informiert allgemein \u00fcber die Verarbeitung personenbezogener Daten, wenn Sie unsere Website besuchen und\/oder unsere Verwaltungsdienste dar\u00fcber [&hellip;]<\/p>\n","protected":false},"author":1,"featured_media":288,"parent":0,"menu_order":0,"comment_status":"closed","ping_status":"closed","template":"","meta":{"inline_featured_image":false,"site-sidebar-layout":"no-sidebar","site-content-layout":"","ast-site-content-layout":"full-width-container","site-content-style":"default","site-sidebar-style":"default","ast-global-header-display":"","ast-banner-title-visibility":"","ast-main-header-display":"","ast-hfb-above-header-display":"","ast-hfb-below-header-display":"","ast-hfb-mobile-header-display":"","site-post-title":"disabled","ast-breadcrumbs-content":"","ast-featured-img":"disabled","footer-sml-layout":"","theme-transparent-header-meta":"default","adv-header-id-meta":"","stick-header-meta":"","header-above-stick-meta":"","header-main-stick-meta":"","header-below-stick-meta":"","astra-migrate-meta-layouts":"set","ast-page-background-enabled":"default","ast-page-background-meta":{"desktop":{"background-color":"var(--ast-global-color-4)","background-image":"","background-repeat":"repeat","background-position":"center center","background-size":"auto","background-attachment":"scroll","background-type":"","background-media":"","overlay-type":"","overlay-color":"","overlay-opacity":"","overlay-gradient":""},"tablet":{"background-color":"","background-image":"","background-repeat":"repeat","background-position":"center center","background-size":"auto","background-attachment":"scroll","background-type":"","background-media":"","overlay-type":"","overlay-color":"","overlay-opacity":"","overlay-gradient":""},"mobile":{"background-color":"","background-image":"","background-repeat":"repeat","background-position":"center center","background-size":"auto","background-attachment":"scroll","background-type":"","background-media":"","overlay-type":"","overlay-color":"","overlay-opacity":"","overlay-gradient":""}},"ast-content-background-meta":{"desktop":{"background-color":"var(--ast-global-color-5)","background-image":"","background-repeat":"repeat","background-position":"center center","background-size":"auto","background-attachment":"scroll","background-type":"","background-media":"","overlay-type":"","overlay-color":"","overlay-opacity":"","overlay-gradient":""},"tablet":{"background-color":"var(--ast-global-color-5)","background-image":"","background-repeat":"repeat","background-position":"center center","background-size":"auto","background-attachment":"scroll","background-type":"","background-media":"","overlay-type":"","overlay-color":"","overlay-opacity":"","overlay-gradient":""},"mobile":{"background-color":"var(--ast-global-color-5)","background-image":"","background-repeat":"repeat","background-position":"center center","background-size":"auto","background-attachment":"scroll","background-type":"","background-media":"","overlay-type":"","overlay-color":"","overlay-opacity":"","overlay-gradient":""}},"footnotes":""},"class_list":["post-516","page","type-page","status-publish","has-post-thumbnail","hentry"],"yoast_head":"<!-- This site is optimized with the Yoast SEO plugin v24.6 - https:\/\/yoast.com\/wordpress\/plugins\/seo\/ -->\n<title>Datenschutz - Maltex Global DE<\/title>\n<meta name=\"robots\" content=\"index, follow, max-snippet:-1, max-image-preview:large, max-video-preview:-1\" \/>\n<link rel=\"canonical\" href=\"https:\/\/maltex-global.com\/de\/datenschutz\/\" \/>\n<meta property=\"og:locale\" content=\"en_US\" \/>\n<meta property=\"og:type\" content=\"article\" \/>\n<meta property=\"og:title\" content=\"Datenschutz - Maltex Global DE\" \/>\n<meta property=\"og:description\" content=\"Unsere Datenschutzrichtlinie Diese Datenschutzerkl\u00e4rung informiert allgemein \u00fcber die Verarbeitung personenbezogener Daten, wenn Sie unsere Website besuchen und\/oder unsere Verwaltungsdienste dar\u00fcber [&hellip;]\" \/>\n<meta property=\"og:url\" content=\"https:\/\/maltex-global.com\/de\/datenschutz\/\" \/>\n<meta property=\"og:site_name\" content=\"Maltex Global DE\" \/>\n<meta property=\"article:modified_time\" content=\"2025-09-20T13:46:55+00:00\" \/>\n<meta property=\"og:image\" content=\"https:\/\/maltex-global.com\/de\/wp-content\/uploads\/sites\/2\/2024\/06\/under-construction.jpg\" \/>\n\t<meta property=\"og:image:width\" content=\"1500\" \/>\n\t<meta property=\"og:image:height\" content=\"1001\" \/>\n\t<meta property=\"og:image:type\" content=\"image\/jpeg\" \/>\n<meta name=\"twitter:card\" content=\"summary_large_image\" \/>\n<meta name=\"twitter:label1\" content=\"Est. reading time\" \/>\n\t<meta name=\"twitter:data1\" content=\"6 minutes\" \/>\n<script type=\"application\/ld+json\" class=\"yoast-schema-graph\">{\"@context\":\"https:\/\/schema.org\",\"@graph\":[{\"@type\":\"WebPage\",\"@id\":\"https:\/\/maltex-global.com\/de\/datenschutz\/\",\"url\":\"https:\/\/maltex-global.com\/de\/datenschutz\/\",\"name\":\"Datenschutz - Maltex Global DE\",\"isPartOf\":{\"@id\":\"https:\/\/maltex-global.com\/de\/#website\"},\"primaryImageOfPage\":{\"@id\":\"https:\/\/maltex-global.com\/de\/datenschutz\/#primaryimage\"},\"image\":{\"@id\":\"https:\/\/maltex-global.com\/de\/datenschutz\/#primaryimage\"},\"thumbnailUrl\":\"https:\/\/maltex-global.com\/de\/wp-content\/uploads\/sites\/2\/2024\/06\/under-construction.jpg\",\"datePublished\":\"2024-06-18T07:04:36+00:00\",\"dateModified\":\"2025-09-20T13:46:55+00:00\",\"breadcrumb\":{\"@id\":\"https:\/\/maltex-global.com\/de\/datenschutz\/#breadcrumb\"},\"inLanguage\":\"en-US\",\"potentialAction\":[{\"@type\":\"ReadAction\",\"target\":[\"https:\/\/maltex-global.com\/de\/datenschutz\/\"]}]},{\"@type\":\"ImageObject\",\"inLanguage\":\"en-US\",\"@id\":\"https:\/\/maltex-global.com\/de\/datenschutz\/#primaryimage\",\"url\":\"https:\/\/maltex-global.com\/de\/wp-content\/uploads\/sites\/2\/2024\/06\/under-construction.jpg\",\"contentUrl\":\"https:\/\/maltex-global.com\/de\/wp-content\/uploads\/sites\/2\/2024\/06\/under-construction.jpg\",\"width\":1500,\"height\":1001},{\"@type\":\"BreadcrumbList\",\"@id\":\"https:\/\/maltex-global.com\/de\/datenschutz\/#breadcrumb\",\"itemListElement\":[{\"@type\":\"ListItem\",\"position\":1,\"name\":\"Startseite\",\"item\":\"https:\/\/maltex-global.com\/de\/\"},{\"@type\":\"ListItem\",\"position\":2,\"name\":\"Datenschutz\"}]},{\"@type\":\"WebSite\",\"@id\":\"https:\/\/maltex-global.com\/de\/#website\",\"url\":\"https:\/\/maltex-global.com\/de\/\",\"name\":\"Maltex Global DE\",\"description\":\"Ihre Quelle f\u00fcr Qualit\u00e4tsprodukte\",\"publisher\":{\"@id\":\"https:\/\/maltex-global.com\/de\/#organization\"},\"potentialAction\":[{\"@type\":\"SearchAction\",\"target\":{\"@type\":\"EntryPoint\",\"urlTemplate\":\"https:\/\/maltex-global.com\/de\/?s={search_term_string}\"},\"query-input\":{\"@type\":\"PropertyValueSpecification\",\"valueRequired\":true,\"valueName\":\"search_term_string\"}}],\"inLanguage\":\"en-US\"},{\"@type\":\"Organization\",\"@id\":\"https:\/\/maltex-global.com\/de\/#organization\",\"name\":\"Maltex Global DE\",\"url\":\"https:\/\/maltex-global.com\/de\/\",\"logo\":{\"@type\":\"ImageObject\",\"inLanguage\":\"en-US\",\"@id\":\"https:\/\/maltex-global.com\/de\/#\/schema\/logo\/image\/\",\"url\":\"https:\/\/maltex-global.com\/de\/wp-content\/uploads\/sites\/2\/2024\/06\/logo_maltex.svg\",\"contentUrl\":\"https:\/\/maltex-global.com\/de\/wp-content\/uploads\/sites\/2\/2024\/06\/logo_maltex.svg\",\"width\":1029,\"height\":229,\"caption\":\"Maltex Global DE\"},\"image\":{\"@id\":\"https:\/\/maltex-global.com\/de\/#\/schema\/logo\/image\/\"}}]}<\/script>\n<!-- \/ Yoast SEO plugin. -->","yoast_head_json":{"title":"Datenschutz - Maltex Global DE","robots":{"index":"index","follow":"follow","max-snippet":"max-snippet:-1","max-image-preview":"max-image-preview:large","max-video-preview":"max-video-preview:-1"},"canonical":"https:\/\/maltex-global.com\/de\/datenschutz\/","og_locale":"en_US","og_type":"article","og_title":"Datenschutz - Maltex Global DE","og_description":"Unsere Datenschutzrichtlinie Diese Datenschutzerkl\u00e4rung informiert allgemein \u00fcber die Verarbeitung personenbezogener Daten, wenn Sie unsere Website besuchen und\/oder unsere Verwaltungsdienste dar\u00fcber [&hellip;]","og_url":"https:\/\/maltex-global.com\/de\/datenschutz\/","og_site_name":"Maltex Global DE","article_modified_time":"2025-09-20T13:46:55+00:00","og_image":[{"width":1500,"height":1001,"url":"https:\/\/maltex-global.com\/de\/wp-content\/uploads\/sites\/2\/2024\/06\/under-construction.jpg","type":"image\/jpeg"}],"twitter_card":"summary_large_image","twitter_misc":{"Est. reading time":"6 minutes"},"schema":{"@context":"https:\/\/schema.org","@graph":[{"@type":"WebPage","@id":"https:\/\/maltex-global.com\/de\/datenschutz\/","url":"https:\/\/maltex-global.com\/de\/datenschutz\/","name":"Datenschutz - Maltex Global DE","isPartOf":{"@id":"https:\/\/maltex-global.com\/de\/#website"},"primaryImageOfPage":{"@id":"https:\/\/maltex-global.com\/de\/datenschutz\/#primaryimage"},"image":{"@id":"https:\/\/maltex-global.com\/de\/datenschutz\/#primaryimage"},"thumbnailUrl":"https:\/\/maltex-global.com\/de\/wp-content\/uploads\/sites\/2\/2024\/06\/under-construction.jpg","datePublished":"2024-06-18T07:04:36+00:00","dateModified":"2025-09-20T13:46:55+00:00","breadcrumb":{"@id":"https:\/\/maltex-global.com\/de\/datenschutz\/#breadcrumb"},"inLanguage":"en-US","potentialAction":[{"@type":"ReadAction","target":["https:\/\/maltex-global.com\/de\/datenschutz\/"]}]},{"@type":"ImageObject","inLanguage":"en-US","@id":"https:\/\/maltex-global.com\/de\/datenschutz\/#primaryimage","url":"https:\/\/maltex-global.com\/de\/wp-content\/uploads\/sites\/2\/2024\/06\/under-construction.jpg","contentUrl":"https:\/\/maltex-global.com\/de\/wp-content\/uploads\/sites\/2\/2024\/06\/under-construction.jpg","width":1500,"height":1001},{"@type":"BreadcrumbList","@id":"https:\/\/maltex-global.com\/de\/datenschutz\/#breadcrumb","itemListElement":[{"@type":"ListItem","position":1,"name":"Startseite","item":"https:\/\/maltex-global.com\/de\/"},{"@type":"ListItem","position":2,"name":"Datenschutz"}]},{"@type":"WebSite","@id":"https:\/\/maltex-global.com\/de\/#website","url":"https:\/\/maltex-global.com\/de\/","name":"Maltex Global DE","description":"Ihre Quelle f\u00fcr Qualit\u00e4tsprodukte","publisher":{"@id":"https:\/\/maltex-global.com\/de\/#organization"},"potentialAction":[{"@type":"SearchAction","target":{"@type":"EntryPoint","urlTemplate":"https:\/\/maltex-global.com\/de\/?s={search_term_string}"},"query-input":{"@type":"PropertyValueSpecification","valueRequired":true,"valueName":"search_term_string"}}],"inLanguage":"en-US"},{"@type":"Organization","@id":"https:\/\/maltex-global.com\/de\/#organization","name":"Maltex Global DE","url":"https:\/\/maltex-global.com\/de\/","logo":{"@type":"ImageObject","inLanguage":"en-US","@id":"https:\/\/maltex-global.com\/de\/#\/schema\/logo\/image\/","url":"https:\/\/maltex-global.com\/de\/wp-content\/uploads\/sites\/2\/2024\/06\/logo_maltex.svg","contentUrl":"https:\/\/maltex-global.com\/de\/wp-content\/uploads\/sites\/2\/2024\/06\/logo_maltex.svg","width":1029,"height":229,"caption":"Maltex Global DE"},"image":{"@id":"https:\/\/maltex-global.com\/de\/#\/schema\/logo\/image\/"}}]}},"_links":{"self":[{"href":"https:\/\/maltex-global.com\/de\/wp-json\/wp\/v2\/pages\/516","targetHints":{"allow":["GET"]}}],"collection":[{"href":"https:\/\/maltex-global.com\/de\/wp-json\/wp\/v2\/pages"}],"about":[{"href":"https:\/\/maltex-global.com\/de\/wp-json\/wp\/v2\/types\/page"}],"author":[{"embeddable":true,"href":"https:\/\/maltex-global.com\/de\/wp-json\/wp\/v2\/users\/1"}],"replies":[{"embeddable":true,"href":"https:\/\/maltex-global.com\/de\/wp-json\/wp\/v2\/comments?post=516"}],"version-history":[{"count":41,"href":"https:\/\/maltex-global.com\/de\/wp-json\/wp\/v2\/pages\/516\/revisions"}],"predecessor-version":[{"id":1840,"href":"https:\/\/maltex-global.com\/de\/wp-json\/wp\/v2\/pages\/516\/revisions\/1840"}],"wp:featuredmedia":[{"embeddable":true,"href":"https:\/\/maltex-global.com\/de\/wp-json\/wp\/v2\/media\/288"}],"wp:attachment":[{"href":"https:\/\/maltex-global.com\/de\/wp-json\/wp\/v2\/media?parent=516"}],"curies":[{"name":"wp","href":"https:\/\/api.w.org\/{rel}","templated":true}]}}